{"id":9430,"date":"2026-05-13T10:38:11","date_gmt":"2026-05-13T08:38:11","guid":{"rendered":"https:\/\/nautagroup.com\/iso-27001-securite-de-linformation\/"},"modified":"2026-05-13T13:38:10","modified_gmt":"2026-05-13T11:38:10","slug":"iso-27001-securite-de-linformation","status":"publish","type":"page","link":"https:\/\/nautagroup.com\/fr\/iso-27001-securite-de-linformation\/","title":{"rendered":"ISO 27001 | S\u00e9curit\u00e9 de l&rsquo;information"},"content":{"rendered":"<p><div class=\"fusion-fullwidth fullwidth-box fusion-builder-row-1 fusion-flex-container has-pattern-background has-mask-background nonhundred-percent-fullwidth non-hundred-percent-height-scrolling\" style=\"--awb-border-radius-top-left:0px;--awb-border-radius-top-right:0px;--awb-border-radius-bottom-right:0px;--awb-border-radius-bottom-left:0px;--awb-margin-top:60px;--awb-flex-wrap:wrap;\" ><div class=\"fusion-builder-row fusion-row fusion-flex-align-items-center fusion-flex-content-wrap\" style=\"max-width:1040px;margin-left: calc(-4% \/ 2 );margin-right: calc(-4% \/ 2 );\"><div class=\"fusion-layout-column fusion_builder_column fusion-builder-column-0 fusion_builder_column_3_4 3_4 fusion-flex-column\" style=\"--awb-bg-size:cover;--awb-width-large:75%;--awb-margin-top-large:0px;--awb-spacing-right-large:0%;--awb-margin-bottom-large:0px;--awb-spacing-left-large:0%;--awb-width-medium:75%;--awb-order-medium:0;--awb-spacing-right-medium:0%;--awb-spacing-left-medium:0%;--awb-width-small:100%;--awb-order-small:0;--awb-spacing-right-small:1.92%;--awb-spacing-left-small:1.92%;\"><div class=\"fusion-column-wrapper fusion-column-has-shadow fusion-flex-justify-content-flex-start fusion-content-layout-column\"><div class=\"fusion-text fusion-text-1\" style=\"--awb-font-size:1.25rem;--awb-text-font-family:&quot;Roboto&quot;;--awb-text-font-style:normal;--awb-text-font-weight:400;\"><p>Dans un monde o\u00f9 de plus en plus d\u2019informations sont trait\u00e9es num\u00e9riquement, la protection des donn\u00e9es est essentielle. Nos clients et partenaires doivent pouvoir avoir la certitude que leurs informations sont en s\u00e9curit\u00e9.  <\/p>\n<\/p>\n<p>Gr\u00e2ce \u00e0 notre certification ISO 27001, nous veillons \u00e0 g\u00e9rer et \u00e0 prot\u00e9ger les informations de mani\u00e8re structur\u00e9e et s\u00e9curis\u00e9e. <\/p>\n<\/div><\/div><\/div><div class=\"fusion-layout-column fusion_builder_column fusion-builder-column-1 fusion_builder_column_1_4 1_4 fusion-flex-column\" style=\"--awb-bg-size:cover;--awb-width-large:25%;--awb-margin-top-large:0px;--awb-spacing-right-large:0%;--awb-margin-bottom-large:0px;--awb-spacing-left-large:0%;--awb-width-medium:25%;--awb-order-medium:0;--awb-spacing-right-medium:0%;--awb-spacing-left-medium:0%;--awb-width-small:100%;--awb-order-small:0;--awb-spacing-right-small:1.92%;--awb-spacing-left-small:1.92%;\"><div class=\"fusion-column-wrapper fusion-column-has-shadow fusion-flex-justify-content-flex-start fusion-content-layout-column\"><div class=\"fusion-image-element \" style=\"text-align:right;--awb-max-width:150px;--awb-caption-title-font-family:var(--h2_typography-font-family);--awb-caption-title-font-weight:var(--h2_typography-font-weight);--awb-caption-title-font-style:var(--h2_typography-font-style);--awb-caption-title-size:var(--h2_typography-font-size);--awb-caption-title-transform:var(--h2_typography-text-transform);--awb-caption-title-line-height:var(--h2_typography-line-height);--awb-caption-title-letter-spacing:var(--h2_typography-letter-spacing);\"><span class=\" fusion-imageframe imageframe-none imageframe-1 hover-type-none\"><img decoding=\"async\" width=\"227\" height=\"255\" title=\"Kiwa ISO_27001_NL\" src=\"https:\/\/nautagroup.com\/wp-content\/uploads\/2026\/05\/Kiwa-ISO_27001_NL.webp\" alt class=\"img-responsive wp-image-9293\" srcset=\"https:\/\/nautagroup.com\/wp-content\/uploads\/2026\/05\/Kiwa-ISO_27001_NL-200x225.webp 200w, https:\/\/nautagroup.com\/wp-content\/uploads\/2026\/05\/Kiwa-ISO_27001_NL.webp 227w\" sizes=\"(max-width: 640px) 100vw, 227px\" \/><\/span><\/div><\/div><\/div><\/div><\/div><div class=\"fusion-fullwidth fullwidth-box fusion-builder-row-2 fusion-flex-container has-pattern-background has-mask-background nonhundred-percent-fullwidth non-hundred-percent-height-scrolling\" style=\"--awb-border-radius-top-left:0px;--awb-border-radius-top-right:0px;--awb-border-radius-bottom-right:0px;--awb-border-radius-bottom-left:0px;--awb-padding-top:0px;--awb-margin-top:60px;--awb-background-color:var(--awb-color7);--awb-flex-wrap:wrap;\" id=\"onze-bedrijfsvoering\" ><div class=\"fusion-builder-row fusion-row fusion-flex-align-items-center fusion-flex-content-wrap\" style=\"max-width:1040px;margin-left: calc(-4% \/ 2 );margin-right: calc(-4% \/ 2 );\"><div class=\"fusion-layout-column fusion_builder_column fusion-builder-column-2 fusion_builder_column_1_2 1_2 fusion-flex-column\" style=\"--awb-bg-size:cover;--awb-width-large:50%;--awb-margin-top-large:0px;--awb-spacing-right-large:3.84%;--awb-margin-bottom-large:0px;--awb-spacing-left-large:0%;--awb-width-medium:50%;--awb-order-medium:0;--awb-spacing-right-medium:3.84%;--awb-spacing-left-medium:0%;--awb-width-small:100%;--awb-order-small:0;--awb-margin-top-small:60px;--awb-spacing-right-small:1.92%;--awb-spacing-left-small:1.92%;\"><div class=\"fusion-column-wrapper fusion-column-has-shadow fusion-flex-justify-content-flex-start fusion-content-layout-column\"><div class=\"fusion-title title fusion-title-1 fusion-sep-none fusion-title-text fusion-title-size-three\" style=\"--awb-text-color:var(--awb-color5);\"><h3 class=\"fusion-title-heading title-heading-left\" style=\"margin:0;\">Wat houdt ISO 27001 in?<\/h3><\/div><div class=\"fusion-text fusion-text-2\" style=\"--awb-text-color:var(--awb-color8);\"><p>L\u2019ISO 27001 est la norme internationale en mati\u00e8re de s\u00e9curit\u00e9 de l\u2019information. Cette norme aide les organisations \u00e0 identifier, ma\u00eetriser et am\u00e9liorer en continu les risques li\u00e9s aux donn\u00e9es et aux informations.  <\/p>\n<p>Pour Nauta Group, cela signifie que nous organisons notre s\u00e9curit\u00e9 de l\u2019information de mani\u00e8re structur\u00e9e et planifi\u00e9e. Nous identifions les risques, mettons en place des mesures appropri\u00e9es et v\u00e9rifions r\u00e9guli\u00e8rement si celles-ci restent efficaces. Cela nous permet de garder le contr\u00f4le de nos processus et de respecter les lois et r\u00e9glementations applicables.   <\/p>\n<ul>\n<\/ul>\n<\/div><\/div><\/div><div class=\"fusion-layout-column fusion_builder_column fusion-builder-column-3 fusion_builder_column_1_2 1_2 fusion-flex-column\" style=\"--awb-bg-size:cover;--awb-width-large:50%;--awb-margin-top-large:-30px;--awb-spacing-right-large:0%;--awb-margin-bottom-large:0px;--awb-spacing-left-large:3.84%;--awb-width-medium:50%;--awb-order-medium:0;--awb-spacing-right-medium:0%;--awb-spacing-left-medium:3.84%;--awb-width-small:100%;--awb-order-small:0;--awb-spacing-right-small:1.92%;--awb-spacing-left-small:1.92%;\"><div class=\"fusion-column-wrapper fusion-column-has-shadow fusion-flex-justify-content-flex-start fusion-content-layout-column\"><div class=\"fusion-image-element \" style=\"--awb-aspect-ratio:1 \/ 1;--awb-margin-bottom:-30px;--awb-caption-title-font-family:var(--h2_typography-font-family);--awb-caption-title-font-weight:var(--h2_typography-font-weight);--awb-caption-title-font-style:var(--h2_typography-font-style);--awb-caption-title-size:var(--h2_typography-font-size);--awb-caption-title-transform:var(--h2_typography-text-transform);--awb-caption-title-line-height:var(--h2_typography-line-height);--awb-caption-title-letter-spacing:var(--h2_typography-letter-spacing);\"><span class=\" fusion-imageframe imageframe-none imageframe-2 hover-type-none has-aspect-ratio\"><img decoding=\"async\" width=\"1370\" height=\"913\" title=\"Nauta-training-security-manager-2\" src=\"https:\/\/nautagroup.com\/wp-content\/uploads\/2026\/05\/Nauta-training-security-manager-2.jpg\" class=\"img-responsive wp-image-9269 img-with-aspect-ratio\" data-parent-fit=\"cover\" data-parent-container=\".fusion-image-element\" alt srcset=\"https:\/\/nautagroup.com\/wp-content\/uploads\/2026\/05\/Nauta-training-security-manager-2-200x133.jpg 200w, https:\/\/nautagroup.com\/wp-content\/uploads\/2026\/05\/Nauta-training-security-manager-2-400x267.jpg 400w, https:\/\/nautagroup.com\/wp-content\/uploads\/2026\/05\/Nauta-training-security-manager-2-600x400.jpg 600w, https:\/\/nautagroup.com\/wp-content\/uploads\/2026\/05\/Nauta-training-security-manager-2-800x533.jpg 800w, https:\/\/nautagroup.com\/wp-content\/uploads\/2026\/05\/Nauta-training-security-manager-2-1200x800.jpg 1200w, https:\/\/nautagroup.com\/wp-content\/uploads\/2026\/05\/Nauta-training-security-manager-2.jpg 1370w\" sizes=\"(max-width: 640px) 100vw, 600px\" \/><\/span><\/div><\/div><\/div><\/div><\/div><div class=\"fusion-fullwidth fullwidth-box fusion-builder-row-3 fusion-flex-container has-pattern-background has-mask-background nonhundred-percent-fullwidth non-hundred-percent-height-scrolling\" style=\"--awb-border-radius-top-left:0px;--awb-border-radius-top-right:0px;--awb-border-radius-bottom-right:0px;--awb-border-radius-bottom-left:0px;--awb-margin-top:60px;--awb-flex-wrap:wrap;\" ><div class=\"fusion-builder-row fusion-row fusion-flex-align-items-flex-start fusion-flex-content-wrap\" style=\"max-width:1040px;margin-left: calc(-4% \/ 2 );margin-right: calc(-4% \/ 2 );\"><div class=\"fusion-layout-column fusion_builder_column fusion-builder-column-4 fusion_builder_column_2_3 2_3 fusion-flex-column\" style=\"--awb-bg-size:cover;--awb-width-large:66.666666666667%;--awb-margin-top-large:0px;--awb-spacing-right-large:0%;--awb-margin-bottom-large:0px;--awb-spacing-left-large:0%;--awb-width-medium:66.666666666667%;--awb-order-medium:0;--awb-spacing-right-medium:0%;--awb-spacing-left-medium:0%;--awb-width-small:100%;--awb-order-small:0;--awb-spacing-right-small:1.92%;--awb-spacing-left-small:1.92%;\"><div class=\"fusion-column-wrapper fusion-column-has-shadow fusion-flex-justify-content-flex-start fusion-content-layout-column\"><div class=\"fusion-text fusion-text-3\" style=\"--awb-font-size:1.25rem;--awb-text-font-family:&quot;Roboto&quot;;--awb-text-font-style:normal;--awb-text-font-weight:400;\"><\/div><div class=\"fusion-title title fusion-title-2 fusion-sep-none fusion-title-text fusion-title-size-three\" style=\"--awb-text-color:var(--awb-color5);\"><h3 class=\"fusion-title-heading title-heading-left\" style=\"margin:0;\"><p style=\"text-align: left;\">Notre m\u00e9thode de travail<\/p><\/h3><\/div><div class=\"fusion-text fusion-text-4\" style=\"--awb-text-color:var(--awb-color8);\"><p>L\u2019ISO 27001 constitue la base de notre approche en mati\u00e8re de s\u00e9curit\u00e9 de l\u2019information. Nous travaillons avec des proc\u00e9dures claires et mettons en place des mesures structurelles afin de r\u00e9duire les risques. <\/p>\n<p>Concr\u00e8tement, cela signifie que nous :<\/p>\n<ul>\n<li>S\u00e9curisons efficacement nos syst\u00e8mes et nos donn\u00e9es<\/li>\n<li>Limitons l\u2019acc\u00e8s aux informations aux seules personnes autoris\u00e9es<\/li>\n<li>Effectuons des contr\u00f4les et des v\u00e9rifications r\u00e9guliers<\/li>\n<li>Aidons nos collaborateurs \u00e0 g\u00e9rer les informations de mani\u00e8re consciente et s\u00e9curis\u00e9e dans leur travail quotidien<\/li>\n<\/ul>\n<p>Gr\u00e2ce \u00e0 cette approche, les informations restent fiables, accessibles et parfaitement prot\u00e9g\u00e9es.<\/p>\n<\/div><\/div><\/div><\/div><\/div><div class=\"fusion-fullwidth fullwidth-box fusion-builder-row-4 fusion-flex-container has-pattern-background has-mask-background nonhundred-percent-fullwidth non-hundred-percent-height-scrolling\" style=\"--awb-border-radius-top-left:0px;--awb-border-radius-top-right:0px;--awb-border-radius-bottom-right:0px;--awb-border-radius-bottom-left:0px;--awb-padding-top:0%;--awb-margin-top:60px;--awb-margin-bottom:80px;--awb-background-color:var(--awb-color7);--awb-flex-wrap:wrap;\" id=\"onze-producten-en-partners\" ><div class=\"fusion-builder-row fusion-row fusion-flex-align-items-center fusion-flex-content-wrap\" style=\"max-width:1040px;margin-left: calc(-4% \/ 2 );margin-right: calc(-4% \/ 2 );\"><div class=\"fusion-layout-column fusion_builder_column fusion-builder-column-5 fusion_builder_column_1_2 1_2 fusion-flex-column\" style=\"--awb-bg-size:cover;--awb-width-large:50%;--awb-margin-top-large:-30px;--awb-spacing-right-large:4.032%;--awb-margin-bottom-large:0px;--awb-spacing-left-large:0%;--awb-width-medium:50%;--awb-order-medium:0;--awb-spacing-right-medium:4.032%;--awb-spacing-left-medium:0%;--awb-width-small:100%;--awb-order-small:0;--awb-spacing-right-small:1.92%;--awb-spacing-left-small:1.92%;\"><div class=\"fusion-column-wrapper fusion-column-has-shadow fusion-flex-justify-content-flex-start fusion-content-layout-column\"><div class=\"fusion-image-element \" style=\"--awb-aspect-ratio:1 \/ 1;--awb-margin-bottom:-30px;--awb-caption-title-font-family:var(--h2_typography-font-family);--awb-caption-title-font-weight:var(--h2_typography-font-weight);--awb-caption-title-font-style:var(--h2_typography-font-style);--awb-caption-title-size:var(--h2_typography-font-size);--awb-caption-title-transform:var(--h2_typography-text-transform);--awb-caption-title-line-height:var(--h2_typography-line-height);--awb-caption-title-letter-spacing:var(--h2_typography-letter-spacing);\"><span class=\" fusion-imageframe imageframe-none imageframe-3 hover-type-none has-aspect-ratio\"><img decoding=\"async\" width=\"1000\" height=\"1000\" title=\"Nauta-Samenwerken-Partner\" src=\"https:\/\/nautagroup.com\/wp-content\/uploads\/2026\/05\/Nauta-Samenwerken-Partner-1.jpg\" class=\"img-responsive wp-image-9249 img-with-aspect-ratio\" data-parent-fit=\"cover\" data-parent-container=\".fusion-image-element\" alt srcset=\"https:\/\/nautagroup.com\/wp-content\/uploads\/2026\/05\/Nauta-Samenwerken-Partner-1-200x200.jpg 200w, https:\/\/nautagroup.com\/wp-content\/uploads\/2026\/05\/Nauta-Samenwerken-Partner-1-400x400.jpg 400w, https:\/\/nautagroup.com\/wp-content\/uploads\/2026\/05\/Nauta-Samenwerken-Partner-1-600x600.jpg 600w, https:\/\/nautagroup.com\/wp-content\/uploads\/2026\/05\/Nauta-Samenwerken-Partner-1-800x800.jpg 800w, https:\/\/nautagroup.com\/wp-content\/uploads\/2026\/05\/Nauta-Samenwerken-Partner-1.jpg 1000w\" sizes=\"(max-width: 640px) 100vw, 600px\" \/><\/span><\/div><\/div><\/div><div class=\"fusion-layout-column fusion_builder_column fusion-builder-column-6 fusion_builder_column_1_2 1_2 fusion-flex-column\" style=\"--awb-bg-size:cover;--awb-width-large:50%;--awb-margin-top-large:0px;--awb-spacing-right-large:0%;--awb-margin-bottom-large:0px;--awb-spacing-left-large:3.84%;--awb-width-medium:50%;--awb-order-medium:0;--awb-spacing-right-medium:0%;--awb-spacing-left-medium:3.84%;--awb-width-small:100%;--awb-order-small:0;--awb-spacing-right-small:1.92%;--awb-spacing-left-small:1.92%;\"><div class=\"fusion-column-wrapper fusion-column-has-shadow fusion-flex-justify-content-flex-start fusion-content-layout-column\"><div class=\"fusion-text fusion-text-5\" style=\"--awb-font-size:1.25rem;--awb-text-font-family:&quot;Roboto&quot;;--awb-text-font-style:normal;--awb-text-font-weight:400;\"><\/div><div class=\"fusion-title title fusion-title-3 fusion-sep-none fusion-title-text fusion-title-size-three\" style=\"--awb-text-color:var(--awb-color5);\"><h3 class=\"fusion-title-heading title-heading-left\" style=\"margin:0;\">Qu\u2019est-ce que cela signifie concr\u00e8tement ?<\/h3><\/div><div class=\"fusion-text fusion-text-6\" style=\"--awb-text-color:var(--awb-color8);\"><p><span data-contrast=\"auto\">Notre m\u00e9thode de travail garantit une gestion s\u00e9curis\u00e9e et rigoureuse des informations. Vos donn\u00e9es sont trait\u00e9es et stock\u00e9es en toute s\u00e9curit\u00e9, et nous identifions ainsi que limitons les risques en temps utile. <\/p>\n<p><span data-contrast=\"auto\">La s\u00e9curit\u00e9 de l\u2019information constitue un \u00e9l\u00e9ment essentiel d\u2019une collaboration fiable. Avec l\u2019ISO 27001, nous d\u00e9montrons que nous avons int\u00e9gr\u00e9 cette approche de mani\u00e8re structurelle au sein de notre organisation et que nous poursuivons son am\u00e9lioration continue. &nbsp;<\/span><span data-ccp-props=\"{\">&nbsp;<\/span><\/p>\n<p><span data-contrast=\"auto\">Ainsi, nous cr\u00e9ons une base s\u00fbre pour notre collaboration, aujourd\u2019hui comme \u00e0 l\u2019avenir.&nbsp;<\/span><span data-ccp-props=\"{\">&nbsp;<\/span><\/span><\/p>\n<\/div><div ><a class=\"fusion-button button-flat fusion-button-default-size button-default fusion-button-default button-1 fusion-button-default-span fusion-button-default-type\" style=\"--button-border-radius-top-left:100px;--button-border-radius-top-right:100px;--button-border-radius-bottom-right:100px;--button-border-radius-bottom-left:100px;\" target=\"_blank\" rel=\"noopener noreferrer\" href=\"https:\/\/nautagroup.com\/wp-content\/uploads\/2026\/05\/K-0229072-1-c-Nauta-Group-B.V.-ISO-27001.pdf\"><span class=\"fusion-button-text awb-button__text awb-button__text--default\">T\u00e9l\u00e9charger le certificat ISO 27001<\/span><\/a><\/div><\/div><\/div><\/div><\/div><\/p>\n","protected":false},"excerpt":{"rendered":"","protected":false},"author":6964,"featured_media":9471,"parent":0,"menu_order":0,"comment_status":"closed","ping_status":"closed","template":"100-width.php","meta":{"_acf_changed":false,"footnotes":""},"class_list":["post-9430","page","type-page","status-publish","has-post-thumbnail","hentry"],"acf":[],"_links":{"self":[{"href":"https:\/\/nautagroup.com\/fr\/wp-json\/wp\/v2\/pages\/9430","targetHints":{"allow":["GET"]}}],"collection":[{"href":"https:\/\/nautagroup.com\/fr\/wp-json\/wp\/v2\/pages"}],"about":[{"href":"https:\/\/nautagroup.com\/fr\/wp-json\/wp\/v2\/types\/page"}],"author":[{"embeddable":true,"href":"https:\/\/nautagroup.com\/fr\/wp-json\/wp\/v2\/users\/6964"}],"replies":[{"embeddable":true,"href":"https:\/\/nautagroup.com\/fr\/wp-json\/wp\/v2\/comments?post=9430"}],"version-history":[{"count":3,"href":"https:\/\/nautagroup.com\/fr\/wp-json\/wp\/v2\/pages\/9430\/revisions"}],"predecessor-version":[{"id":9433,"href":"https:\/\/nautagroup.com\/fr\/wp-json\/wp\/v2\/pages\/9430\/revisions\/9433"}],"wp:featuredmedia":[{"embeddable":true,"href":"https:\/\/nautagroup.com\/fr\/wp-json\/wp\/v2\/media\/9471"}],"wp:attachment":[{"href":"https:\/\/nautagroup.com\/fr\/wp-json\/wp\/v2\/media?parent=9430"}],"curies":[{"name":"wp","href":"https:\/\/api.w.org\/{rel}","templated":true}]}}