{"id":9426,"date":"2026-05-13T10:38:04","date_gmt":"2026-05-13T08:38:04","guid":{"rendered":"https:\/\/nautagroup.com\/iso-14001-management-environnemental\/"},"modified":"2026-05-13T13:48:53","modified_gmt":"2026-05-13T11:48:53","slug":"iso-14001-management-environnemental","status":"publish","type":"page","link":"https:\/\/nautagroup.com\/fr\/iso-14001-management-environnemental\/","title":{"rendered":"ISO 14001 | Management environnemental"},"content":{"rendered":"<p><div class=\"fusion-fullwidth fullwidth-box fusion-builder-row-1 fusion-flex-container has-pattern-background has-mask-background nonhundred-percent-fullwidth non-hundred-percent-height-scrolling\" style=\"--awb-border-radius-top-left:0px;--awb-border-radius-top-right:0px;--awb-border-radius-bottom-right:0px;--awb-border-radius-bottom-left:0px;--awb-margin-top:60px;--awb-flex-wrap:wrap;\" ><div class=\"fusion-builder-row fusion-row fusion-flex-align-items-center fusion-flex-content-wrap\" style=\"max-width:1040px;margin-left: calc(-4% \/ 2 );margin-right: calc(-4% \/ 2 );\"><div class=\"fusion-layout-column fusion_builder_column fusion-builder-column-0 fusion_builder_column_3_4 3_4 fusion-flex-column\" style=\"--awb-bg-size:cover;--awb-width-large:75%;--awb-margin-top-large:0px;--awb-spacing-right-large:0%;--awb-margin-bottom-large:0px;--awb-spacing-left-large:0%;--awb-width-medium:75%;--awb-order-medium:0;--awb-spacing-right-medium:0%;--awb-spacing-left-medium:0%;--awb-width-small:100%;--awb-order-small:0;--awb-spacing-right-small:1.92%;--awb-spacing-left-small:1.92%;\"><div class=\"fusion-column-wrapper fusion-column-has-shadow fusion-flex-justify-content-flex-start fusion-content-layout-column\"><div class=\"fusion-text fusion-text-1\" style=\"--awb-font-size:1.25rem;--awb-text-font-family:&quot;Roboto&quot;;--awb-text-font-style:normal;--awb-text-font-weight:400;\"><p>Chez Nauta Group, nous travaillons en permanence \u00e0 l\u2019am\u00e9lioration de nos activit\u00e9s op\u00e9rationnelles. Nous organisons nos processus de mani\u00e8re \u00e0 pouvoir travailler de fa\u00e7on efficace, durable et tourn\u00e9e vers l\u2019avenir. Gr\u00e2ce \u00e0 notre certification ISO 14001, nous \u0153uvrons de mani\u00e8re structurelle \u00e0 l\u2019am\u00e9lioration de nos performances environnementales.  <\/p>\n<\/div><\/div><\/div><div class=\"fusion-layout-column fusion_builder_column fusion-builder-column-1 fusion_builder_column_1_4 1_4 fusion-flex-column\" style=\"--awb-bg-size:cover;--awb-width-large:25%;--awb-margin-top-large:0px;--awb-spacing-right-large:0%;--awb-margin-bottom-large:0px;--awb-spacing-left-large:0%;--awb-width-medium:25%;--awb-order-medium:0;--awb-spacing-right-medium:0%;--awb-spacing-left-medium:0%;--awb-width-small:100%;--awb-order-small:0;--awb-spacing-right-small:1.92%;--awb-spacing-left-small:1.92%;\"><div class=\"fusion-column-wrapper fusion-column-has-shadow fusion-flex-justify-content-flex-start fusion-content-layout-column\"><div class=\"fusion-image-element \" style=\"text-align:right;--awb-max-width:150px;--awb-caption-title-font-family:var(--h2_typography-font-family);--awb-caption-title-font-weight:var(--h2_typography-font-weight);--awb-caption-title-font-style:var(--h2_typography-font-style);--awb-caption-title-size:var(--h2_typography-font-size);--awb-caption-title-transform:var(--h2_typography-text-transform);--awb-caption-title-line-height:var(--h2_typography-line-height);--awb-caption-title-letter-spacing:var(--h2_typography-letter-spacing);\"><span class=\" fusion-imageframe imageframe-none imageframe-1 hover-type-none\"><img decoding=\"async\" width=\"227\" height=\"255\" title=\"Kiwa ISO_14001_NL\" src=\"https:\/\/nautagroup.com\/wp-content\/uploads\/2026\/05\/Kiwa-ISO_14001_NL.webp\" alt class=\"img-responsive wp-image-9289\" srcset=\"https:\/\/nautagroup.com\/wp-content\/uploads\/2026\/05\/Kiwa-ISO_14001_NL-200x225.webp 200w, https:\/\/nautagroup.com\/wp-content\/uploads\/2026\/05\/Kiwa-ISO_14001_NL.webp 227w\" sizes=\"(max-width: 640px) 100vw, 227px\" \/><\/span><\/div><\/div><\/div><\/div><\/div><div class=\"fusion-fullwidth fullwidth-box fusion-builder-row-2 fusion-flex-container has-pattern-background has-mask-background nonhundred-percent-fullwidth non-hundred-percent-height-scrolling\" style=\"--awb-border-radius-top-left:0px;--awb-border-radius-top-right:0px;--awb-border-radius-bottom-right:0px;--awb-border-radius-bottom-left:0px;--awb-padding-top:0px;--awb-margin-top:60px;--awb-background-color:var(--awb-color7);--awb-flex-wrap:wrap;\" id=\"onze-bedrijfsvoering\" ><div class=\"fusion-builder-row fusion-row fusion-flex-align-items-center fusion-flex-content-wrap\" style=\"max-width:1040px;margin-left: calc(-4% \/ 2 );margin-right: calc(-4% \/ 2 );\"><div class=\"fusion-layout-column fusion_builder_column fusion-builder-column-2 fusion_builder_column_1_2 1_2 fusion-flex-column\" style=\"--awb-bg-size:cover;--awb-width-large:50%;--awb-margin-top-large:0px;--awb-spacing-right-large:3.84%;--awb-margin-bottom-large:0px;--awb-spacing-left-large:0%;--awb-width-medium:50%;--awb-order-medium:0;--awb-spacing-right-medium:3.84%;--awb-spacing-left-medium:0%;--awb-width-small:100%;--awb-order-small:0;--awb-margin-top-small:60px;--awb-spacing-right-small:1.92%;--awb-spacing-left-small:1.92%;\"><div class=\"fusion-column-wrapper fusion-column-has-shadow fusion-flex-justify-content-flex-start fusion-content-layout-column\"><div class=\"fusion-title title fusion-title-1 fusion-sep-none fusion-title-text fusion-title-size-three\" style=\"--awb-text-color:var(--awb-color5);\"><h3 class=\"fusion-title-heading title-heading-left\" style=\"margin:0;\">Que signifie l\u2019ISO 14001 ?<\/h3><\/div><div class=\"fusion-text fusion-text-2\" style=\"--awb-text-color:var(--awb-color8);\"><p>L\u2019ISO 14001 est la norme internationale en mati\u00e8re de management environnemental. Cette norme aide les organisations \u00e0 identifier leur impact sur l\u2019environnement et \u00e0 le r\u00e9duire. <\/p>\n<p>Cela signifie que nous :<\/p>\n<ul>\n<li>Identifions et \u00e9valuons les risques environnementaux<\/li>\n<li>D\u00e9finissons des objectifs clairs<\/li>\n<li>Prenons des mesures pour r\u00e9duire notre impact environnemental<\/li>\n<li>Respectons les lois et r\u00e9glementations applicables<\/li>\n<\/ul>\n<\/div><div ><a class=\"fusion-button button-flat fusion-button-default-size button-default fusion-button-default button-1 fusion-button-default-span fusion-button-default-type\" style=\"--button-border-radius-top-left:100px;--button-border-radius-top-right:100px;--button-border-radius-bottom-right:100px;--button-border-radius-bottom-left:100px;\" target=\"_blank\" rel=\"noopener noreferrer\" href=\"https:\/\/nautagroup.com\/wp-content\/uploads\/2026\/05\/K-0229071-1-c-Nauta-Group-B.V.-ISO-14001.pdf\"><span class=\"fusion-button-text awb-button__text awb-button__text--default\">T\u00e9l\u00e9charger le certificat ISO 14001<\/span><\/a><\/div><\/div><\/div><div class=\"fusion-layout-column fusion_builder_column fusion-builder-column-3 fusion_builder_column_1_2 1_2 fusion-flex-column\" style=\"--awb-bg-size:cover;--awb-width-large:50%;--awb-margin-top-large:-30px;--awb-spacing-right-large:0%;--awb-margin-bottom-large:0px;--awb-spacing-left-large:3.84%;--awb-width-medium:50%;--awb-order-medium:0;--awb-spacing-right-medium:0%;--awb-spacing-left-medium:3.84%;--awb-width-small:100%;--awb-order-small:0;--awb-spacing-right-small:1.92%;--awb-spacing-left-small:1.92%;\"><div class=\"fusion-column-wrapper fusion-column-has-shadow fusion-flex-justify-content-flex-start fusion-content-layout-column\"><div class=\"fusion-image-element \" style=\"--awb-aspect-ratio:1 \/ 1;--awb-margin-bottom:-30px;--awb-caption-title-font-family:var(--h2_typography-font-family);--awb-caption-title-font-weight:var(--h2_typography-font-weight);--awb-caption-title-font-style:var(--h2_typography-font-style);--awb-caption-title-size:var(--h2_typography-font-size);--awb-caption-title-transform:var(--h2_typography-text-transform);--awb-caption-title-line-height:var(--h2_typography-line-height);--awb-caption-title-letter-spacing:var(--h2_typography-letter-spacing);\"><span class=\" fusion-imageframe imageframe-none imageframe-2 hover-type-none has-aspect-ratio\"><img decoding=\"async\" width=\"1000\" height=\"1000\" title=\"Zonnepanelen_Nauta\" src=\"https:\/\/nautagroup.com\/wp-content\/uploads\/2026\/05\/Zonnepanelen_Nauta.jpg\" class=\"img-responsive wp-image-9261 img-with-aspect-ratio\" data-parent-fit=\"cover\" data-parent-container=\".fusion-image-element\" alt srcset=\"https:\/\/nautagroup.com\/wp-content\/uploads\/2026\/05\/Zonnepanelen_Nauta-200x200.jpg 200w, https:\/\/nautagroup.com\/wp-content\/uploads\/2026\/05\/Zonnepanelen_Nauta-400x400.jpg 400w, https:\/\/nautagroup.com\/wp-content\/uploads\/2026\/05\/Zonnepanelen_Nauta-600x600.jpg 600w, https:\/\/nautagroup.com\/wp-content\/uploads\/2026\/05\/Zonnepanelen_Nauta-800x800.jpg 800w, https:\/\/nautagroup.com\/wp-content\/uploads\/2026\/05\/Zonnepanelen_Nauta.jpg 1000w\" sizes=\"(max-width: 640px) 100vw, 600px\" \/><\/span><\/div><\/div><\/div><\/div><\/div><div class=\"fusion-fullwidth fullwidth-box fusion-builder-row-3 fusion-flex-container has-pattern-background has-mask-background nonhundred-percent-fullwidth non-hundred-percent-height-scrolling\" style=\"--awb-border-radius-top-left:0px;--awb-border-radius-top-right:0px;--awb-border-radius-bottom-right:0px;--awb-border-radius-bottom-left:0px;--awb-margin-top:60px;--awb-flex-wrap:wrap;\" ><div class=\"fusion-builder-row fusion-row fusion-flex-align-items-flex-start fusion-flex-content-wrap\" style=\"max-width:1040px;margin-left: calc(-4% \/ 2 );margin-right: calc(-4% \/ 2 );\"><div class=\"fusion-layout-column fusion_builder_column fusion-builder-column-4 fusion_builder_column_2_3 2_3 fusion-flex-column\" style=\"--awb-bg-size:cover;--awb-width-large:66.666666666667%;--awb-margin-top-large:0px;--awb-spacing-right-large:0%;--awb-margin-bottom-large:0px;--awb-spacing-left-large:0%;--awb-width-medium:66.666666666667%;--awb-order-medium:0;--awb-spacing-right-medium:0%;--awb-spacing-left-medium:0%;--awb-width-small:100%;--awb-order-small:0;--awb-spacing-right-small:1.92%;--awb-spacing-left-small:1.92%;\"><div class=\"fusion-column-wrapper fusion-column-has-shadow fusion-flex-justify-content-flex-start fusion-content-layout-column\"><div class=\"fusion-text fusion-text-3\" style=\"--awb-font-size:1.25rem;--awb-text-font-family:&quot;Roboto&quot;;--awb-text-font-style:normal;--awb-text-font-weight:400;\"><\/div><div class=\"fusion-title title fusion-title-2 fusion-sep-none fusion-title-text fusion-title-size-three\" style=\"--awb-text-color:var(--awb-color5);\"><h3 class=\"fusion-title-heading title-heading-left\" style=\"margin:0;\"><p style=\"text-align: left;\">Notre m\u00e9thode de travail<\/p><\/h3><\/div><div class=\"fusion-text fusion-text-4\" style=\"--awb-text-color:var(--awb-color8);\"><p>Nous organisons nos activit\u00e9s de mani\u00e8re \u00e0 travailler efficacement et dans le respect de l\u2019environnement. Pour cela, nous recherchons en permanence des opportunit\u00e9s d\u2019am\u00e9lioration. <\/p>\n<p>Les th\u00e8mes cl\u00e9s de notre politique environnementale sont :<\/p>\n<ul>\n<li>La consommation d\u2019\u00e9nergie<\/li>\n<li>Les \u00e9missions de CO\u2082<\/li>\n<li>Les d\u00e9chets et les mati\u00e8res premi\u00e8res<\/li>\n<li>Les achats durables<\/li>\n<\/ul>\n<p>Nous mesurons nos performances et proc\u00e9dons \u00e0 des ajustements lorsque cela est n\u00e9cessaire. De cette mani\u00e8re, nous assurons une am\u00e9lioration structurelle et continue de nos performances environnementales. <\/p>\n<\/div><\/div><\/div><\/div><\/div><div class=\"fusion-fullwidth fullwidth-box fusion-builder-row-4 fusion-flex-container has-pattern-background has-mask-background nonhundred-percent-fullwidth non-hundred-percent-height-scrolling\" style=\"--awb-border-radius-top-left:0px;--awb-border-radius-top-right:0px;--awb-border-radius-bottom-right:0px;--awb-border-radius-bottom-left:0px;--awb-padding-top:0%;--awb-margin-top:60px;--awb-background-color:var(--awb-color7);--awb-flex-wrap:wrap;\" id=\"onze-producten-en-partners\" ><div class=\"fusion-builder-row fusion-row fusion-flex-align-items-center fusion-flex-content-wrap\" style=\"max-width:1040px;margin-left: calc(-4% \/ 2 );margin-right: calc(-4% \/ 2 );\"><div class=\"fusion-layout-column fusion_builder_column fusion-builder-column-5 fusion_builder_column_1_2 1_2 fusion-flex-column\" style=\"--awb-bg-size:cover;--awb-width-large:50%;--awb-margin-top-large:-30px;--awb-spacing-right-large:4.032%;--awb-margin-bottom-large:0px;--awb-spacing-left-large:0%;--awb-width-medium:50%;--awb-order-medium:0;--awb-spacing-right-medium:4.032%;--awb-spacing-left-medium:0%;--awb-width-small:100%;--awb-order-small:0;--awb-spacing-right-small:1.92%;--awb-spacing-left-small:1.92%;\"><div class=\"fusion-column-wrapper fusion-column-has-shadow fusion-flex-justify-content-flex-start fusion-content-layout-column\"><div class=\"fusion-image-element \" style=\"--awb-aspect-ratio:1 \/ 1;--awb-margin-bottom:-30px;--awb-caption-title-font-family:var(--h2_typography-font-family);--awb-caption-title-font-weight:var(--h2_typography-font-weight);--awb-caption-title-font-style:var(--h2_typography-font-style);--awb-caption-title-size:var(--h2_typography-font-size);--awb-caption-title-transform:var(--h2_typography-text-transform);--awb-caption-title-line-height:var(--h2_typography-line-height);--awb-caption-title-letter-spacing:var(--h2_typography-letter-spacing);\"><span class=\" fusion-imageframe imageframe-none imageframe-3 hover-type-none has-aspect-ratio\"><img decoding=\"async\" width=\"1000\" height=\"1000\" title=\"Nauta-Samenwerken-Partner\" src=\"https:\/\/nautagroup.com\/wp-content\/uploads\/2026\/05\/Nauta-Samenwerken-Partner-1.jpg\" class=\"img-responsive wp-image-9249 img-with-aspect-ratio\" data-parent-fit=\"cover\" data-parent-container=\".fusion-image-element\" alt srcset=\"https:\/\/nautagroup.com\/wp-content\/uploads\/2026\/05\/Nauta-Samenwerken-Partner-1-200x200.jpg 200w, https:\/\/nautagroup.com\/wp-content\/uploads\/2026\/05\/Nauta-Samenwerken-Partner-1-400x400.jpg 400w, https:\/\/nautagroup.com\/wp-content\/uploads\/2026\/05\/Nauta-Samenwerken-Partner-1-600x600.jpg 600w, https:\/\/nautagroup.com\/wp-content\/uploads\/2026\/05\/Nauta-Samenwerken-Partner-1-800x800.jpg 800w, https:\/\/nautagroup.com\/wp-content\/uploads\/2026\/05\/Nauta-Samenwerken-Partner-1.jpg 1000w\" sizes=\"(max-width: 640px) 100vw, 600px\" \/><\/span><\/div><\/div><\/div><div class=\"fusion-layout-column fusion_builder_column fusion-builder-column-6 fusion_builder_column_1_2 1_2 fusion-flex-column\" style=\"--awb-bg-size:cover;--awb-width-large:50%;--awb-margin-top-large:0px;--awb-spacing-right-large:0%;--awb-margin-bottom-large:0px;--awb-spacing-left-large:3.84%;--awb-width-medium:50%;--awb-order-medium:0;--awb-spacing-right-medium:0%;--awb-spacing-left-medium:3.84%;--awb-width-small:100%;--awb-order-small:0;--awb-spacing-right-small:1.92%;--awb-spacing-left-small:1.92%;\"><div class=\"fusion-column-wrapper fusion-column-has-shadow fusion-flex-justify-content-flex-start fusion-content-layout-column\"><div class=\"fusion-text fusion-text-5\" style=\"--awb-font-size:1.25rem;--awb-text-font-family:&quot;Roboto&quot;;--awb-text-font-style:normal;--awb-text-font-weight:400;\"><\/div><div class=\"fusion-title title fusion-title-3 fusion-sep-none fusion-title-text fusion-title-size-three\" style=\"--awb-text-color:var(--awb-color5);\"><h3 class=\"fusion-title-heading title-heading-left\" style=\"margin:0;\">Qu\u2019est-ce que cela signifie concr\u00e8tement ?<\/h3><\/div><div class=\"fusion-text fusion-text-6\" style=\"--awb-text-color:var(--awb-color8);\"><ul>\n<li>Des panneaux solaires sur nos sites de Barneveld et Deventer, combin\u00e9s \u00e0 un stockage permanent par batteries<\/li>\n<li>Apr\u00e8s r\u00e9novation, nos sites disposent du label \u00e9nerg\u00e9tique A+++++<\/li>\n<li>Nos b\u00e2timents de Barneveld et Deventer sont enti\u00e8rement sans gaz<\/li>\n<li>Les emballages de notre propre marque Veilig sont pass\u00e9s du plastique au carton recyclable<\/li>\n<li>Le regroupement des exp\u00e9ditions r\u00e9duit nos kilom\u00e8tres de transport et, par cons\u00e9quent, nos \u00e9missions<\/li>\n<li>De l\u2019\u00e9lectricit\u00e9 verte pour l\u2019ensemble de nos sites<\/li>\n<li>Notre objectif est que tous nos v\u00e9hicules d\u2019entreprise soient \u00e9lectriques d\u2019ici 2030<\/li>\n<\/ul>\n<\/div><\/div><\/div><\/div><\/div><div class=\"fusion-fullwidth fullwidth-box fusion-builder-row-5 fusion-flex-container has-pattern-background has-mask-background nonhundred-percent-fullwidth non-hundred-percent-height-scrolling\" style=\"--awb-border-radius-top-left:0px;--awb-border-radius-top-right:0px;--awb-border-radius-bottom-right:0px;--awb-border-radius-bottom-left:0px;--awb-margin-top:60px;--awb-margin-bottom:50px;--awb-flex-wrap:wrap;\" ><div class=\"fusion-builder-row fusion-row fusion-flex-align-items-flex-start fusion-flex-justify-content-center fusion-flex-content-wrap\" style=\"max-width:1040px;margin-left: calc(-4% \/ 2 );margin-right: calc(-4% \/ 2 );\"><div class=\"fusion-layout-column fusion_builder_column fusion-builder-column-7 fusion_builder_column_2_3 2_3 fusion-flex-column\" style=\"--awb-bg-size:cover;--awb-width-large:66.666666666667%;--awb-margin-top-large:0px;--awb-spacing-right-large:0%;--awb-margin-bottom-large:0px;--awb-spacing-left-large:0%;--awb-width-medium:66.666666666667%;--awb-order-medium:0;--awb-spacing-right-medium:0%;--awb-spacing-left-medium:0%;--awb-width-small:100%;--awb-order-small:0;--awb-spacing-right-small:1.92%;--awb-spacing-left-small:1.92%;\"><div class=\"fusion-column-wrapper fusion-column-has-shadow fusion-flex-justify-content-flex-start fusion-content-layout-column\"><div class=\"fusion-text fusion-text-7\" style=\"--awb-font-size:1.25rem;--awb-text-font-family:&quot;Roboto&quot;;--awb-text-font-style:normal;--awb-text-font-weight:400;\"><\/div><div class=\"fusion-title title fusion-title-4 fusion-sep-none fusion-title-center fusion-title-text fusion-title-size-three\" style=\"--awb-text-color:var(--awb-color5);\"><h3 class=\"fusion-title-heading title-heading-center\" style=\"margin:0;\"><p style=\"text-align: center;\">R\u00e9duction des \u00e9missions de CO\u2082<\/p><\/h3><\/div><div class=\"fusion-text fusion-text-8\" style=\"--awb-text-color:var(--awb-color8);\"><p style=\"text-align: center;\">La r\u00e9duction de nos \u00e9missions de CO\u2082 constitue un \u00e9l\u00e9ment essentiel de notre politique environnementale. Pour cela, nous utilisons l\u2019\u00e9chelle de performance CO\u2082.<\/p>\n<\/div><div style=\"text-align:center;\"><a class=\"fusion-button button-flat fusion-button-default-size button-default fusion-button-default button-2 fusion-button-default-span fusion-button-default-type\" style=\"--button-border-radius-top-left:100px;--button-border-radius-top-right:100px;--button-border-radius-bottom-right:100px;--button-border-radius-bottom-left:100px;\" target=\"_self\" href=\"https:\/\/nautagroup.com\/fr\/echelle-de-performance-co%e2%82%82\/\"><span class=\"fusion-button-text awb-button__text awb-button__text--default\">En savoir plus sur l\u2019\u00e9chelle de performance CO\u2082<\/span><\/a><\/div><\/div><\/div><\/div><\/div><\/p>\n","protected":false},"excerpt":{"rendered":"","protected":false},"author":6964,"featured_media":9485,"parent":0,"menu_order":0,"comment_status":"closed","ping_status":"closed","template":"100-width.php","meta":{"_acf_changed":false,"footnotes":""},"class_list":["post-9426","page","type-page","status-publish","has-post-thumbnail","hentry"],"acf":[],"_links":{"self":[{"href":"https:\/\/nautagroup.com\/fr\/wp-json\/wp\/v2\/pages\/9426","targetHints":{"allow":["GET"]}}],"collection":[{"href":"https:\/\/nautagroup.com\/fr\/wp-json\/wp\/v2\/pages"}],"about":[{"href":"https:\/\/nautagroup.com\/fr\/wp-json\/wp\/v2\/types\/page"}],"author":[{"embeddable":true,"href":"https:\/\/nautagroup.com\/fr\/wp-json\/wp\/v2\/users\/6964"}],"replies":[{"embeddable":true,"href":"https:\/\/nautagroup.com\/fr\/wp-json\/wp\/v2\/comments?post=9426"}],"version-history":[{"count":6,"href":"https:\/\/nautagroup.com\/fr\/wp-json\/wp\/v2\/pages\/9426\/revisions"}],"predecessor-version":[{"id":9451,"href":"https:\/\/nautagroup.com\/fr\/wp-json\/wp\/v2\/pages\/9426\/revisions\/9451"}],"wp:featuredmedia":[{"embeddable":true,"href":"https:\/\/nautagroup.com\/fr\/wp-json\/wp\/v2\/media\/9485"}],"wp:attachment":[{"href":"https:\/\/nautagroup.com\/fr\/wp-json\/wp\/v2\/media?parent=9426"}],"curies":[{"name":"wp","href":"https:\/\/api.w.org\/{rel}","templated":true}]}}