{"id":9422,"date":"2026-05-13T10:38:17","date_gmt":"2026-05-13T08:38:17","guid":{"rendered":"https:\/\/nautagroup.com\/iso-9001-management-de-la-qualite\/"},"modified":"2026-05-13T13:47:26","modified_gmt":"2026-05-13T11:47:26","slug":"iso-9001-management-de-la-qualite","status":"publish","type":"page","link":"https:\/\/nautagroup.com\/fr\/iso-9001-management-de-la-qualite\/","title":{"rendered":"ISO 9001 | Management de la qualit\u00e9"},"content":{"rendered":"<p><div class=\"fusion-fullwidth fullwidth-box fusion-builder-row-1 fusion-flex-container has-pattern-background has-mask-background nonhundred-percent-fullwidth non-hundred-percent-height-scrolling\" style=\"--awb-border-radius-top-left:0px;--awb-border-radius-top-right:0px;--awb-border-radius-bottom-right:0px;--awb-border-radius-bottom-left:0px;--awb-margin-top:60px;--awb-flex-wrap:wrap;\" ><div class=\"fusion-builder-row fusion-row fusion-flex-align-items-center fusion-flex-content-wrap\" style=\"max-width:1040px;margin-left: calc(-4% \/ 2 );margin-right: calc(-4% \/ 2 );\"><div class=\"fusion-layout-column fusion_builder_column fusion-builder-column-0 fusion_builder_column_3_4 3_4 fusion-flex-column\" style=\"--awb-bg-size:cover;--awb-width-large:75%;--awb-margin-top-large:0px;--awb-spacing-right-large:0%;--awb-margin-bottom-large:0px;--awb-spacing-left-large:0%;--awb-width-medium:75%;--awb-order-medium:0;--awb-spacing-right-medium:0%;--awb-spacing-left-medium:0%;--awb-width-small:100%;--awb-order-small:0;--awb-spacing-right-small:1.92%;--awb-spacing-left-small:1.92%;\"><div class=\"fusion-column-wrapper fusion-column-has-shadow fusion-flex-justify-content-flex-start fusion-content-layout-column\"><div class=\"fusion-text fusion-text-1\" style=\"--awb-font-size:1.25rem;--awb-text-font-family:&quot;Roboto&quot;;--awb-text-font-style:normal;--awb-text-font-weight:400;\"><p>Au sein de Nauta Group, la qualit\u00e9 constitue la base de toutes nos activit\u00e9s. Gr\u00e2ce \u00e0 notre certification ISO 9001, nous garantissons des processus structur\u00e9s ainsi qu\u2019une qualit\u00e9 constante et fiable de nos produits et services. En appliquant des m\u00e9thodes de travail claires et en suivant nos r\u00e9sultats, nous continuons \u00e0 r\u00e9pondre en permanence aux attentes de nos clients.  &nbsp;<\/p>\n<\/div><\/div><\/div><div class=\"fusion-layout-column fusion_builder_column fusion-builder-column-1 fusion_builder_column_1_4 1_4 fusion-flex-column\" style=\"--awb-bg-size:cover;--awb-width-large:25%;--awb-margin-top-large:0px;--awb-spacing-right-large:0%;--awb-margin-bottom-large:0px;--awb-spacing-left-large:0%;--awb-width-medium:25%;--awb-order-medium:0;--awb-spacing-right-medium:0%;--awb-spacing-left-medium:0%;--awb-width-small:100%;--awb-order-small:0;--awb-spacing-right-small:1.92%;--awb-spacing-left-small:1.92%;\"><div class=\"fusion-column-wrapper fusion-column-has-shadow fusion-flex-justify-content-flex-start fusion-content-layout-column\"><div class=\"fusion-image-element \" style=\"text-align:right;--awb-max-width:150px;--awb-caption-title-font-family:var(--h2_typography-font-family);--awb-caption-title-font-weight:var(--h2_typography-font-weight);--awb-caption-title-font-style:var(--h2_typography-font-style);--awb-caption-title-size:var(--h2_typography-font-size);--awb-caption-title-transform:var(--h2_typography-text-transform);--awb-caption-title-line-height:var(--h2_typography-line-height);--awb-caption-title-letter-spacing:var(--h2_typography-letter-spacing);\"><span class=\" fusion-imageframe imageframe-none imageframe-1 hover-type-none\"><img decoding=\"async\" width=\"227\" height=\"255\" alt=\"Kiwa ISO 9001\" title=\"Kiwa ISO 9001 logo NL\" src=\"https:\/\/nautagroup.com\/wp-content\/uploads\/2026\/05\/Kiwa-ISO-9001-logo-NL.webp\" class=\"img-responsive wp-image-9297\" srcset=\"https:\/\/nautagroup.com\/wp-content\/uploads\/2026\/05\/Kiwa-ISO-9001-logo-NL-200x225.webp 200w, https:\/\/nautagroup.com\/wp-content\/uploads\/2026\/05\/Kiwa-ISO-9001-logo-NL.webp 227w\" sizes=\"(max-width: 640px) 100vw, 227px\" \/><\/span><\/div><\/div><\/div><\/div><\/div><div class=\"fusion-fullwidth fullwidth-box fusion-builder-row-2 fusion-flex-container has-pattern-background has-mask-background nonhundred-percent-fullwidth non-hundred-percent-height-scrolling\" style=\"--awb-border-radius-top-left:0px;--awb-border-radius-top-right:0px;--awb-border-radius-bottom-right:0px;--awb-border-radius-bottom-left:0px;--awb-padding-top:0px;--awb-margin-top:60px;--awb-background-color:var(--awb-color7);--awb-flex-wrap:wrap;\" id=\"onze-bedrijfsvoering\" ><div class=\"fusion-builder-row fusion-row fusion-flex-align-items-center fusion-flex-content-wrap\" style=\"max-width:1040px;margin-left: calc(-4% \/ 2 );margin-right: calc(-4% \/ 2 );\"><div class=\"fusion-layout-column fusion_builder_column fusion-builder-column-2 fusion_builder_column_1_2 1_2 fusion-flex-column\" style=\"--awb-bg-size:cover;--awb-width-large:50%;--awb-margin-top-large:0px;--awb-spacing-right-large:3.84%;--awb-margin-bottom-large:0px;--awb-spacing-left-large:0%;--awb-width-medium:50%;--awb-order-medium:0;--awb-spacing-right-medium:3.84%;--awb-spacing-left-medium:0%;--awb-width-small:100%;--awb-order-small:0;--awb-margin-top-small:60px;--awb-spacing-right-small:1.92%;--awb-spacing-left-small:1.92%;\"><div class=\"fusion-column-wrapper fusion-column-has-shadow fusion-flex-justify-content-flex-start fusion-content-layout-column\"><div class=\"fusion-title title fusion-title-1 fusion-sep-none fusion-title-text fusion-title-size-three\" style=\"--awb-text-color:var(--awb-color5);\"><h3 class=\"fusion-title-heading title-heading-left\" style=\"margin:0;\">Que signifie l\u2019ISO 9001 ?<\/h3><\/div><div class=\"fusion-text fusion-text-2\" style=\"--awb-text-color:var(--awb-color8);\"><p>L\u2019ISO 9001 est la norme internationale reconnue en mati\u00e8re de management de la qualit\u00e9. Cette norme est ax\u00e9e sur la ma\u00eetrise des processus, la r\u00e9duction des risques et l\u2019am\u00e9lioration continue au sein des organisations.  <\/p>\n<p>Pour Nauta Group, cela signifie que nous ma\u00eetrisons nos processus, rendons nos performances transparentes et orientons nos actions vers l\u2019optimisation et le d\u00e9veloppement continu. <\/p>\n<\/div><\/div><\/div><div class=\"fusion-layout-column fusion_builder_column fusion-builder-column-3 fusion_builder_column_1_2 1_2 fusion-flex-column\" style=\"--awb-bg-size:cover;--awb-width-large:50%;--awb-margin-top-large:-30px;--awb-spacing-right-large:0%;--awb-margin-bottom-large:0px;--awb-spacing-left-large:3.84%;--awb-width-medium:50%;--awb-order-medium:0;--awb-spacing-right-medium:0%;--awb-spacing-left-medium:3.84%;--awb-width-small:100%;--awb-order-small:0;--awb-spacing-right-small:1.92%;--awb-spacing-left-small:1.92%;\"><div class=\"fusion-column-wrapper fusion-column-has-shadow fusion-flex-justify-content-flex-start fusion-content-layout-column\"><div class=\"fusion-image-element \" style=\"--awb-aspect-ratio:1 \/ 1;--awb-margin-bottom:-30px;--awb-caption-title-font-family:var(--h2_typography-font-family);--awb-caption-title-font-weight:var(--h2_typography-font-weight);--awb-caption-title-font-style:var(--h2_typography-font-style);--awb-caption-title-size:var(--h2_typography-font-size);--awb-caption-title-transform:var(--h2_typography-text-transform);--awb-caption-title-line-height:var(--h2_typography-line-height);--awb-caption-title-letter-spacing:var(--h2_typography-letter-spacing);\"><span class=\" fusion-imageframe imageframe-none imageframe-2 hover-type-none has-aspect-ratio\"><img decoding=\"async\" width=\"1000\" height=\"1000\" title=\"Nauta-discretie-veiligheid\" src=\"https:\/\/nautagroup.com\/wp-content\/uploads\/2026\/05\/Nauta-discretie-veiligheid-1.jpg\" class=\"img-responsive wp-image-9253 img-with-aspect-ratio\" data-parent-fit=\"cover\" data-parent-container=\".fusion-image-element\" alt srcset=\"https:\/\/nautagroup.com\/wp-content\/uploads\/2026\/05\/Nauta-discretie-veiligheid-1-200x200.jpg 200w, https:\/\/nautagroup.com\/wp-content\/uploads\/2026\/05\/Nauta-discretie-veiligheid-1-400x400.jpg 400w, https:\/\/nautagroup.com\/wp-content\/uploads\/2026\/05\/Nauta-discretie-veiligheid-1-600x600.jpg 600w, https:\/\/nautagroup.com\/wp-content\/uploads\/2026\/05\/Nauta-discretie-veiligheid-1-800x800.jpg 800w, https:\/\/nautagroup.com\/wp-content\/uploads\/2026\/05\/Nauta-discretie-veiligheid-1.jpg 1000w\" sizes=\"(max-width: 640px) 100vw, 600px\" \/><\/span><\/div><\/div><\/div><\/div><\/div><div class=\"fusion-fullwidth fullwidth-box fusion-builder-row-3 fusion-flex-container has-pattern-background has-mask-background nonhundred-percent-fullwidth non-hundred-percent-height-scrolling\" style=\"--awb-border-radius-top-left:0px;--awb-border-radius-top-right:0px;--awb-border-radius-bottom-right:0px;--awb-border-radius-bottom-left:0px;--awb-margin-top:60px;--awb-flex-wrap:wrap;\" ><div class=\"fusion-builder-row fusion-row fusion-flex-align-items-flex-start fusion-flex-justify-content-center fusion-flex-content-wrap\" style=\"max-width:1040px;margin-left: calc(-4% \/ 2 );margin-right: calc(-4% \/ 2 );\"><div class=\"fusion-layout-column fusion_builder_column fusion-builder-column-4 fusion_builder_column_2_3 2_3 fusion-flex-column\" style=\"--awb-bg-size:cover;--awb-width-large:66.666666666667%;--awb-margin-top-large:0px;--awb-spacing-right-large:0%;--awb-margin-bottom-large:0px;--awb-spacing-left-large:0%;--awb-width-medium:66.666666666667%;--awb-order-medium:0;--awb-spacing-right-medium:0%;--awb-spacing-left-medium:0%;--awb-width-small:100%;--awb-order-small:0;--awb-spacing-right-small:1.92%;--awb-spacing-left-small:1.92%;\"><div class=\"fusion-column-wrapper fusion-column-has-shadow fusion-flex-justify-content-flex-start fusion-content-layout-column\"><div class=\"fusion-text fusion-text-3\" style=\"--awb-font-size:1.25rem;--awb-text-font-family:&quot;Roboto&quot;;--awb-text-font-style:normal;--awb-text-font-weight:400;\"><\/div><div class=\"fusion-title title fusion-title-2 fusion-sep-none fusion-title-center fusion-title-text fusion-title-size-three\" style=\"--awb-text-color:var(--awb-color5);\"><h3 class=\"fusion-title-heading title-heading-center\" style=\"margin:0;\"><p style=\"text-align: center;\">Notre m\u00e9thode de travail<\/p><\/h3><\/div><div class=\"fusion-text fusion-text-4\" style=\"--awb-text-color:var(--awb-color8);\"><p style=\"text-align: center;\">Au sein de Nauta Group, tous nos processus op\u00e9rationnels sont organis\u00e9s selon des normes de qualit\u00e9 d\u00e9finies. Du d\u00e9veloppement et de la production jusqu\u2019aux services et au support, chaque \u00e9tape est ax\u00e9e sur la fiabilit\u00e9, l\u2019efficacit\u00e9 et des r\u00e9sultats pr\u00e9visibles. <\/p>\n<p style=\"text-align: center;\">Nous travaillons avec des proc\u00e9dures claires, des responsabilit\u00e9s d\u00e9finies et des objectifs mesurables. En \u00e9valuant nos performances de mani\u00e8re structur\u00e9e et en identifiant rapidement les \u00e9carts, nous sommes en mesure d\u2019ajuster nos actions et de mettre en \u0153uvre des am\u00e9liorations sans d\u00e9lai. En mesurant, en analysant et en am\u00e9liorant continuellement nos processus, nous poursuivons notre d\u00e9veloppement tout en garantissant durablement notre qualit\u00e9.  <\/p>\n<\/div><\/div><\/div><\/div><\/div><div class=\"fusion-fullwidth fullwidth-box fusion-builder-row-4 fusion-flex-container has-pattern-background has-mask-background nonhundred-percent-fullwidth non-hundred-percent-height-scrolling\" style=\"--awb-border-radius-top-left:0px;--awb-border-radius-top-right:0px;--awb-border-radius-bottom-right:0px;--awb-border-radius-bottom-left:0px;--awb-padding-top:0%;--awb-margin-top:60px;--awb-background-color:var(--awb-color7);--awb-flex-wrap:wrap;\" id=\"onze-producten-en-partners\" ><div class=\"fusion-builder-row fusion-row fusion-flex-align-items-center fusion-flex-content-wrap\" style=\"max-width:1040px;margin-left: calc(-4% \/ 2 );margin-right: calc(-4% \/ 2 );\"><div class=\"fusion-layout-column fusion_builder_column fusion-builder-column-5 fusion_builder_column_1_2 1_2 fusion-flex-column\" style=\"--awb-bg-size:cover;--awb-width-large:50%;--awb-margin-top-large:-30px;--awb-spacing-right-large:4.032%;--awb-margin-bottom-large:0px;--awb-spacing-left-large:0%;--awb-width-medium:50%;--awb-order-medium:0;--awb-spacing-right-medium:4.032%;--awb-spacing-left-medium:0%;--awb-width-small:100%;--awb-order-small:0;--awb-spacing-right-small:1.92%;--awb-spacing-left-small:1.92%;\"><div class=\"fusion-column-wrapper fusion-column-has-shadow fusion-flex-justify-content-flex-start fusion-content-layout-column\"><div class=\"fusion-image-element \" style=\"--awb-aspect-ratio:1 \/ 1;--awb-margin-bottom:-30px;--awb-caption-title-font-family:var(--h2_typography-font-family);--awb-caption-title-font-weight:var(--h2_typography-font-weight);--awb-caption-title-font-style:var(--h2_typography-font-style);--awb-caption-title-size:var(--h2_typography-font-size);--awb-caption-title-transform:var(--h2_typography-text-transform);--awb-caption-title-line-height:var(--h2_typography-line-height);--awb-caption-title-letter-spacing:var(--h2_typography-letter-spacing);\"><span class=\" fusion-imageframe imageframe-none imageframe-3 hover-type-none has-aspect-ratio\"><img decoding=\"async\" width=\"1000\" height=\"1000\" title=\"Nauta-Samenwerken-Partner\" src=\"https:\/\/nautagroup.com\/wp-content\/uploads\/2026\/05\/Nauta-Samenwerken-Partner-1.jpg\" class=\"img-responsive wp-image-9249 img-with-aspect-ratio\" data-parent-fit=\"cover\" data-parent-container=\".fusion-image-element\" alt srcset=\"https:\/\/nautagroup.com\/wp-content\/uploads\/2026\/05\/Nauta-Samenwerken-Partner-1-200x200.jpg 200w, https:\/\/nautagroup.com\/wp-content\/uploads\/2026\/05\/Nauta-Samenwerken-Partner-1-400x400.jpg 400w, https:\/\/nautagroup.com\/wp-content\/uploads\/2026\/05\/Nauta-Samenwerken-Partner-1-600x600.jpg 600w, https:\/\/nautagroup.com\/wp-content\/uploads\/2026\/05\/Nauta-Samenwerken-Partner-1-800x800.jpg 800w, https:\/\/nautagroup.com\/wp-content\/uploads\/2026\/05\/Nauta-Samenwerken-Partner-1.jpg 1000w\" sizes=\"(max-width: 640px) 100vw, 600px\" \/><\/span><\/div><\/div><\/div><div class=\"fusion-layout-column fusion_builder_column fusion-builder-column-6 fusion_builder_column_1_2 1_2 fusion-flex-column\" style=\"--awb-bg-size:cover;--awb-width-large:50%;--awb-margin-top-large:0px;--awb-spacing-right-large:0%;--awb-margin-bottom-large:0px;--awb-spacing-left-large:3.84%;--awb-width-medium:50%;--awb-order-medium:0;--awb-spacing-right-medium:0%;--awb-spacing-left-medium:3.84%;--awb-width-small:100%;--awb-order-small:0;--awb-spacing-right-small:1.92%;--awb-spacing-left-small:1.92%;\"><div class=\"fusion-column-wrapper fusion-column-has-shadow fusion-flex-justify-content-flex-start fusion-content-layout-column\"><div class=\"fusion-text fusion-text-5\" style=\"--awb-font-size:1.25rem;--awb-text-font-family:&quot;Roboto&quot;;--awb-text-font-style:normal;--awb-text-font-weight:400;\"><\/div><div class=\"fusion-title title fusion-title-3 fusion-sep-none fusion-title-text fusion-title-size-three\" style=\"--awb-text-color:var(--awb-color5);\"><h3 class=\"fusion-title-heading title-heading-left\" style=\"margin:0;\">Collaboration avec les fournisseurs et partenaires<\/h3><\/div><div class=\"fusion-text fusion-text-6\" style=\"--awb-text-color:var(--awb-color8);\"><p>Nos standards de qualit\u00e9 s\u2019appliquent \u00e0 l\u2019ensemble de la cha\u00eene. C\u2019est pourquoi nous collaborons exclusivement avec des fournisseurs et des partenaires qui partagent notre vision de la qualit\u00e9 et de l\u2019entrepreneuriat responsable.<br \/>Ils respectent les lois et r\u00e9glementations applicables et agissent conform\u00e9ment aux directives \u00e9tablies en mati\u00e8re de conditions de travail et de protection de l\u2019environnement.  <\/p>\n<\/div><\/div><\/div><\/div><\/div><div class=\"fusion-fullwidth fullwidth-box fusion-builder-row-5 fusion-flex-container has-pattern-background has-mask-background nonhundred-percent-fullwidth non-hundred-percent-height-scrolling\" style=\"--awb-border-radius-top-left:0px;--awb-border-radius-top-right:0px;--awb-border-radius-bottom-right:0px;--awb-border-radius-bottom-left:0px;--awb-margin-top:60px;--awb-margin-bottom:50px;--awb-flex-wrap:wrap;\" ><div class=\"fusion-builder-row fusion-row fusion-flex-align-items-flex-start fusion-flex-justify-content-center fusion-flex-content-wrap\" style=\"max-width:1040px;margin-left: calc(-4% \/ 2 );margin-right: calc(-4% \/ 2 );\"><div class=\"fusion-layout-column fusion_builder_column fusion-builder-column-7 fusion_builder_column_2_3 2_3 fusion-flex-column\" style=\"--awb-bg-size:cover;--awb-width-large:66.666666666667%;--awb-margin-top-large:0px;--awb-spacing-right-large:0%;--awb-margin-bottom-large:0px;--awb-spacing-left-large:0%;--awb-width-medium:66.666666666667%;--awb-order-medium:0;--awb-spacing-right-medium:0%;--awb-spacing-left-medium:0%;--awb-width-small:100%;--awb-order-small:0;--awb-spacing-right-small:1.92%;--awb-spacing-left-small:1.92%;\"><div class=\"fusion-column-wrapper fusion-column-has-shadow fusion-flex-justify-content-flex-start fusion-content-layout-column\"><div class=\"fusion-text fusion-text-7\" style=\"--awb-font-size:1.25rem;--awb-text-font-family:&quot;Roboto&quot;;--awb-text-font-style:normal;--awb-text-font-weight:400;\"><\/div><div class=\"fusion-text fusion-text-8\" style=\"--awb-text-color:var(--awb-color8);\"><p style=\"text-align: center;\">Par ailleurs, nous veillons \u00e0 ce que les processus au sein de nos collaborations soient parfaitement align\u00e9s, afin de garantir une qualit\u00e9 constante.<\/p>\n<p style=\"text-align: center;\">Nous accordons \u00e9galement une attention particuli\u00e8re \u00e0 la gestion s\u00e9curis\u00e9e des informations dans le cadre de la collaboration avec nos partenaires. Cela s\u2019inscrit dans notre m\u00e9thode de travail conforme \u00e0 l\u2019ISO 27001, gr\u00e2ce \u00e0 laquelle nous garantissons structurellement la s\u00e9curit\u00e9 de l\u2019information. <\/p>\n<\/div><div style=\"text-align:center;\"><a class=\"fusion-button button-flat fusion-button-default-size button-default fusion-button-default button-1 fusion-button-default-span fusion-button-default-type\" style=\"--button-border-radius-top-left:100px;--button-border-radius-top-right:100px;--button-border-radius-bottom-right:100px;--button-border-radius-bottom-left:100px;\" target=\"_blank\" rel=\"noopener noreferrer\" href=\"https:\/\/nautagroup.com\/wp-content\/uploads\/2026\/05\/K-0229070-1-c-Nauta-Group-B.V.-ISO-9001.pdf\"><span class=\"fusion-button-text awb-button__text awb-button__text--default\">T\u00e9l\u00e9charger le certificat ISO 9001<\/span><\/a><\/div><\/div><\/div><\/div><\/div><\/p>\n","protected":false},"excerpt":{"rendered":"","protected":false},"author":6964,"featured_media":9464,"parent":0,"menu_order":0,"comment_status":"closed","ping_status":"closed","template":"100-width.php","meta":{"_acf_changed":false,"footnotes":""},"class_list":["post-9422","page","type-page","status-publish","has-post-thumbnail","hentry"],"acf":[],"_links":{"self":[{"href":"https:\/\/nautagroup.com\/fr\/wp-json\/wp\/v2\/pages\/9422","targetHints":{"allow":["GET"]}}],"collection":[{"href":"https:\/\/nautagroup.com\/fr\/wp-json\/wp\/v2\/pages"}],"about":[{"href":"https:\/\/nautagroup.com\/fr\/wp-json\/wp\/v2\/types\/page"}],"author":[{"embeddable":true,"href":"https:\/\/nautagroup.com\/fr\/wp-json\/wp\/v2\/users\/6964"}],"replies":[{"embeddable":true,"href":"https:\/\/nautagroup.com\/fr\/wp-json\/wp\/v2\/comments?post=9422"}],"version-history":[{"count":5,"href":"https:\/\/nautagroup.com\/fr\/wp-json\/wp\/v2\/pages\/9422\/revisions"}],"predecessor-version":[{"id":9448,"href":"https:\/\/nautagroup.com\/fr\/wp-json\/wp\/v2\/pages\/9422\/revisions\/9448"}],"wp:featuredmedia":[{"embeddable":true,"href":"https:\/\/nautagroup.com\/fr\/wp-json\/wp\/v2\/media\/9464"}],"wp:attachment":[{"href":"https:\/\/nautagroup.com\/fr\/wp-json\/wp\/v2\/media?parent=9422"}],"curies":[{"name":"wp","href":"https:\/\/api.w.org\/{rel}","templated":true}]}}