{"id":8237,"date":"2021-03-23T16:33:20","date_gmt":"2021-03-23T15:33:20","guid":{"rendered":"https:\/\/staging.nautagroup.com\/academie-nauta\/"},"modified":"2025-03-06T09:47:36","modified_gmt":"2025-03-06T08:47:36","slug":"academie-nauta","status":"publish","type":"page","link":"https:\/\/nautagroup.com\/fr\/academie-nauta\/","title":{"rendered":"Acad\u00e9mie Nauta"},"content":{"rendered":"<p><div class=\"fusion-fullwidth fullwidth-box fusion-builder-row-1 fusion-flex-container has-pattern-background has-mask-background nonhundred-percent-fullwidth non-hundred-percent-height-scrolling\" style=\"--awb-border-radius-top-left:0px;--awb-border-radius-top-right:0px;--awb-border-radius-bottom-right:0px;--awb-border-radius-bottom-left:0px;--awb-margin-top:60px;--awb-flex-wrap:wrap;\" ><div class=\"fusion-builder-row fusion-row fusion-flex-align-items-flex-start fusion-flex-content-wrap\" style=\"max-width:1040px;margin-left: calc(-4% \/ 2 );margin-right: calc(-4% \/ 2 );\"><div class=\"fusion-layout-column fusion_builder_column fusion-builder-column-0 fusion_builder_column_1_1 1_1 fusion-flex-column\" style=\"--awb-bg-size:cover;--awb-width-large:100%;--awb-margin-top-large:0px;--awb-spacing-right-large:9.6%;--awb-margin-bottom-large:0px;--awb-spacing-left-large:9.6%;--awb-width-medium:100%;--awb-order-medium:0;--awb-spacing-right-medium:9.6%;--awb-spacing-left-medium:9.6%;--awb-width-small:100%;--awb-order-small:0;--awb-spacing-right-small:1.92%;--awb-spacing-left-small:1.92%;\"><div class=\"fusion-column-wrapper fusion-column-has-shadow fusion-flex-justify-content-flex-start fusion-content-layout-column\"><div class=\"fusion-text fusion-text-1\" style=\"--awb-font-size:1.25rem;--awb-text-font-family:&quot;Roboto&quot;;--awb-text-font-style:normal;--awb-text-font-weight:400;\"><p>Le secteur de la s\u00e9curit\u00e9 est en constante \u00e9volution\u00a0, les innovations\u00a0se succ\u00e8dent de plus en plus vite et les clients demandent de plus en plus d\u2019informations et de conseils approfondis. \u00a0Pour rester inform\u00e9s des derniers d\u00e9veloppements et de nos tout nouveaux produits, nous organisons diverses formations ou d\u00e9monstrations de produits.<\/p>\n<\/div><div class=\"fusion-title title fusion-title-1 fusion-sep-none fusion-title-text fusion-title-size-two\"><h2 class=\"fusion-title-heading title-heading-left\" style=\"margin:0;\">Formation et Centre d\u2019Exp\u00e9rience<\/h2><\/div><div class=\"fusion-text fusion-text-2\"><p>Pour suivre des formations, nous avons le plaisir de vous inviter \u00e0 notre Training en Experience Center\u00a0 \u00e0 Barneveld. L\u2019itin\u00e9raire vers notre centre de formation sp\u00e9cialement \u00e9quip\u00e9 passe par notre Centre d\u2019Exp\u00e9rience o\u00f9 vous pourrez imm\u00e9diatement voir et d\u00e9couvrir nos produits. Nous offrons \u00e9galement \u00e0 nos clients qui ne disposent pas de salle d\u2019exposition, la possibilit\u00e9 de venir avec des clients finaux jeter un \u0153il dans notre showroom.<\/p>\n<\/div><\/div><\/div><\/div><\/div><div class=\"fusion-fullwidth fullwidth-box fusion-builder-row-2 fusion-flex-container has-pattern-background has-mask-background nonhundred-percent-fullwidth non-hundred-percent-height-scrolling\" style=\"--awb-border-radius-top-left:0px;--awb-border-radius-top-right:0px;--awb-border-radius-bottom-right:0px;--awb-border-radius-bottom-left:0px;--awb-padding-top:0px;--awb-padding-bottom:0px;--awb-margin-top:60px;--awb-margin-bottom:-30px;--awb-margin-top-medium:60px;--awb-background-color:var(--awb-color7);--awb-flex-wrap:wrap;\" ><div class=\"fusion-builder-row fusion-row fusion-flex-align-items-center fusion-flex-content-wrap\" style=\"max-width:1040px;margin-left: calc(-4% \/ 2 );margin-right: calc(-4% \/ 2 );\"><div class=\"fusion-layout-column fusion_builder_column fusion-builder-column-1 fusion_builder_column_1_2 1_2 fusion-flex-column\" style=\"--awb-bg-size:cover;--awb-width-large:50%;--awb-margin-top-large:0px;--awb-spacing-right-large:3.84%;--awb-margin-bottom-large:0px;--awb-spacing-left-large:3.84%;--awb-width-medium:50%;--awb-order-medium:0;--awb-spacing-right-medium:3.84%;--awb-spacing-left-medium:3.84%;--awb-width-small:100%;--awb-order-small:0;--awb-spacing-right-small:1.92%;--awb-spacing-left-small:1.92%;\" data-scroll-devices=\"small-visibility,medium-visibility,large-visibility\"><div class=\"fusion-column-wrapper fusion-column-has-shadow fusion-flex-justify-content-flex-start fusion-content-layout-column\"><div class=\"fusion-title title fusion-title-2 fusion-sep-none fusion-title-text fusion-title-size-two\"><h2 class=\"fusion-title-heading title-heading-left\" style=\"margin:0;\">Formation et d\u00e9monstrations de produits<\/h2><\/div><div class=\"fusion-text fusion-text-3\"><p>Au cours de la longue histoire de Nauta, nos sp\u00e9cialistes des produits et de la s\u00e9curit\u00e9 ont accumul\u00e9 beaucoup de connaissances et d\u2019expertise en mati\u00e8re de s\u00e9curit\u00e9, et sont heureux de vous faire partager leur savoir-faire. C\u2019est essentiel pour nous, car ce n\u2019est qu\u2019ensemble que nous pourrons augmenter la sensibilisation \u00e0 la s\u00e9curit\u00e9 et continuer \u00e0 garantir la qualit\u00e9 de nos produits. Ces formations et d\u00e9monstrations de produits sont dispens\u00e9es dans nos propres locaux ainsi que sur votre site.<\/p>\n<\/div><\/div><\/div><div class=\"fusion-layout-column fusion_builder_column fusion-builder-column-2 fusion_builder_column_1_2 1_2 fusion-flex-column\" style=\"--awb-bg-size:cover;--awb-width-large:50%;--awb-margin-top-large:-30px;--awb-spacing-right-large:3.84%;--awb-margin-bottom-large:-30px;--awb-spacing-left-large:3.84%;--awb-width-medium:50%;--awb-order-medium:0;--awb-spacing-right-medium:3.84%;--awb-spacing-left-medium:3.84%;--awb-width-small:100%;--awb-order-small:0;--awb-margin-top-small:30px;--awb-spacing-right-small:1.92%;--awb-spacing-left-small:1.92%;\" data-scroll-devices=\"small-visibility,medium-visibility,large-visibility\"><div class=\"fusion-column-wrapper fusion-column-has-shadow fusion-flex-justify-content-flex-start fusion-content-layout-column\"><div class=\"fusion-image-element \" style=\"--awb-aspect-ratio:1 \/ 1;--awb-caption-title-font-family:var(--h2_typography-font-family);--awb-caption-title-font-weight:var(--h2_typography-font-weight);--awb-caption-title-font-style:var(--h2_typography-font-style);--awb-caption-title-size:var(--h2_typography-font-size);--awb-caption-title-transform:var(--h2_typography-text-transform);--awb-caption-title-line-height:var(--h2_typography-line-height);--awb-caption-title-letter-spacing:var(--h2_typography-letter-spacing);\"><span class=\" fusion-imageframe imageframe-none imageframe-1 hover-type-none has-aspect-ratio\"><img decoding=\"async\" width=\"1500\" height=\"1000\" title=\"81ccaf53-training-sleutelmachine-keyline\" src=\"https:\/\/nautagroup.com\/wp-content\/uploads\/2021\/05\/81ccaf53-training-sleutelmachine-keyline.jpg\" class=\"img-responsive wp-image-5818 img-with-aspect-ratio\" data-parent-fit=\"cover\" data-parent-container=\".fusion-image-element\" alt srcset=\"https:\/\/nautagroup.com\/wp-content\/uploads\/2021\/05\/81ccaf53-training-sleutelmachine-keyline-300x200.jpg 300w, https:\/\/nautagroup.com\/wp-content\/uploads\/2021\/05\/81ccaf53-training-sleutelmachine-keyline-768x512.jpg 768w, https:\/\/nautagroup.com\/wp-content\/uploads\/2021\/05\/81ccaf53-training-sleutelmachine-keyline-1024x683.jpg 1024w, https:\/\/nautagroup.com\/wp-content\/uploads\/2021\/05\/81ccaf53-training-sleutelmachine-keyline.jpg 1500w\" sizes=\"(max-width: 1500px) 100vw, 1500px\" \/><\/span><\/div><\/div><\/div><\/div><\/div><div class=\"fusion-fullwidth fullwidth-box fusion-builder-row-3 fusion-flex-container has-pattern-background has-mask-background nonhundred-percent-fullwidth non-hundred-percent-height-scrolling\" style=\"--awb-border-radius-top-left:0px;--awb-border-radius-top-right:0px;--awb-border-radius-bottom-right:0px;--awb-border-radius-bottom-left:0px;--awb-margin-top:60px;--awb-margin-top-small:100px;--awb-flex-wrap:wrap;\" ><div class=\"fusion-builder-row fusion-row fusion-flex-align-items-flex-start fusion-flex-content-wrap\" style=\"max-width:1040px;margin-left: calc(-4% \/ 2 );margin-right: calc(-4% \/ 2 );\"><div class=\"fusion-layout-column fusion_builder_column fusion-builder-column-3 fusion_builder_column_1_1 1_1 fusion-flex-column\" style=\"--awb-bg-size:cover;--awb-width-large:100%;--awb-margin-top-large:0px;--awb-spacing-right-large:1.92%;--awb-margin-bottom-large:0px;--awb-spacing-left-large:1.92%;--awb-width-medium:100%;--awb-order-medium:0;--awb-spacing-right-medium:1.92%;--awb-spacing-left-medium:1.92%;--awb-width-small:100%;--awb-order-small:0;--awb-spacing-right-small:1.92%;--awb-spacing-left-small:1.92%;\"><div class=\"fusion-column-wrapper fusion-column-has-shadow fusion-flex-justify-content-flex-start fusion-content-layout-column\"><div class=\"fusion-title title fusion-title-3 fusion-sep-none fusion-title-text fusion-title-size-two\"><h2 class=\"fusion-title-heading title-heading-left\" style=\"margin:0;\">Formations PKVW<\/h2><\/div><div class=\"fusion-text fusion-text-4\"><p>Le label Politiekeurmerk Veilig Wonen (PKVW) est un label de qualit\u00e9 pour les maisons qui r\u00e9pondent aux exigences en mati\u00e8re de pr\u00e9vention des cambriolages. Afin de s\u00e9curiser les r\u00e9sidences existantes selon le label PKVW, vous devez devenir une entreprise agr\u00e9\u00e9e PKVW et vos collaborateurs doivent suivre la formation de Conseiller en <b><u><a href=\"https:\/\/www.soba.nl\/opleidingen\/inbraakbeveiliging\/politiekeurmerk-veilig-wonen\/overzicht\" target=\"_blank\" rel=\"noopener noreferrer\">Pr\u00e9vention au Centre d\u2019\u00c9tudes Minerva<\/a><\/u><\/b>. Gert Jan van de Kuilen, sp\u00e9cialiste de Nauta, est li\u00e9 au Centre d\u2019\u00e9tudes Minerva en qualit\u00e9 de professeur, et enseigne les cours PKVW suivants dans nos locaux : \u00ab Conseiller en pr\u00e9vention \u00bb, \u00ab R\u00e9glementation et montage \u00bb et le \u00ab cours de remise \u00e0 niveau \u00bb.<\/p>\n<\/div><\/div><\/div><\/div><\/div><div class=\"fusion-fullwidth fullwidth-box fusion-builder-row-4 fusion-flex-container has-pattern-background has-mask-background nonhundred-percent-fullwidth non-hundred-percent-height-scrolling\" style=\"--awb-border-radius-top-left:0px;--awb-border-radius-top-right:0px;--awb-border-radius-bottom-right:0px;--awb-border-radius-bottom-left:0px;--awb-padding-top:0px;--awb-margin-top:100px;--awb-margin-bottom:100px;--awb-background-color:var(--awb-custom_color_1);--awb-flex-wrap:wrap;\" ><div class=\"fusion-builder-row fusion-row fusion-flex-align-items-center fusion-flex-content-wrap\" style=\"max-width:1040px;margin-left: calc(-4% \/ 2 );margin-right: calc(-4% \/ 2 );\"><div class=\"fusion-layout-column fusion_builder_column fusion-builder-column-4 fusion_builder_column_1_2 1_2 fusion-flex-column\" style=\"--awb-bg-size:cover;--awb-width-large:50%;--awb-margin-top-large:-30px;--awb-spacing-right-large:3.84%;--awb-margin-bottom-large:0px;--awb-spacing-left-large:3.84%;--awb-width-medium:50%;--awb-order-medium:0;--awb-spacing-right-medium:3.84%;--awb-spacing-left-medium:3.84%;--awb-width-small:100%;--awb-order-small:0;--awb-spacing-right-small:1.92%;--awb-spacing-left-small:1.92%;\" data-scroll-devices=\"small-visibility,medium-visibility,large-visibility\"><div class=\"fusion-column-wrapper fusion-column-has-shadow fusion-flex-justify-content-flex-start fusion-content-layout-column\"><div class=\"fusion-image-element \" style=\"--awb-aspect-ratio:1 \/ 1;--awb-margin-bottom:-30px;--awb-caption-title-font-family:var(--h2_typography-font-family);--awb-caption-title-font-weight:var(--h2_typography-font-weight);--awb-caption-title-font-style:var(--h2_typography-font-style);--awb-caption-title-size:var(--h2_typography-font-size);--awb-caption-title-transform:var(--h2_typography-text-transform);--awb-caption-title-line-height:var(--h2_typography-line-height);--awb-caption-title-letter-spacing:var(--h2_typography-letter-spacing);\"><span class=\" fusion-imageframe imageframe-none imageframe-2 hover-type-none has-aspect-ratio\"><img decoding=\"async\" width=\"2048\" height=\"2036\" title=\"883eadbf-nauta-opleiding-security\" src=\"https:\/\/nautagroup.com\/wp-content\/uploads\/2021\/06\/883eadbf-nauta-opleiding-security.jpg\" class=\"img-responsive wp-image-5965 img-with-aspect-ratio\" data-parent-fit=\"cover\" data-parent-container=\".fusion-image-element\" alt srcset=\"https:\/\/nautagroup.com\/wp-content\/uploads\/2021\/06\/883eadbf-nauta-opleiding-security-150x150.jpg 150w, https:\/\/nautagroup.com\/wp-content\/uploads\/2021\/06\/883eadbf-nauta-opleiding-security-300x298.jpg 300w, https:\/\/nautagroup.com\/wp-content\/uploads\/2021\/06\/883eadbf-nauta-opleiding-security-768x764.jpg 768w, https:\/\/nautagroup.com\/wp-content\/uploads\/2021\/06\/883eadbf-nauta-opleiding-security-1024x1018.jpg 1024w, https:\/\/nautagroup.com\/wp-content\/uploads\/2021\/06\/883eadbf-nauta-opleiding-security-1536x1527.jpg 1536w, https:\/\/nautagroup.com\/wp-content\/uploads\/2021\/06\/883eadbf-nauta-opleiding-security.jpg 2048w\" sizes=\"(max-width: 2048px) 100vw, 2048px\" \/><\/span><\/div><\/div><\/div><div class=\"fusion-layout-column fusion_builder_column fusion-builder-column-5 fusion_builder_column_1_2 1_2 fusion-flex-column\" style=\"--awb-bg-size:cover;--awb-width-large:50%;--awb-margin-top-large:0px;--awb-spacing-right-large:3.84%;--awb-margin-bottom-large:0px;--awb-spacing-left-large:3.84%;--awb-width-medium:50%;--awb-order-medium:0;--awb-spacing-right-medium:3.84%;--awb-spacing-left-medium:3.84%;--awb-width-small:100%;--awb-order-small:0;--awb-margin-top-small:60px;--awb-spacing-right-small:1.92%;--awb-spacing-left-small:1.92%;\" data-scroll-devices=\"small-visibility,medium-visibility,large-visibility\"><div class=\"fusion-column-wrapper fusion-column-has-shadow fusion-flex-justify-content-flex-start fusion-content-layout-column\"><div class=\"fusion-title title fusion-title-4 fusion-sep-none fusion-title-text fusion-title-size-three\" style=\"--awb-text-color:var(--awb-color1);\"><h3 class=\"fusion-title-heading title-heading-left\" style=\"margin:0;\">Coop\u00e9ration dans le domaine de l\u2019\u00e9ducation<\/h3><\/div><div class=\"fusion-text fusion-text-5\" style=\"--awb-text-color:var(--awb-color1);\"><p>Nauta travaille en \u00e9troite coop\u00e9ration avec l\u2019enseignement professionnel secondaire et sup\u00e9rieur. Nous accueillons r\u00e9guli\u00e8rement des \u00e9tudiants de diverses formations (de s\u00e9curit\u00e9). Nos sp\u00e9cialistes en s\u00e9curit\u00e9 initient les \u00e9tudiants \u00e0 la pratique et les int\u00e8grent aux derni\u00e8res \u00e9volutions concernant les produits de s\u00e9curit\u00e9, les certifications, les r\u00e9glementations et la bonne pr\u00e9vention contre les cambriolages. Une pr\u00e9cieuse coop\u00e9ration o\u00f9 nous relions la th\u00e9orie \u00e0 la pratique.<\/p>\n<\/div><\/div><\/div><\/div><\/div><\/p>\n","protected":false},"excerpt":{"rendered":"","protected":false},"author":6942,"featured_media":5962,"parent":0,"menu_order":0,"comment_status":"closed","ping_status":"closed","template":"100-width.php","meta":{"_acf_changed":false,"footnotes":""},"class_list":["post-8237","page","type-page","status-publish","has-post-thumbnail","hentry"],"acf":[],"_links":{"self":[{"href":"https:\/\/nautagroup.com\/fr\/wp-json\/wp\/v2\/pages\/8237","targetHints":{"allow":["GET"]}}],"collection":[{"href":"https:\/\/nautagroup.com\/fr\/wp-json\/wp\/v2\/pages"}],"about":[{"href":"https:\/\/nautagroup.com\/fr\/wp-json\/wp\/v2\/types\/page"}],"author":[{"embeddable":true,"href":"https:\/\/nautagroup.com\/fr\/wp-json\/wp\/v2\/users\/6942"}],"replies":[{"embeddable":true,"href":"https:\/\/nautagroup.com\/fr\/wp-json\/wp\/v2\/comments?post=8237"}],"version-history":[{"count":3,"href":"https:\/\/nautagroup.com\/fr\/wp-json\/wp\/v2\/pages\/8237\/revisions"}],"predecessor-version":[{"id":8242,"href":"https:\/\/nautagroup.com\/fr\/wp-json\/wp\/v2\/pages\/8237\/revisions\/8242"}],"wp:featuredmedia":[{"embeddable":true,"href":"https:\/\/nautagroup.com\/fr\/wp-json\/wp\/v2\/media\/5962"}],"wp:attachment":[{"href":"https:\/\/nautagroup.com\/fr\/wp-json\/wp\/v2\/media?parent=8237"}],"curies":[{"name":"wp","href":"https:\/\/api.w.org\/{rel}","templated":true}]}}