{"id":7995,"date":"2021-03-17T16:57:22","date_gmt":"2021-03-17T15:57:22","guid":{"rendered":"https:\/\/staging.nautagroup.com\/bienvenue-a-nauta-group\/"},"modified":"2025-03-05T17:05:20","modified_gmt":"2025-03-05T16:05:20","slug":"bienvenue-a-nauta-group","status":"publish","type":"page","link":"https:\/\/nautagroup.com\/fr\/bienvenue-a-nauta-group\/","title":{"rendered":"Le Groupe Nauta"},"content":{"rendered":"<p><div class=\"fusion-fullwidth fullwidth-box fusion-builder-row-1 fusion-flex-container has-pattern-background has-mask-background nonhundred-percent-fullwidth non-hundred-percent-height-scrolling\" style=\"--awb-border-radius-top-left:0px;--awb-border-radius-top-right:0px;--awb-border-radius-bottom-right:0px;--awb-border-radius-bottom-left:0px;--awb-margin-top:60px;--awb-flex-wrap:wrap;\" ><div class=\"fusion-builder-row fusion-row fusion-flex-align-items-flex-start fusion-flex-content-wrap\" style=\"max-width:1040px;margin-left: calc(-4% \/ 2 );margin-right: calc(-4% \/ 2 );\"><div class=\"fusion-layout-column fusion_builder_column fusion-builder-column-0 fusion_builder_column_1_1 1_1 fusion-flex-column\" style=\"--awb-bg-size:cover;--awb-width-large:100%;--awb-margin-top-large:0px;--awb-spacing-right-large:9.6%;--awb-margin-bottom-large:0px;--awb-spacing-left-large:9.6%;--awb-width-medium:100%;--awb-order-medium:0;--awb-spacing-right-medium:9.6%;--awb-spacing-left-medium:9.6%;--awb-width-small:100%;--awb-order-small:0;--awb-spacing-right-small:1.92%;--awb-spacing-left-small:1.92%;\"><div class=\"fusion-column-wrapper fusion-column-has-shadow fusion-flex-justify-content-flex-start fusion-content-layout-column\"><div class=\"fusion-text fusion-text-1\" style=\"--awb-font-size:1.25rem;--awb-text-font-family:&quot;Roboto&quot;;--awb-text-font-style:normal;--awb-text-font-weight:400;\"><p>Depuis sa cr\u00e9ation en 1963, le Groupe Nauta s\u2019est d\u00e9velopp\u00e9 en un leader dans le domaine de l\u2019importation, le commerce de gros et la fabrication de produits de s\u00e9curit\u00e9 (m\u00e9canique). Nous concevons, d\u00e9veloppons, produisons et fournissons des solutions en mati\u00e8re de serrures et ferrures, dispositifs de stockage et coffres-forts ignifuges et anti-effraction. Plus de 60 ans d\u2019exp\u00e9rience, nous ne nous sentons nulle part ailleurs que chez nous en s\u00e9curit\u00e9.<\/p>\n<p>Avec des succursales aux Pays-Bas et en Allemagne et des clients dans toute l\u2019Europe, nous sommes l\u2019un des distributeurs de produits de s\u00e9curit\u00e9 les plus complets d\u2019Europe. Outre un large assortiment de marques standard, nous r\u00e9alisons diverses marques exclusives Nauta avec la qualit\u00e9 que vous pouvez attendre de nous en tant que sp\u00e9cialiste.<\/p>\n<\/div><\/div><\/div><\/div><\/div><div class=\"fusion-fullwidth fullwidth-box fusion-builder-row-2 fusion-flex-container has-pattern-background has-mask-background nonhundred-percent-fullwidth non-hundred-percent-height-scrolling\" style=\"--awb-border-radius-top-left:0px;--awb-border-radius-top-right:0px;--awb-border-radius-bottom-right:0px;--awb-border-radius-bottom-left:0px;--awb-margin-top:58px;--awb-margin-bottom:0px;--awb-flex-wrap:wrap;\" ><div class=\"fusion-builder-row fusion-row fusion-flex-align-items-flex-start fusion-flex-content-wrap\" style=\"max-width:1040px;margin-left: calc(-4% \/ 2 );margin-right: calc(-4% \/ 2 );\"><div class=\"fusion-layout-column fusion_builder_column fusion-builder-column-1 fusion_builder_column_1_1 1_1 fusion-flex-column\" style=\"--awb-bg-size:cover;--awb-width-large:100%;--awb-margin-top-large:0px;--awb-spacing-right-large:9.6%;--awb-margin-bottom-large:0px;--awb-spacing-left-large:9.6%;--awb-width-medium:100%;--awb-order-medium:0;--awb-spacing-right-medium:9.6%;--awb-spacing-left-medium:9.6%;--awb-width-small:100%;--awb-order-small:0;--awb-spacing-right-small:1.92%;--awb-spacing-left-small:1.92%;\"><div class=\"fusion-column-wrapper fusion-column-has-shadow fusion-flex-justify-content-flex-start fusion-content-layout-column\"><div class=\"fusion-title title fusion-title-1 fusion-sep-none fusion-title-text fusion-title-size-two\"><h2 class=\"fusion-title-heading title-heading-left\" style=\"margin:0;\">Nos soci\u00e9t\u00e9s<\/h2><\/div><div class=\"fusion-text fusion-text-2\"><p>Les soci\u00e9t\u00e9s ci-dessous constituent ensemble le groupe Nauta. Nauta Services, Centre de Service Partag\u00e9, fournit des services sp\u00e9cialis\u00e9s au sein de Nauta Group, tels que des services en mati\u00e8re de s\u00e9curit\u00e9, administration financi\u00e8re, ICT, gestion des ressources humaines, donn\u00e9es de produits et marketing. Pour plus d\u2019informations et pour les produits, veuillez visiter les sites web pertinents.<\/p>\n<\/div><\/div><\/div><\/div><\/div><div class=\"fusion-fullwidth fullwidth-box fusion-builder-row-3 fusion-flex-container has-pattern-background has-mask-background hundred-percent-fullwidth non-hundred-percent-height-scrolling\" style=\"--awb-border-radius-top-left:0px;--awb-border-radius-top-right:0px;--awb-border-radius-bottom-right:0px;--awb-border-radius-bottom-left:0px;--awb-padding-right:435px;--awb-padding-left:452px;--awb-padding-right-medium:30px;--awb-padding-left-medium:30px;--awb-margin-bottom:58px;--awb-margin-bottom-medium:0px;--awb-flex-wrap:wrap;\" ><div class=\"fusion-builder-row fusion-row fusion-flex-align-items-flex-start fusion-flex-content-wrap\" style=\"width:104% !important;max-width:104% !important;margin-left: calc(-4% \/ 2 );margin-right: calc(-4% \/ 2 );\"><div class=\"fusion-layout-column fusion_builder_column fusion-builder-column-2 fusion_builder_column_1_5 1_5 fusion-flex-column\" style=\"--awb-bg-size:cover;--awb-width-large:20%;--awb-margin-top-large:0px;--awb-spacing-right-large:9.6%;--awb-margin-bottom-large:0px;--awb-spacing-left-large:9.6%;--awb-width-medium:20%;--awb-order-medium:0;--awb-spacing-right-medium:9.6%;--awb-spacing-left-medium:9.6%;--awb-width-small:50%;--awb-order-small:0;--awb-spacing-right-small:3.84%;--awb-spacing-left-small:3.84%;\"><div class=\"fusion-column-wrapper fusion-column-has-shadow fusion-flex-justify-content-flex-start fusion-content-layout-column\"><div class=\"fusion-image-element sm-text-align-center\" style=\"--awb-caption-title-font-family:var(--h2_typography-font-family);--awb-caption-title-font-weight:var(--h2_typography-font-weight);--awb-caption-title-font-style:var(--h2_typography-font-style);--awb-caption-title-size:var(--h2_typography-font-size);--awb-caption-title-transform:var(--h2_typography-text-transform);--awb-caption-title-line-height:var(--h2_typography-line-height);--awb-caption-title-letter-spacing:var(--h2_typography-letter-spacing);\"><span class=\" fusion-imageframe imageframe-none imageframe-1 hover-type-none\"><img decoding=\"async\" width=\"256\" height=\"256\" title=\"a3556556-nauta\" src=\"https:\/\/nautagroup.com\/wp-content\/uploads\/2021\/06\/a3556556-nauta.jpg\" alt class=\"img-responsive wp-image-5938\" srcset=\"https:\/\/nautagroup.com\/wp-content\/uploads\/2021\/06\/a3556556-nauta-150x150.jpg 150w, https:\/\/nautagroup.com\/wp-content\/uploads\/2021\/06\/a3556556-nauta.jpg 256w\" sizes=\"(max-width: 256px) 100vw, 256px\" \/><\/span><\/div><\/div><\/div><div class=\"fusion-layout-column fusion_builder_column fusion-builder-column-3 fusion_builder_column_1_5 1_5 fusion-flex-column\" style=\"--awb-bg-size:cover;--awb-width-large:20%;--awb-margin-top-large:0px;--awb-spacing-right-large:9.6%;--awb-margin-bottom-large:0px;--awb-spacing-left-large:9.6%;--awb-width-medium:20%;--awb-order-medium:0;--awb-spacing-right-medium:9.6%;--awb-spacing-left-medium:9.6%;--awb-width-small:50%;--awb-order-small:0;--awb-spacing-right-small:3.84%;--awb-spacing-left-small:3.84%;\"><div class=\"fusion-column-wrapper fusion-column-has-shadow fusion-flex-justify-content-flex-start fusion-content-layout-column\"><div class=\"fusion-image-element sm-text-align-center\" style=\"--awb-caption-title-font-family:var(--h2_typography-font-family);--awb-caption-title-font-weight:var(--h2_typography-font-weight);--awb-caption-title-font-style:var(--h2_typography-font-style);--awb-caption-title-size:var(--h2_typography-font-size);--awb-caption-title-transform:var(--h2_typography-text-transform);--awb-caption-title-line-height:var(--h2_typography-line-height);--awb-caption-title-letter-spacing:var(--h2_typography-letter-spacing);\"><span class=\" fusion-imageframe imageframe-none imageframe-2 hover-type-none\"><img decoding=\"async\" width=\"1000\" height=\"1000\" title=\"S2-hang-en-sluitwerk\" src=\"https:\/\/nautagroup.com\/wp-content\/uploads\/2022\/10\/45395bc6-s2-hang-en-sluitwerk.jpg\" alt class=\"img-responsive wp-image-6945\" srcset=\"https:\/\/nautagroup.com\/wp-content\/uploads\/2022\/10\/45395bc6-s2-hang-en-sluitwerk-150x150.jpg 150w, https:\/\/nautagroup.com\/wp-content\/uploads\/2022\/10\/45395bc6-s2-hang-en-sluitwerk-300x300.jpg 300w, https:\/\/nautagroup.com\/wp-content\/uploads\/2022\/10\/45395bc6-s2-hang-en-sluitwerk-768x768.jpg 768w, https:\/\/nautagroup.com\/wp-content\/uploads\/2022\/10\/45395bc6-s2-hang-en-sluitwerk.jpg 1000w\" sizes=\"(max-width: 1000px) 100vw, 1000px\" \/><\/span><\/div><\/div><\/div><div class=\"fusion-layout-column fusion_builder_column fusion-builder-column-4 fusion_builder_column_1_5 1_5 fusion-flex-column\" style=\"--awb-bg-size:cover;--awb-width-large:20%;--awb-margin-top-large:0px;--awb-spacing-right-large:9.6%;--awb-margin-bottom-large:0px;--awb-spacing-left-large:9.6%;--awb-width-medium:20%;--awb-order-medium:0;--awb-spacing-right-medium:9.6%;--awb-spacing-left-medium:9.6%;--awb-width-small:50%;--awb-order-small:0;--awb-spacing-right-small:3.84%;--awb-spacing-left-small:3.84%;\"><div class=\"fusion-column-wrapper fusion-column-has-shadow fusion-flex-justify-content-flex-start fusion-content-layout-column\"><div class=\"fusion-image-element sm-text-align-center\" style=\"--awb-caption-title-font-family:var(--h2_typography-font-family);--awb-caption-title-font-weight:var(--h2_typography-font-weight);--awb-caption-title-font-style:var(--h2_typography-font-style);--awb-caption-title-size:var(--h2_typography-font-size);--awb-caption-title-transform:var(--h2_typography-text-transform);--awb-caption-title-line-height:var(--h2_typography-line-height);--awb-caption-title-letter-spacing:var(--h2_typography-letter-spacing);\"><span class=\" fusion-imageframe imageframe-none imageframe-3 hover-type-none\"><img decoding=\"async\" width=\"1000\" height=\"1000\" title=\"b75f5e89-nauta-connect\" src=\"https:\/\/nautagroup.com\/wp-content\/uploads\/2023\/02\/b75f5e89-nauta-connect.jpg\" alt class=\"img-responsive wp-image-7077\" srcset=\"https:\/\/nautagroup.com\/wp-content\/uploads\/2023\/02\/b75f5e89-nauta-connect-150x150.jpg 150w, https:\/\/nautagroup.com\/wp-content\/uploads\/2023\/02\/b75f5e89-nauta-connect-300x300.jpg 300w, https:\/\/nautagroup.com\/wp-content\/uploads\/2023\/02\/b75f5e89-nauta-connect-768x768.jpg 768w, https:\/\/nautagroup.com\/wp-content\/uploads\/2023\/02\/b75f5e89-nauta-connect.jpg 1000w\" sizes=\"(max-width: 1000px) 100vw, 1000px\" \/><\/span><\/div><\/div><\/div><div class=\"fusion-layout-column fusion_builder_column fusion-builder-column-5 fusion_builder_column_1_5 1_5 fusion-flex-column\" style=\"--awb-bg-size:cover;--awb-width-large:20%;--awb-margin-top-large:0px;--awb-spacing-right-large:9.6%;--awb-margin-bottom-large:0px;--awb-spacing-left-large:9.6%;--awb-width-medium:20%;--awb-order-medium:0;--awb-spacing-right-medium:9.6%;--awb-spacing-left-medium:9.6%;--awb-width-small:50%;--awb-order-small:0;--awb-spacing-right-small:3.84%;--awb-spacing-left-small:3.84%;\"><div class=\"fusion-column-wrapper fusion-column-has-shadow fusion-flex-justify-content-flex-start fusion-content-layout-column\"><div class=\"fusion-image-element sm-text-align-center\" style=\"--awb-caption-title-font-family:var(--h2_typography-font-family);--awb-caption-title-font-weight:var(--h2_typography-font-weight);--awb-caption-title-font-style:var(--h2_typography-font-style);--awb-caption-title-size:var(--h2_typography-font-size);--awb-caption-title-transform:var(--h2_typography-text-transform);--awb-caption-title-line-height:var(--h2_typography-line-height);--awb-caption-title-letter-spacing:var(--h2_typography-letter-spacing);\"><span class=\" fusion-imageframe imageframe-none imageframe-4 hover-type-none\"><img decoding=\"async\" width=\"1000\" height=\"1000\" title=\"0594025f-orgami-sistec-tresore\" src=\"https:\/\/nautagroup.com\/wp-content\/uploads\/2022\/10\/0594025f-orgami-sistec-tresore.jpg\" alt class=\"img-responsive wp-image-6949\" srcset=\"https:\/\/nautagroup.com\/wp-content\/uploads\/2022\/10\/0594025f-orgami-sistec-tresore-150x150.jpg 150w, https:\/\/nautagroup.com\/wp-content\/uploads\/2022\/10\/0594025f-orgami-sistec-tresore-300x300.jpg 300w, https:\/\/nautagroup.com\/wp-content\/uploads\/2022\/10\/0594025f-orgami-sistec-tresore-768x768.jpg 768w, https:\/\/nautagroup.com\/wp-content\/uploads\/2022\/10\/0594025f-orgami-sistec-tresore.jpg 1000w\" sizes=\"(max-width: 1000px) 100vw, 1000px\" \/><\/span><\/div><\/div><\/div><div class=\"fusion-layout-column fusion_builder_column fusion-builder-column-6 fusion_builder_column_1_5 1_5 fusion-flex-column\" style=\"--awb-bg-size:cover;--awb-width-large:20%;--awb-margin-top-large:0px;--awb-spacing-right-large:9.6%;--awb-margin-bottom-large:0px;--awb-spacing-left-large:9.6%;--awb-width-medium:20%;--awb-order-medium:0;--awb-spacing-right-medium:9.6%;--awb-spacing-left-medium:9.6%;--awb-width-small:50%;--awb-order-small:0;--awb-spacing-right-small:3.84%;--awb-spacing-left-small:3.84%;\"><div class=\"fusion-column-wrapper fusion-column-has-shadow fusion-flex-justify-content-flex-start fusion-content-layout-column\"><div class=\"fusion-image-element sm-text-align-center\" style=\"--awb-caption-title-font-family:var(--h2_typography-font-family);--awb-caption-title-font-weight:var(--h2_typography-font-weight);--awb-caption-title-font-style:var(--h2_typography-font-style);--awb-caption-title-size:var(--h2_typography-font-size);--awb-caption-title-transform:var(--h2_typography-text-transform);--awb-caption-title-line-height:var(--h2_typography-line-height);--awb-caption-title-letter-spacing:var(--h2_typography-letter-spacing);\"><span class=\" fusion-imageframe imageframe-none imageframe-5 hover-type-none\"><img decoding=\"async\" width=\"1000\" height=\"1000\" title=\"Nauta-services\" src=\"https:\/\/nautagroup.com\/wp-content\/uploads\/2022\/10\/f814e5cf-nauta-services.jpg\" alt class=\"img-responsive wp-image-6955\" srcset=\"https:\/\/nautagroup.com\/wp-content\/uploads\/2022\/10\/f814e5cf-nauta-services-150x150.jpg 150w, https:\/\/nautagroup.com\/wp-content\/uploads\/2022\/10\/f814e5cf-nauta-services-300x300.jpg 300w, https:\/\/nautagroup.com\/wp-content\/uploads\/2022\/10\/f814e5cf-nauta-services-768x768.jpg 768w, https:\/\/nautagroup.com\/wp-content\/uploads\/2022\/10\/f814e5cf-nauta-services.jpg 1000w\" sizes=\"(max-width: 1000px) 100vw, 1000px\" \/><\/span><\/div><\/div><\/div><\/div><\/div><div class=\"fusion-fullwidth fullwidth-box fusion-builder-row-4 fusion-flex-container has-pattern-background has-mask-background nonhundred-percent-fullwidth non-hundred-percent-height-scrolling\" style=\"--awb-border-radius-top-left:0px;--awb-border-radius-top-right:0px;--awb-border-radius-bottom-right:0px;--awb-border-radius-bottom-left:0px;--awb-margin-bottom:-30px;--awb-margin-top-medium:30px;--awb-background-color:var(--awb-color7);--awb-flex-wrap:wrap;\" ><div class=\"fusion-builder-row fusion-row fusion-flex-align-items-center fusion-flex-content-wrap\" style=\"max-width:1040px;margin-left: calc(-4% \/ 2 );margin-right: calc(-4% \/ 2 );\"><div class=\"fusion-layout-column fusion_builder_column fusion-builder-column-7 fusion_builder_column_1_2 1_2 fusion-flex-column\" style=\"--awb-bg-size:cover;--awb-width-large:50%;--awb-margin-top-large:-30px;--awb-spacing-right-large:3.84%;--awb-margin-bottom-large:-30px;--awb-spacing-left-large:3.84%;--awb-width-medium:50%;--awb-order-medium:0;--awb-spacing-right-medium:3.84%;--awb-spacing-left-medium:3.84%;--awb-width-small:100%;--awb-order-small:0;--awb-spacing-right-small:1.92%;--awb-spacing-left-small:1.92%;\"><div class=\"fusion-column-wrapper fusion-column-has-shadow fusion-flex-justify-content-flex-start fusion-content-layout-column\"><div class=\"fusion-image-element \" style=\"--awb-aspect-ratio:1 \/ 1;--awb-caption-title-font-family:var(--h2_typography-font-family);--awb-caption-title-font-weight:var(--h2_typography-font-weight);--awb-caption-title-font-style:var(--h2_typography-font-style);--awb-caption-title-size:var(--h2_typography-font-size);--awb-caption-title-transform:var(--h2_typography-text-transform);--awb-caption-title-line-height:var(--h2_typography-line-height);--awb-caption-title-letter-spacing:var(--h2_typography-letter-spacing);\"><span class=\" fusion-imageframe imageframe-none imageframe-6 hover-type-none has-aspect-ratio\"><img decoding=\"async\" width=\"1000\" height=\"1000\" title=\"40a7c431-img_8090\" src=\"https:\/\/nautagroup.com\/wp-content\/uploads\/2021\/06\/40a7c431-img_8090.jpg\" class=\"img-responsive wp-image-6019 img-with-aspect-ratio\" data-parent-fit=\"cover\" data-parent-container=\".fusion-image-element\" alt srcset=\"https:\/\/nautagroup.com\/wp-content\/uploads\/2021\/06\/40a7c431-img_8090-150x150.jpg 150w, https:\/\/nautagroup.com\/wp-content\/uploads\/2021\/06\/40a7c431-img_8090-300x300.jpg 300w, https:\/\/nautagroup.com\/wp-content\/uploads\/2021\/06\/40a7c431-img_8090-768x768.jpg 768w, https:\/\/nautagroup.com\/wp-content\/uploads\/2021\/06\/40a7c431-img_8090.jpg 1000w\" sizes=\"(max-width: 1000px) 100vw, 1000px\" \/><\/span><\/div><\/div><\/div><div class=\"fusion-layout-column fusion_builder_column fusion-builder-column-8 fusion_builder_column_1_2 1_2 fusion-flex-column\" style=\"--awb-bg-size:cover;--awb-width-large:50%;--awb-margin-top-large:0px;--awb-spacing-right-large:3.84%;--awb-margin-bottom-large:0px;--awb-spacing-left-large:3.84%;--awb-width-medium:50%;--awb-order-medium:0;--awb-spacing-right-medium:3.84%;--awb-spacing-left-medium:3.84%;--awb-width-small:100%;--awb-order-small:0;--awb-margin-top-small:60px;--awb-spacing-right-small:1.92%;--awb-spacing-left-small:1.92%;\"><div class=\"fusion-column-wrapper fusion-column-has-shadow fusion-flex-justify-content-flex-start fusion-content-layout-column\"><div class=\"fusion-title title fusion-title-2 fusion-sep-none fusion-title-text fusion-title-size-four\" style=\"--awb-text-color:var(--awb-color5);--awb-font-size:1.25rem;\"><h4 class=\"fusion-title-heading title-heading-left\" style=\"margin:0;font-size:1em;line-height:1.5rem;\">Wybe Jan Nauta, MBA | Directeur Nauta Group<\/h4><\/div><div class=\"fusion-text fusion-text-3\" style=\"--awb-font-size:28px;--awb-line-height:2.5rem;\"><p>\u201cLe Groupe Nauta est synonyme d\u2019une entreprise familiale engag\u00e9e, polyvalente et inventive. Nous serons ravis de vous accueillir \u00e0 notre centre d\u2019exp\u00e9rience \u00e0 Barneveld pour trouver la solution qui vous convient le mieux.\u201d<\/p>\n<\/div><\/div><\/div><\/div><\/div><div class=\"fusion-fullwidth fullwidth-box fusion-builder-row-5 fusion-flex-container has-pattern-background has-mask-background nonhundred-percent-fullwidth non-hundred-percent-height-scrolling\" style=\"--awb-border-radius-top-left:0px;--awb-border-radius-top-right:0px;--awb-border-radius-bottom-right:0px;--awb-border-radius-bottom-left:0px;--awb-margin-top:120px;--awb-margin-bottom:60px;--awb-flex-wrap:wrap;\" ><div class=\"fusion-builder-row fusion-row fusion-flex-align-items-flex-start fusion-flex-content-wrap\" style=\"max-width:1040px;margin-left: calc(-4% \/ 2 );margin-right: calc(-4% \/ 2 );\"><div class=\"fusion-layout-column fusion_builder_column fusion-builder-column-9 fusion_builder_column_1_1 1_1 fusion-flex-column\" style=\"--awb-bg-size:cover;--awb-width-large:100%;--awb-margin-top-large:0px;--awb-spacing-right-large:9.6%;--awb-margin-bottom-large:0px;--awb-spacing-left-large:9.6%;--awb-width-medium:100%;--awb-order-medium:0;--awb-spacing-right-medium:9.6%;--awb-spacing-left-medium:9.6%;--awb-width-small:100%;--awb-order-small:0;--awb-spacing-right-small:1.92%;--awb-spacing-left-small:1.92%;\"><div class=\"fusion-column-wrapper fusion-column-has-shadow fusion-flex-justify-content-flex-start fusion-content-layout-column\"><div class=\"fusion-title title fusion-title-3 fusion-sep-none fusion-title-text fusion-title-size-two\"><h2 class=\"fusion-title-heading title-heading-left\" style=\"margin:0;\">Notre mission<\/h2><\/div><div class=\"fusion-text fusion-text-4\"><p>Le Groupe Nauta contribue r\u00e9ellement \u00e0 la s\u00e9curit\u00e9, que ce soit \u00e0 la maison, \u00e0 l\u2019\u00e9cole, au travail ou n\u2019importe o\u00f9 ailleurs. Nous d\u00e9passons les attentes de nos clients en effectuant correctement notre travail. Le nom de Nauta garantit la qualit\u00e9, le savoir-faire et la fiabilit\u00e9 et nous en sommes fiers !<\/p>\n<\/div><div class=\"fusion-separator fusion-full-width-sep\" style=\"align-self: center;margin-left: auto;margin-right: auto;width:100%;\"><div class=\"fusion-separator-border sep-single sep-solid\" style=\"--awb-height:20px;--awb-amount:20px;--awb-sep-color:var(--awb-color4);border-color:var(--awb-color4);border-top-width:1px;\"><\/div><\/div><div class=\"fusion-text fusion-text-5 fusion-text-no-margin\" style=\"--awb-content-alignment:center;--awb-font-size:2.75rem;--awb-line-height:3.625rem;--awb-text-color:var(--awb-color5);--awb-margin-top:30px;--awb-margin-bottom:30px;--awb-text-font-family:&quot;Roboto&quot;;--awb-text-font-style:italic;--awb-text-font-weight:300;\"><p>Notre ambition est de contribuer r\u00e9ellement \u00e0 la s\u00e9curit\u00e9 \u00e0 la maison, \u00e0 l\u2019\u00e9cole, au travail ou ailleurs.<\/p>\n<\/div><div class=\"fusion-separator fusion-full-width-sep\" style=\"align-self: center;margin-left: auto;margin-right: auto;width:100%;\"><div class=\"fusion-separator-border sep-single sep-solid\" style=\"--awb-height:20px;--awb-amount:20px;--awb-sep-color:var(--awb-color4);border-color:var(--awb-color4);border-top-width:1px;\"><\/div><\/div><\/div><\/div><\/div><\/div><div class=\"fusion-fullwidth fullwidth-box fusion-builder-row-6 fusion-flex-container has-pattern-background has-mask-background nonhundred-percent-fullwidth non-hundred-percent-height-scrolling\" style=\"--awb-border-radius-top-left:0px;--awb-border-radius-top-right:0px;--awb-border-radius-bottom-right:0px;--awb-border-radius-bottom-left:0px;--awb-margin-top:60px;--awb-margin-bottom:60px;--awb-flex-wrap:wrap;\" ><div class=\"fusion-builder-row fusion-row fusion-flex-align-items-flex-start fusion-flex-content-wrap\" style=\"max-width:1040px;margin-left: calc(-4% \/ 2 );margin-right: calc(-4% \/ 2 );\"><div class=\"fusion-layout-column fusion_builder_column fusion-builder-column-10 fusion_builder_column_1_1 1_1 fusion-flex-column\" style=\"--awb-bg-size:cover;--awb-width-large:100%;--awb-margin-top-large:0px;--awb-spacing-right-large:9.6%;--awb-margin-bottom-large:0px;--awb-spacing-left-large:9.6%;--awb-width-medium:100%;--awb-order-medium:0;--awb-spacing-right-medium:9.6%;--awb-spacing-left-medium:9.6%;--awb-width-small:100%;--awb-order-small:0;--awb-spacing-right-small:1.92%;--awb-spacing-left-small:1.92%;\"><div class=\"fusion-column-wrapper fusion-column-has-shadow fusion-flex-justify-content-flex-start fusion-content-layout-column\"><div class=\"fusion-title title fusion-title-4 fusion-sep-none fusion-title-text fusion-title-size-two\"><h2 class=\"fusion-title-heading title-heading-left\" style=\"margin:0;\">Une entreprise au d\u00e9veloppement durable<\/h2><\/div><div class=\"fusion-text fusion-text-6\"><p>\u00catre responsable en mati\u00e8re d\u2019\u00e9nergie et envers les collaborateurs ; nous sommes ravis de contribuer \u00e0 un monde plus durable. Notre politique s\u2019articule autour de piliers :<\/p>\n<\/div><ul style=\"--awb-line-height:27.2px;--awb-icon-width:27.2px;--awb-icon-height:27.2px;--awb-icon-margin:11.2px;--awb-content-margin:38.4px;--awb-circlecolor:var(--awb-color4);--awb-circle-yes-font-size:14.08px;\" class=\"fusion-checklist fusion-checklist-1 fusion-checklist-default type-icons\"><li class=\"fusion-li-item\" style=\"--awb-circlecolor:rgba(163,163,163,0);--awb-iconcolor:var(--awb-color5);\"><span class=\"icon-wrapper circle-yes\"><i class=\"fusion-li-icon fa-angle-right fas\" aria-hidden=\"true\"><\/i><\/span><div class=\"fusion-li-item-content\">\n<p>Nos produits<\/p>\n<\/div><\/li><li class=\"fusion-li-item\" style=\"--awb-circlecolor:rgba(163,163,163,0);--awb-iconcolor:var(--awb-color5);\"><span class=\"icon-wrapper circle-yes\"><i class=\"fusion-li-icon fa-angle-right fas\" aria-hidden=\"true\"><\/i><\/span><div class=\"fusion-li-item-content\">\n<p>Notre gestion<\/p>\n<\/div><\/li><li class=\"fusion-li-item\" style=\"--awb-circlecolor:rgba(163,163,163,0);--awb-iconcolor:var(--awb-color5);\"><span class=\"icon-wrapper circle-yes\"><i class=\"fusion-li-icon fa-angle-right fas\" aria-hidden=\"true\"><\/i><\/span><div class=\"fusion-li-item-content\">\n<p>Notre personnel<\/p>\n<\/div><\/li><li class=\"fusion-li-item\" style=\"--awb-circlecolor:rgba(163,163,163,0);--awb-iconcolor:var(--awb-color5);\"><span class=\"icon-wrapper circle-yes\"><i class=\"fusion-li-icon fa-angle-right fas\" aria-hidden=\"true\"><\/i><\/span><div class=\"fusion-li-item-content\">\n<p>Notre environnement<\/p>\n<\/div><\/li><\/ul><div class=\"fusion-text fusion-text-7\" style=\"--awb-margin-top:20px;\"><p>Nous vous expliquons plus en d\u00e9tail comment nous mettons en \u0153uvre notre politique de responsabilit\u00e9 sociale.<\/p>\n<\/div><\/div><\/div><\/div><\/div><\/p>\n","protected":false},"excerpt":{"rendered":"","protected":false},"author":6941,"featured_media":5821,"parent":0,"menu_order":0,"comment_status":"closed","ping_status":"closed","template":"100-width.php","meta":{"_acf_changed":false,"footnotes":""},"class_list":["post-7995","page","type-page","status-publish","has-post-thumbnail","hentry"],"acf":[],"_links":{"self":[{"href":"https:\/\/nautagroup.com\/fr\/wp-json\/wp\/v2\/pages\/7995","targetHints":{"allow":["GET"]}}],"collection":[{"href":"https:\/\/nautagroup.com\/fr\/wp-json\/wp\/v2\/pages"}],"about":[{"href":"https:\/\/nautagroup.com\/fr\/wp-json\/wp\/v2\/types\/page"}],"author":[{"embeddable":true,"href":"https:\/\/nautagroup.com\/fr\/wp-json\/wp\/v2\/users\/6941"}],"replies":[{"embeddable":true,"href":"https:\/\/nautagroup.com\/fr\/wp-json\/wp\/v2\/comments?post=7995"}],"version-history":[{"count":6,"href":"https:\/\/nautagroup.com\/fr\/wp-json\/wp\/v2\/pages\/7995\/revisions"}],"predecessor-version":[{"id":8190,"href":"https:\/\/nautagroup.com\/fr\/wp-json\/wp\/v2\/pages\/7995\/revisions\/8190"}],"wp:featuredmedia":[{"embeddable":true,"href":"https:\/\/nautagroup.com\/fr\/wp-json\/wp\/v2\/media\/5821"}],"wp:attachment":[{"href":"https:\/\/nautagroup.com\/fr\/wp-json\/wp\/v2\/media?parent=7995"}],"curies":[{"name":"wp","href":"https:\/\/api.w.org\/{rel}","templated":true}]}}