{"id":9391,"date":"2026-05-13T10:49:05","date_gmt":"2026-05-13T08:49:05","guid":{"rendered":"https:\/\/nautagroup.com\/co%e2%82%82-performance-leiter\/"},"modified":"2026-05-13T12:04:19","modified_gmt":"2026-05-13T10:04:19","slug":"co%e2%82%82-performance-leiter","status":"publish","type":"page","link":"https:\/\/nautagroup.com\/de\/co%e2%82%82-performance-leiter\/","title":{"rendered":"CO\u2082-Performance-Leiter"},"content":{"rendered":"<p><div class=\"fusion-fullwidth fullwidth-box fusion-builder-row-1 fusion-flex-container has-pattern-background has-mask-background nonhundred-percent-fullwidth non-hundred-percent-height-scrolling\" style=\"--awb-border-radius-top-left:0px;--awb-border-radius-top-right:0px;--awb-border-radius-bottom-right:0px;--awb-border-radius-bottom-left:0px;--awb-padding-bottom:2%;--awb-margin-top:60px;--awb-flex-wrap:wrap;\" ><div class=\"fusion-builder-row fusion-row fusion-flex-align-items-center fusion-flex-content-wrap\" style=\"max-width:1040px;margin-left: calc(-4% \/ 2 );margin-right: calc(-4% \/ 2 );\"><div class=\"fusion-layout-column fusion_builder_column fusion-builder-column-0 fusion_builder_column_3_4 3_4 fusion-flex-column\" style=\"--awb-bg-size:cover;--awb-width-large:75%;--awb-margin-top-large:0px;--awb-spacing-right-large:2.56%;--awb-margin-bottom-large:0px;--awb-spacing-left-large:0%;--awb-width-medium:75%;--awb-order-medium:0;--awb-spacing-right-medium:2.56%;--awb-spacing-left-medium:0%;--awb-width-small:100%;--awb-order-small:0;--awb-spacing-right-small:1.92%;--awb-spacing-left-small:1.92%;\"><div class=\"fusion-column-wrapper fusion-column-has-shadow fusion-flex-justify-content-flex-start fusion-content-layout-column\"><div class=\"fusion-text fusion-text-1\" style=\"--awb-font-size:1.25rem;--awb-text-font-family:&quot;Roboto&quot;;--awb-text-font-style:normal;--awb-text-font-weight:400;\"><p>Bei der Nauta Group arbeiten wir aktiv daran, unsere CO\u2082-Emissionen zu reduzieren. Deshalb sind wir auf Stufe 3 der CO\u2082-Performance-Leiter zertifiziert. <\/p>\n<p>Die CO\u2082-Performance-Leiter ist ein Instrument, das Organisationen dabei unterst\u00fctzt, ihre Emissionen zu messen, zu reduzieren und transparent dar\u00fcber zu kommunizieren.<\/p>\n<\/div><\/div><\/div><div class=\"fusion-layout-column fusion_builder_column fusion-builder-column-1 fusion_builder_column_1_4 1_4 fusion-flex-column\" style=\"--awb-bg-size:cover;--awb-width-large:25%;--awb-margin-top-large:0px;--awb-spacing-right-large:0%;--awb-margin-bottom-large:0px;--awb-spacing-left-large:7.68%;--awb-width-medium:25%;--awb-order-medium:0;--awb-spacing-right-medium:0%;--awb-spacing-left-medium:7.68%;--awb-width-small:100%;--awb-order-small:0;--awb-spacing-right-small:1.92%;--awb-spacing-left-small:1.92%;\"><div class=\"fusion-column-wrapper fusion-column-has-shadow fusion-flex-justify-content-flex-start fusion-content-layout-column\"><div class=\"fusion-image-element \" style=\"--awb-caption-title-font-family:var(--h2_typography-font-family);--awb-caption-title-font-weight:var(--h2_typography-font-weight);--awb-caption-title-font-style:var(--h2_typography-font-style);--awb-caption-title-size:var(--h2_typography-font-size);--awb-caption-title-transform:var(--h2_typography-text-transform);--awb-caption-title-line-height:var(--h2_typography-line-height);--awb-caption-title-letter-spacing:var(--h2_typography-letter-spacing);\"><span class=\" fusion-imageframe imageframe-none imageframe-1 hover-type-none\"><img decoding=\"async\" width=\"1000\" height=\"722\" title=\"LogoCO2PL\" src=\"https:\/\/nautagroup.com\/wp-content\/uploads\/2025\/01\/LogoCO2PL.png\" alt class=\"img-responsive wp-image-7889\" srcset=\"https:\/\/nautagroup.com\/wp-content\/uploads\/2025\/01\/LogoCO2PL-300x217.png 300w, https:\/\/nautagroup.com\/wp-content\/uploads\/2025\/01\/LogoCO2PL-768x554.png 768w, https:\/\/nautagroup.com\/wp-content\/uploads\/2025\/01\/LogoCO2PL.png 1000w\" sizes=\"(max-width: 1000px) 100vw, 1000px\" \/><\/span><\/div><\/div><\/div><\/div><\/div><div class=\"fusion-fullwidth fullwidth-box fusion-builder-row-2 fusion-flex-container has-pattern-background has-mask-background nonhundred-percent-fullwidth non-hundred-percent-height-scrolling\" style=\"--awb-border-radius-top-left:0px;--awb-border-radius-top-right:0px;--awb-border-radius-bottom-right:0px;--awb-border-radius-bottom-left:0px;--awb-padding-top:40px;--awb-padding-bottom:40px;--awb-margin-top:0px;--awb-background-color:var(--awb-color7);--awb-flex-wrap:wrap;\" id=\"onze-bedrijfsvoering\" ><div class=\"fusion-builder-row fusion-row fusion-flex-align-items-center fusion-flex-content-wrap\" style=\"max-width:1040px;margin-left: calc(-4% \/ 2 );margin-right: calc(-4% \/ 2 );\"><div class=\"fusion-layout-column fusion_builder_column fusion-builder-column-2 fusion_builder_column_1_2 1_2 fusion-flex-column\" style=\"--awb-bg-size:cover;--awb-width-large:50%;--awb-margin-top-large:0px;--awb-spacing-right-large:3.84%;--awb-margin-bottom-large:0px;--awb-spacing-left-large:0%;--awb-width-medium:50%;--awb-order-medium:0;--awb-spacing-right-medium:3.84%;--awb-spacing-left-medium:0%;--awb-width-small:100%;--awb-order-small:0;--awb-margin-top-small:60px;--awb-spacing-right-small:1.92%;--awb-spacing-left-small:1.92%;\"><div class=\"fusion-column-wrapper fusion-column-has-shadow fusion-flex-justify-content-flex-start fusion-content-layout-column\"><div class=\"fusion-image-element \" style=\"--awb-caption-title-font-family:var(--h2_typography-font-family);--awb-caption-title-font-weight:var(--h2_typography-font-weight);--awb-caption-title-font-style:var(--h2_typography-font-style);--awb-caption-title-size:var(--h2_typography-font-size);--awb-caption-title-transform:var(--h2_typography-text-transform);--awb-caption-title-line-height:var(--h2_typography-line-height);--awb-caption-title-letter-spacing:var(--h2_typography-letter-spacing);\"><span class=\" fusion-imageframe imageframe-none imageframe-2 hover-type-none\"><img decoding=\"async\" width=\"500\" height=\"500\" title=\"nautagroup-ladder\" src=\"https:\/\/nautagroup.com\/wp-content\/uploads\/2025\/01\/nautagroup-ladder.png\" alt class=\"img-responsive wp-image-7898\" srcset=\"https:\/\/nautagroup.com\/wp-content\/uploads\/2025\/01\/nautagroup-ladder-150x150.png 150w, https:\/\/nautagroup.com\/wp-content\/uploads\/2025\/01\/nautagroup-ladder-300x300.png 300w, https:\/\/nautagroup.com\/wp-content\/uploads\/2025\/01\/nautagroup-ladder.png 500w\" sizes=\"(max-width: 500px) 100vw, 500px\" \/><\/span><\/div><\/div><\/div><div class=\"fusion-layout-column fusion_builder_column fusion-builder-column-3 fusion_builder_column_1_2 1_2 fusion-flex-column\" style=\"--awb-bg-size:cover;--awb-width-large:50%;--awb-margin-top-large:0px;--awb-spacing-right-large:3.84%;--awb-margin-bottom-large:0px;--awb-spacing-left-large:0%;--awb-width-medium:50%;--awb-order-medium:0;--awb-spacing-right-medium:3.84%;--awb-spacing-left-medium:0%;--awb-width-small:100%;--awb-order-small:0;--awb-margin-top-small:60px;--awb-spacing-right-small:1.92%;--awb-spacing-left-small:1.92%;\"><div class=\"fusion-column-wrapper fusion-column-has-shadow fusion-flex-justify-content-flex-start fusion-content-layout-column\"><div class=\"fusion-title title fusion-title-1 fusion-sep-none fusion-title-text fusion-title-size-three\" style=\"--awb-text-color:var(--awb-color5);\"><h3 class=\"fusion-title-heading title-heading-left\" style=\"margin:0;\">Was bedeutet Stufe 3?<\/h3><\/div><div class=\"fusion-text fusion-text-2\" style=\"--awb-text-color:var(--awb-color8);\"><p>Mit Stufe 3 zeigen wir, dass wir vollst\u00e4ndige Transparenz \u00fcber unsere CO\u2082-Emissionen haben und aktiv an deren Reduzierung arbeiten. <\/p>\n<p>Konkret bedeutet das, dass wir:<\/p>\n<ul>\n<li>Unsere CO\u2082-Emissionen aus beispielsweise Kraftstoff- und Stromverbrauch messen<\/li>\n<li>Klare Ziele zur Reduzierung dieser Emissionen festlegen<\/li>\n<li>Ma\u00dfnahmen ergreifen und bewusste Entscheidungen beim Energieverbrauch treffen sowie diese in unseren Arbeitsprozessen verankern<\/li>\n<li>Unsere Mitarbeitenden in das Thema Nachhaltigkeit einbeziehen und aktiv informieren<\/li>\n<li>Transparent und nachvollziehbar \u00fcber unsere Fortschritte und Ergebnisse kommunizieren<\/li>\n<\/ul>\n<\/div><\/div><\/div><\/div><\/div><div class=\"fusion-fullwidth fullwidth-box fusion-builder-row-3 fusion-flex-container has-pattern-background has-mask-background nonhundred-percent-fullwidth non-hundred-percent-height-scrolling\" style=\"--awb-border-radius-top-left:0px;--awb-border-radius-top-right:0px;--awb-border-radius-bottom-right:0px;--awb-border-radius-bottom-left:0px;--awb-margin-top:60px;--awb-flex-wrap:wrap;\" ><div class=\"fusion-builder-row fusion-row fusion-flex-align-items-flex-start fusion-flex-justify-content-center fusion-flex-content-wrap\" style=\"max-width:1040px;margin-left: calc(-4% \/ 2 );margin-right: calc(-4% \/ 2 );\"><div class=\"fusion-layout-column fusion_builder_column fusion-builder-column-4 fusion_builder_column_4_5 4_5 fusion-flex-column\" style=\"--awb-bg-size:cover;--awb-width-large:80%;--awb-margin-top-large:0px;--awb-spacing-right-large:0%;--awb-margin-bottom-large:0px;--awb-spacing-left-large:0%;--awb-width-medium:80%;--awb-order-medium:0;--awb-spacing-right-medium:0%;--awb-spacing-left-medium:0%;--awb-width-small:100%;--awb-order-small:0;--awb-spacing-right-small:1.92%;--awb-spacing-left-small:1.92%;\"><div class=\"fusion-column-wrapper fusion-column-has-shadow fusion-flex-justify-content-flex-start fusion-content-layout-column\"><div class=\"fusion-text fusion-text-3\" style=\"--awb-font-size:1.25rem;--awb-text-font-family:&quot;Roboto&quot;;--awb-text-font-style:normal;--awb-text-font-weight:400;\"><\/div><div class=\"fusion-title title fusion-title-2 fusion-sep-none fusion-title-center fusion-title-text fusion-title-size-three\" style=\"--awb-text-color:var(--awb-color5);\"><h3 class=\"fusion-title-heading title-heading-center\" style=\"margin:0;\">Unser Ziel<\/h3><\/div><div class=\"fusion-text fusion-text-4\" style=\"--awb-content-alignment:center;--awb-text-color:var(--awb-color8);\"><p>Unser Hauptziel ist es, unsere CO\u2082-Emissionen im Zeitraum von 2024 bis einschlie\u00dflich 2027 um 12 % gegen\u00fcber 2023 zu reduzieren.<\/p>\n<\/div><div class=\"fusion-image-element \" style=\"--awb-caption-title-font-family:var(--h2_typography-font-family);--awb-caption-title-font-weight:var(--h2_typography-font-weight);--awb-caption-title-font-style:var(--h2_typography-font-style);--awb-caption-title-size:var(--h2_typography-font-size);--awb-caption-title-transform:var(--h2_typography-text-transform);--awb-caption-title-line-height:var(--h2_typography-line-height);--awb-caption-title-letter-spacing:var(--h2_typography-letter-spacing);\"><span class=\" fusion-imageframe imageframe-none imageframe-3 hover-type-none\"><img decoding=\"async\" width=\"2048\" height=\"1152\" title=\"C02-ladder-footprint-2025-H1\" src=\"https:\/\/nautagroup.com\/wp-content\/uploads\/2026\/01\/C02-ladder-footprint-2025-H1.jpg\" alt class=\"img-responsive wp-image-8987\" srcset=\"https:\/\/nautagroup.com\/wp-content\/uploads\/2026\/01\/C02-ladder-footprint-2025-H1-200x113.jpg 200w, https:\/\/nautagroup.com\/wp-content\/uploads\/2026\/01\/C02-ladder-footprint-2025-H1-400x225.jpg 400w, https:\/\/nautagroup.com\/wp-content\/uploads\/2026\/01\/C02-ladder-footprint-2025-H1-600x338.jpg 600w, https:\/\/nautagroup.com\/wp-content\/uploads\/2026\/01\/C02-ladder-footprint-2025-H1-800x450.jpg 800w, https:\/\/nautagroup.com\/wp-content\/uploads\/2026\/01\/C02-ladder-footprint-2025-H1-1200x675.jpg 1200w, https:\/\/nautagroup.com\/wp-content\/uploads\/2026\/01\/C02-ladder-footprint-2025-H1.jpg 2048w\" sizes=\"(max-width: 640px) 100vw, 1200px\" \/><\/span><\/div><\/div><\/div><\/div><\/div><div class=\"fusion-fullwidth fullwidth-box fusion-builder-row-4 fusion-flex-container has-pattern-background has-mask-background nonhundred-percent-fullwidth non-hundred-percent-height-scrolling\" style=\"--awb-border-radius-top-left:0px;--awb-border-radius-top-right:0px;--awb-border-radius-bottom-right:0px;--awb-border-radius-bottom-left:0px;--awb-padding-top:2%;--awb-padding-bottom:2%;--awb-margin-top:60px;--awb-background-color:var(--awb-color7);--awb-flex-wrap:wrap;\" id=\"onze-producten-en-partners\" ><div class=\"fusion-builder-row fusion-row fusion-flex-align-items-flex-end fusion-flex-content-wrap\" style=\"max-width:1040px;margin-left: calc(-4% \/ 2 );margin-right: calc(-4% \/ 2 );\"><div class=\"fusion-layout-column fusion_builder_column fusion-builder-column-5 fusion_builder_column_1_2 1_2 fusion-flex-column\" style=\"--awb-bg-size:cover;--awb-width-large:50%;--awb-margin-top-large:0px;--awb-spacing-right-large:3.84%;--awb-margin-bottom-large:0px;--awb-spacing-left-large:0%;--awb-width-medium:50%;--awb-order-medium:0;--awb-spacing-right-medium:3.84%;--awb-spacing-left-medium:0%;--awb-width-small:100%;--awb-order-small:0;--awb-spacing-right-small:1.92%;--awb-spacing-left-small:1.92%;\"><div class=\"fusion-column-wrapper fusion-column-has-shadow fusion-flex-justify-content-flex-start fusion-content-layout-column\"><div class=\"fusion-text fusion-text-5\" style=\"--awb-font-size:1.25rem;--awb-text-font-family:&quot;Roboto&quot;;--awb-text-font-style:normal;--awb-text-font-weight:400;\"><\/div><div class=\"fusion-title title fusion-title-3 fusion-sep-none fusion-title-text fusion-title-size-three\" style=\"--awb-text-color:var(--awb-color5);\"><h3 class=\"fusion-title-heading title-heading-left\" style=\"margin:0;\">Onze aanpak<\/h3><\/div><div class=\"fusion-text fusion-text-6\" style=\"--awb-text-color:var(--awb-color8);\"><div>In den vergangenen Jahren hat die Nauta Group wichtige Schritte unternommen, um ihre Auswirkungen auf die Umwelt zu verringern und nachhaltiger zu wirtschaften. So sind unsere Standorte in Barneveld und Deventer mit Solaranlagen in Kombination mit permanenter Batteriespeicherung ausgestattet. Nach der Renovierung verf\u00fcgen beide Standorte zudem \u00fcber das Energielabel A+++++. Dar\u00fcber hinaus sind beide Niederlassungen vollst\u00e4ndig gasfrei.  <\/div>\n<\/div><\/div><\/div><div class=\"fusion-layout-column fusion_builder_column fusion-builder-column-6 fusion_builder_column_1_2 1_2 fusion-flex-column\" style=\"--awb-bg-size:cover;--awb-width-large:50%;--awb-margin-top-large:0px;--awb-spacing-right-large:0%;--awb-margin-bottom-large:0px;--awb-spacing-left-large:3.84%;--awb-width-medium:50%;--awb-order-medium:0;--awb-spacing-right-medium:0%;--awb-spacing-left-medium:3.84%;--awb-width-small:100%;--awb-order-small:0;--awb-spacing-right-small:1.92%;--awb-spacing-left-small:1.92%;\"><div class=\"fusion-column-wrapper fusion-column-has-shadow fusion-flex-justify-content-flex-start fusion-content-layout-column\"><div class=\"fusion-text fusion-text-7\" style=\"--awb-font-size:1.25rem;--awb-text-font-family:&quot;Roboto&quot;;--awb-text-font-style:normal;--awb-text-font-weight:400;\"><\/div><div class=\"fusion-text fusion-text-8\" style=\"--awb-text-color:var(--awb-color8);\"><p>Auch bei unseren Produkt- und Logistikentscheidungen treffen wir bewusste Entscheidungen: Die Verpackungen unserer Eigenmarke Veilig wurden von Kunststoff auf recycelbaren Karton umgestellt. Durch die B\u00fcndelung von Sendungen reduzieren wir Transportkilometer und damit unsere CO\u2082-Emissionen.<br \/>Dar\u00fcber hinaus nutzen all unsere Standorte Gr\u00fcnstrom, und wir verfolgen eine Fahrzeugpolitik mit dem Ziel, bis 2030 einen vollst\u00e4ndig elektrischen Fuhrpark zu realisieren.<\/p>\n<\/div><\/div><\/div><\/div><\/div><div class=\"fusion-fullwidth fullwidth-box fusion-builder-row-5 fusion-flex-container has-pattern-background has-mask-background nonhundred-percent-fullwidth non-hundred-percent-height-scrolling\" style=\"--awb-border-radius-top-left:0px;--awb-border-radius-top-right:0px;--awb-border-radius-bottom-right:0px;--awb-border-radius-bottom-left:0px;--awb-margin-top:60px;--awb-margin-bottom:50px;--awb-flex-wrap:wrap;\" ><div class=\"fusion-builder-row fusion-row fusion-flex-align-items-flex-start fusion-flex-justify-content-center fusion-flex-content-wrap\" style=\"max-width:1040px;margin-left: calc(-4% \/ 2 );margin-right: calc(-4% \/ 2 );\"><div class=\"fusion-layout-column fusion_builder_column fusion-builder-column-7 fusion_builder_column_2_3 2_3 fusion-flex-column\" style=\"--awb-bg-size:cover;--awb-width-large:66.666666666667%;--awb-margin-top-large:0px;--awb-spacing-right-large:0%;--awb-margin-bottom-large:0px;--awb-spacing-left-large:0%;--awb-width-medium:66.666666666667%;--awb-order-medium:0;--awb-spacing-right-medium:0%;--awb-spacing-left-medium:0%;--awb-width-small:100%;--awb-order-small:0;--awb-spacing-right-small:1.92%;--awb-spacing-left-small:1.92%;\"><div class=\"fusion-column-wrapper fusion-column-has-shadow fusion-flex-justify-content-flex-start fusion-content-layout-column\"><div class=\"fusion-text fusion-text-9\" style=\"--awb-font-size:1.25rem;--awb-text-font-family:&quot;Roboto&quot;;--awb-text-font-style:normal;--awb-text-font-weight:400;\"><\/div><div class=\"fusion-title title fusion-title-4 fusion-sep-none fusion-title-center fusion-title-text fusion-title-size-three\" style=\"--awb-text-color:var(--awb-color5);\"><h3 class=\"fusion-title-heading title-heading-center\" style=\"margin:0;\">Warum uns das wichtig ist<\/h3><\/div><div class=\"fusion-text fusion-text-10\" style=\"--awb-text-color:var(--awb-color8);\"><p style=\"text-align: center;\">Wir \u00fcbernehmen Verantwortung f\u00fcr unsere Auswirkungen auf die Umwelt. Durch einen bewussten Umgang mit Energie und Emissionen leisten wir einen Beitrag zu einer besseren Zukunft.   <\/p>\n<\/div><\/div><\/div><\/div><\/div><div class=\"fusion-fullwidth fullwidth-box fusion-builder-row-6 fusion-flex-container has-pattern-background has-mask-background nonhundred-percent-fullwidth non-hundred-percent-height-scrolling\" style=\"--awb-border-radius-top-left:0px;--awb-border-radius-top-right:0px;--awb-border-radius-bottom-right:0px;--awb-border-radius-bottom-left:0px;--awb-padding-top:30px;--awb-padding-bottom:30px;--awb-margin-top:0px;--awb-margin-bottom:0px;--awb-background-color:var(--awb-color7);--awb-flex-wrap:wrap;\" ><div class=\"fusion-builder-row fusion-row fusion-flex-align-items-center fusion-flex-content-wrap\" style=\"max-width:1040px;margin-left: calc(-4% \/ 2 );margin-right: calc(-4% \/ 2 );\"><div class=\"fusion-layout-column fusion_builder_column fusion-builder-column-8 fusion_builder_column_1_2 1_2 fusion-flex-column\" style=\"--awb-bg-size:cover;--awb-width-large:50%;--awb-margin-top-large:0px;--awb-spacing-right-large:3.84%;--awb-margin-bottom-large:0px;--awb-spacing-left-large:3.84%;--awb-width-medium:50%;--awb-order-medium:0;--awb-spacing-right-medium:3.84%;--awb-spacing-left-medium:3.84%;--awb-width-small:100%;--awb-order-small:0;--awb-spacing-right-small:1.92%;--awb-spacing-left-small:1.92%;\"><div class=\"fusion-column-wrapper fusion-column-has-shadow fusion-flex-justify-content-flex-start fusion-content-layout-column\"><div class=\"fusion-image-element \" style=\"--awb-caption-title-font-family:var(--h2_typography-font-family);--awb-caption-title-font-weight:var(--h2_typography-font-weight);--awb-caption-title-font-style:var(--h2_typography-font-style);--awb-caption-title-size:var(--h2_typography-font-size);--awb-caption-title-transform:var(--h2_typography-text-transform);--awb-caption-title-line-height:var(--h2_typography-line-height);--awb-caption-title-letter-spacing:var(--h2_typography-letter-spacing);\"><span class=\" fusion-imageframe imageframe-none imageframe-4 hover-type-none\"><img decoding=\"async\" width=\"500\" height=\"500\" title=\"c02\" src=\"https:\/\/nautagroup.com\/wp-content\/uploads\/2025\/01\/c02-1.png\" alt class=\"img-responsive wp-image-7895\" srcset=\"https:\/\/nautagroup.com\/wp-content\/uploads\/2025\/01\/c02-1-150x150.png 150w, https:\/\/nautagroup.com\/wp-content\/uploads\/2025\/01\/c02-1-300x300.png 300w, https:\/\/nautagroup.com\/wp-content\/uploads\/2025\/01\/c02-1.png 500w\" sizes=\"(max-width: 500px) 100vw, 500px\" \/><\/span><\/div><\/div><\/div><div class=\"fusion-layout-column fusion_builder_column fusion-builder-column-9 fusion_builder_column_1_2 1_2 fusion-flex-column\" style=\"--awb-bg-size:cover;--awb-width-large:50%;--awb-margin-top-large:0px;--awb-spacing-right-large:3.84%;--awb-margin-bottom-large:0px;--awb-spacing-left-large:3.84%;--awb-width-medium:50%;--awb-order-medium:0;--awb-spacing-right-medium:3.84%;--awb-spacing-left-medium:3.84%;--awb-width-small:100%;--awb-order-small:0;--awb-spacing-right-small:1.92%;--awb-spacing-left-small:1.92%;\"><div class=\"fusion-column-wrapper fusion-column-has-shadow fusion-flex-justify-content-flex-start fusion-content-layout-column\"><div class=\"fusion-title title fusion-title-5 fusion-sep-none fusion-title-text fusion-title-size-three\" style=\"--awb-text-color:var(--awb-color5);\"><h3 class=\"fusion-title-heading title-heading-left\" style=\"margin:0;\"><span style=\"font-weight: normal;\">Downloads<\/span><\/h3><\/div><div class=\"fusion-text fusion-text-11\" style=\"--awb-text-color:var(--awb-color8);\"><p><a href=\"https:\/\/nautagroup.com\/wp-content\/uploads\/2025\/01\/D03.Emissie-inventaris-2023.pdf\">Emissie-inventaris Nauta Group BV 2023<\/a><br \/>\n<span style=\"color: var(--awb-text-color); font-family: var(--awb-text-font-family); font-size: var(--awb-font-size); font-style: var(--awb-text-font-style); font-weight: var(--awb-text-font-weight); letter-spacing: var(--awb-letter-spacing); text-align: var(--awb-content-alignment); text-transform: var(--awb-text-transform); background-color: var(--awb-bg-color-hover);\"><a href=\"https:\/\/nautagroup.com\/wp-content\/uploads\/2025\/02\/D03.Emissie-inventaris-23-24-web.pdf\" target=\"_blank\" rel=\"noopener noreferrer\">Emissie-inventaris Nauta Group BV 2024 \u2013 H1<\/a><br \/>\n<\/span><span style=\"color: var(--awb-text-color); font-family: var(--awb-text-font-family); font-size: var(--awb-font-size); font-style: var(--awb-text-font-style); font-weight: var(--awb-text-font-weight); letter-spacing: var(--awb-letter-spacing); text-align: var(--awb-content-alignment); text-transform: var(--awb-text-transform); background-color: var(--awb-bg-color-hover);\"><a href=\"https:\/\/nautagroup.com\/wp-content\/uploads\/2025\/05\/Emissie-inventaris-Nauta-Group-BV-2024.pdf\" target=\"_blank\" rel=\"noopener\">Emissie-inventaris Nauta Group BV 2024<\/a><br \/>\n<a href=\"https:\/\/nautagroup.com\/wp-content\/uploads\/2025\/11\/D03.Emissie-inventaris-25-H1-web.pdf\" target=\"_blank\" rel=\"noopener\">Emissie inventaris Nauta Group BV 2025 &#8211; H1<\/a><br \/>\n<\/span><span style=\"color: var(--awb-text-color); font-family: var(--awb-text-font-family); font-size: var(--awb-font-size); font-style: var(--awb-text-font-style); font-weight: var(--awb-text-font-weight); letter-spacing: var(--awb-letter-spacing); text-align: var(--awb-content-alignment); text-transform: var(--awb-text-transform); background-color: var(--awb-bg-color-hover);\"><a href=\"https:\/\/nautagroup.com\/wp-content\/uploads\/2025\/02\/D04.Energie-management-actieplan-2024.pdf\" target=\"_blank\" rel=\"noopener noreferrer\">Management actieplan Nauta Group BV 2024<\/a><br \/>\n<\/span><span style=\"color: var(--awb-text-color); font-family: var(--awb-text-font-family); font-size: var(--awb-font-size); font-style: var(--awb-text-font-style); font-weight: var(--awb-text-font-weight); letter-spacing: var(--awb-letter-spacing); text-align: var(--awb-content-alignment); text-transform: var(--awb-text-transform); background-color: var(--awb-bg-color-hover);\"><a href=\"https:\/\/nautagroup.com\/wp-content\/uploads\/2025\/05\/D04.Energie-management-actieplan-2025.pdf\" target=\"_blank\" rel=\"noopener\">Management actieplan Nauta Group BV 2025<\/a><\/span><\/p>\n<p><span style=\"color: var(--awb-text-color); font-family: var(--awb-text-font-family); font-size: var(--awb-font-size); font-style: var(--awb-text-font-style); font-weight: var(--awb-text-font-weight); letter-spacing: var(--awb-letter-spacing); text-align: var(--awb-content-alignment); text-transform: var(--awb-text-transform); background-color: var(--awb-bg-color-hover);\"><a href=\"https:\/\/nautagroup.com\/wp-content\/uploads\/2025\/02\/C02-ladder-footprint-2024-H1-1.jpg\" target=\"_blank\" rel=\"noopener noreferrer\">Footprint H1 2024<\/a><br \/>\n<a href=\"https:\/\/nautagroup.com\/wp-content\/uploads\/2025\/05\/C02-ladder-footprint-2024.jpg\" target=\"_blank\" rel=\"noopener\">Footprint 2024<\/a><br \/>\n<a href=\"https:\/\/nautagroup.com\/wp-content\/uploads\/2026\/01\/C02-ladder-footprint-2025-H1.jpg\" target=\"_blank\" rel=\"noopener\">Footprint H1 2025<\/a><\/span><\/p>\n<p><a href=\"https:\/\/nautagroup.com\/wp-content\/uploads\/2026\/02\/Certificate_K-0223049-2_c_Nauta_Group_B.V.pdf\">CO2-Bewust certificaat<\/a><br \/>\n<span style=\"color: var(--awb-text-color); font-family: var(--awb-text-font-family); font-size: var(--awb-font-size); font-style: var(--awb-text-font-style); font-weight: var(--awb-text-font-weight); letter-spacing: var(--awb-letter-spacing); text-align: var(--awb-content-alignment); text-transform: var(--awb-text-transform); background-color: var(--awb-bg-color-hover);\"><a href=\"https:\/\/nautagroup.com\/wp-content\/uploads\/2025\/01\/Participaties-en-initiatieven-duurzaamheid-Nauta-Group-web.pdf\" target=\"_blank\" rel=\"noopener noreferrer\">Participaties en initiatieven Nauta Group<\/a><br \/>\n<\/span><a href=\"https:\/\/www.co2-prestatieladder.nl\/deelnemers\/?q=nauta&#038;type=certificaathouder%2Copdrachtgever&#038;level=1%2C2%2C3%2C4%2C5&#038;step=1%2C2%2C3&#038;sector=&#038;pId=51996\" target=\"_blank\" rel=\"noopener\"><span style=\"color: var(--awb-text-color); font-family: var(--awb-text-font-family); font-size: var(--awb-font-size); font-style: var(--awb-text-font-style); font-weight: var(--awb-text-font-weight); letter-spacing: var(--awb-letter-spacing); text-align: var(--awb-content-alignment); text-transform: var(--awb-text-transform); background-color: var(--awb-bg-color-hover);\">SKAO pagina Nauta Group<\/span><\/a><\/p>\n<\/div><\/div><\/div><\/div><\/div><\/p>\n","protected":false},"excerpt":{"rendered":"","protected":false},"author":6964,"featured_media":9491,"parent":0,"menu_order":0,"comment_status":"closed","ping_status":"closed","template":"100-width.php","meta":{"_acf_changed":false,"footnotes":""},"class_list":["post-9391","page","type-page","status-publish","has-post-thumbnail","hentry"],"acf":[],"_links":{"self":[{"href":"https:\/\/nautagroup.com\/de\/wp-json\/wp\/v2\/pages\/9391","targetHints":{"allow":["GET"]}}],"collection":[{"href":"https:\/\/nautagroup.com\/de\/wp-json\/wp\/v2\/pages"}],"about":[{"href":"https:\/\/nautagroup.com\/de\/wp-json\/wp\/v2\/types\/page"}],"author":[{"embeddable":true,"href":"https:\/\/nautagroup.com\/de\/wp-json\/wp\/v2\/users\/6964"}],"replies":[{"embeddable":true,"href":"https:\/\/nautagroup.com\/de\/wp-json\/wp\/v2\/comments?post=9391"}],"version-history":[{"count":3,"href":"https:\/\/nautagroup.com\/de\/wp-json\/wp\/v2\/pages\/9391\/revisions"}],"predecessor-version":[{"id":9394,"href":"https:\/\/nautagroup.com\/de\/wp-json\/wp\/v2\/pages\/9391\/revisions\/9394"}],"wp:featuredmedia":[{"embeddable":true,"href":"https:\/\/nautagroup.com\/de\/wp-json\/wp\/v2\/media\/9491"}],"wp:attachment":[{"href":"https:\/\/nautagroup.com\/de\/wp-json\/wp\/v2\/media?parent=9391"}],"curies":[{"name":"wp","href":"https:\/\/api.w.org\/{rel}","templated":true}]}}