{"id":9381,"date":"2026-05-13T10:38:11","date_gmt":"2026-05-13T08:38:11","guid":{"rendered":"https:\/\/nautagroup.com\/iso-27001-informationssicherheit\/"},"modified":"2026-05-13T11:59:37","modified_gmt":"2026-05-13T09:59:37","slug":"iso-27001-informationssicherheit","status":"publish","type":"page","link":"https:\/\/nautagroup.com\/de\/iso-27001-informationssicherheit\/","title":{"rendered":"ISO 27001 | Informationssicherheit"},"content":{"rendered":"<p><div class=\"fusion-fullwidth fullwidth-box fusion-builder-row-1 fusion-flex-container has-pattern-background has-mask-background nonhundred-percent-fullwidth non-hundred-percent-height-scrolling\" style=\"--awb-border-radius-top-left:0px;--awb-border-radius-top-right:0px;--awb-border-radius-bottom-right:0px;--awb-border-radius-bottom-left:0px;--awb-margin-top:60px;--awb-flex-wrap:wrap;\" ><div class=\"fusion-builder-row fusion-row fusion-flex-align-items-center fusion-flex-content-wrap\" style=\"max-width:1040px;margin-left: calc(-4% \/ 2 );margin-right: calc(-4% \/ 2 );\"><div class=\"fusion-layout-column fusion_builder_column fusion-builder-column-0 fusion_builder_column_3_4 3_4 fusion-flex-column\" style=\"--awb-bg-size:cover;--awb-width-large:75%;--awb-margin-top-large:0px;--awb-spacing-right-large:0%;--awb-margin-bottom-large:0px;--awb-spacing-left-large:0%;--awb-width-medium:75%;--awb-order-medium:0;--awb-spacing-right-medium:0%;--awb-spacing-left-medium:0%;--awb-width-small:100%;--awb-order-small:0;--awb-spacing-right-small:1.92%;--awb-spacing-left-small:1.92%;\"><div class=\"fusion-column-wrapper fusion-column-has-shadow fusion-flex-justify-content-flex-start fusion-content-layout-column\"><div class=\"fusion-text fusion-text-1\" style=\"--awb-font-size:1.25rem;--awb-text-font-family:&quot;Roboto&quot;;--awb-text-font-style:normal;--awb-text-font-weight:400;\"><p>In einer Welt, in der immer mehr Informationen digital verarbeitet werden, ist der Schutz von Daten von gro\u00dfer Bedeutung. Kunden und Partner m\u00fcssen darauf vertrauen k\u00f6nnen, dass ihre Informationen sicher sind.  <\/p>\n<\/p>\n<p>Mit unserer Zertifizierung nach ISO 27001 stellen wir sicher, dass wir Informationen auf strukturierte und sichere Weise verwalten und sch\u00fctzen. <\/p>\n<\/div><\/div><\/div><div class=\"fusion-layout-column fusion_builder_column fusion-builder-column-1 fusion_builder_column_1_4 1_4 fusion-flex-column\" style=\"--awb-bg-size:cover;--awb-width-large:25%;--awb-margin-top-large:0px;--awb-spacing-right-large:0%;--awb-margin-bottom-large:0px;--awb-spacing-left-large:0%;--awb-width-medium:25%;--awb-order-medium:0;--awb-spacing-right-medium:0%;--awb-spacing-left-medium:0%;--awb-width-small:100%;--awb-order-small:0;--awb-spacing-right-small:1.92%;--awb-spacing-left-small:1.92%;\"><div class=\"fusion-column-wrapper fusion-column-has-shadow fusion-flex-justify-content-flex-start fusion-content-layout-column\"><div class=\"fusion-image-element \" style=\"text-align:right;--awb-max-width:150px;--awb-caption-title-font-family:var(--h2_typography-font-family);--awb-caption-title-font-weight:var(--h2_typography-font-weight);--awb-caption-title-font-style:var(--h2_typography-font-style);--awb-caption-title-size:var(--h2_typography-font-size);--awb-caption-title-transform:var(--h2_typography-text-transform);--awb-caption-title-line-height:var(--h2_typography-line-height);--awb-caption-title-letter-spacing:var(--h2_typography-letter-spacing);\"><span class=\" fusion-imageframe imageframe-none imageframe-1 hover-type-none\"><img decoding=\"async\" width=\"227\" height=\"255\" title=\"Kiwa ISO_27001_NL\" src=\"https:\/\/nautagroup.com\/wp-content\/uploads\/2026\/05\/Kiwa-ISO_27001_NL.webp\" alt class=\"img-responsive wp-image-9294\" srcset=\"https:\/\/nautagroup.com\/wp-content\/uploads\/2026\/05\/Kiwa-ISO_27001_NL-200x225.webp 200w, https:\/\/nautagroup.com\/wp-content\/uploads\/2026\/05\/Kiwa-ISO_27001_NL.webp 227w\" sizes=\"(max-width: 640px) 100vw, 227px\" \/><\/span><\/div><\/div><\/div><\/div><\/div><div class=\"fusion-fullwidth fullwidth-box fusion-builder-row-2 fusion-flex-container has-pattern-background has-mask-background nonhundred-percent-fullwidth non-hundred-percent-height-scrolling\" style=\"--awb-border-radius-top-left:0px;--awb-border-radius-top-right:0px;--awb-border-radius-bottom-right:0px;--awb-border-radius-bottom-left:0px;--awb-padding-top:0px;--awb-margin-top:60px;--awb-background-color:var(--awb-color7);--awb-flex-wrap:wrap;\" id=\"onze-bedrijfsvoering\" ><div class=\"fusion-builder-row fusion-row fusion-flex-align-items-center fusion-flex-content-wrap\" style=\"max-width:1040px;margin-left: calc(-4% \/ 2 );margin-right: calc(-4% \/ 2 );\"><div class=\"fusion-layout-column fusion_builder_column fusion-builder-column-2 fusion_builder_column_1_2 1_2 fusion-flex-column\" style=\"--awb-bg-size:cover;--awb-width-large:50%;--awb-margin-top-large:0px;--awb-spacing-right-large:3.84%;--awb-margin-bottom-large:0px;--awb-spacing-left-large:0%;--awb-width-medium:50%;--awb-order-medium:0;--awb-spacing-right-medium:3.84%;--awb-spacing-left-medium:0%;--awb-width-small:100%;--awb-order-small:0;--awb-margin-top-small:60px;--awb-spacing-right-small:1.92%;--awb-spacing-left-small:1.92%;\"><div class=\"fusion-column-wrapper fusion-column-has-shadow fusion-flex-justify-content-flex-start fusion-content-layout-column\"><div class=\"fusion-title title fusion-title-1 fusion-sep-none fusion-title-text fusion-title-size-three\" style=\"--awb-text-color:var(--awb-color5);\"><h3 class=\"fusion-title-heading title-heading-left\" style=\"margin:0;\">Was bedeutet ISO 27001?<\/h3><\/div><div class=\"fusion-text fusion-text-2\" style=\"--awb-text-color:var(--awb-color8);\"><p>ISO 27001 ist der internationale Standard f\u00fcr Informationssicherheit. Dieser Standard unterst\u00fctzt Organisationen dabei, Risiken im Umgang mit Daten zu erkennen, zu steuern und kontinuierlich zu verbessern.  <\/p>\n<p>F\u00fcr die Nauta Group bedeutet dies, dass wir unsere Informationssicherheit systematisch und planm\u00e4\u00dfig organisieren. Wir identifizieren Risiken, ergreifen geeignete Ma\u00dfnahmen und \u00fcberpr\u00fcfen regelm\u00e4\u00dfig, ob diese weiterhin wirksam sind. So behalten wir die Kontrolle \u00fcber unsere Prozesse und erf\u00fcllen geltende gesetzliche und regulatorische Anforderungen.   <\/p>\n<ul>\n<\/ul>\n<\/div><\/div><\/div><div class=\"fusion-layout-column fusion_builder_column fusion-builder-column-3 fusion_builder_column_1_2 1_2 fusion-flex-column\" style=\"--awb-bg-size:cover;--awb-width-large:50%;--awb-margin-top-large:-30px;--awb-spacing-right-large:0%;--awb-margin-bottom-large:0px;--awb-spacing-left-large:3.84%;--awb-width-medium:50%;--awb-order-medium:0;--awb-spacing-right-medium:0%;--awb-spacing-left-medium:3.84%;--awb-width-small:100%;--awb-order-small:0;--awb-spacing-right-small:1.92%;--awb-spacing-left-small:1.92%;\"><div class=\"fusion-column-wrapper fusion-column-has-shadow fusion-flex-justify-content-flex-start fusion-content-layout-column\"><div class=\"fusion-image-element \" style=\"--awb-aspect-ratio:1 \/ 1;--awb-margin-bottom:-30px;--awb-caption-title-font-family:var(--h2_typography-font-family);--awb-caption-title-font-weight:var(--h2_typography-font-weight);--awb-caption-title-font-style:var(--h2_typography-font-style);--awb-caption-title-size:var(--h2_typography-font-size);--awb-caption-title-transform:var(--h2_typography-text-transform);--awb-caption-title-line-height:var(--h2_typography-line-height);--awb-caption-title-letter-spacing:var(--h2_typography-letter-spacing);\"><span class=\" fusion-imageframe imageframe-none imageframe-2 hover-type-none has-aspect-ratio\"><img decoding=\"async\" width=\"1370\" height=\"913\" title=\"Nauta-training-security-manager-2\" src=\"https:\/\/nautagroup.com\/wp-content\/uploads\/2026\/05\/Nauta-training-security-manager-2.jpg\" class=\"img-responsive wp-image-9270 img-with-aspect-ratio\" data-parent-fit=\"cover\" data-parent-container=\".fusion-image-element\" alt srcset=\"https:\/\/nautagroup.com\/wp-content\/uploads\/2026\/05\/Nauta-training-security-manager-2-200x133.jpg 200w, https:\/\/nautagroup.com\/wp-content\/uploads\/2026\/05\/Nauta-training-security-manager-2-400x267.jpg 400w, https:\/\/nautagroup.com\/wp-content\/uploads\/2026\/05\/Nauta-training-security-manager-2-600x400.jpg 600w, https:\/\/nautagroup.com\/wp-content\/uploads\/2026\/05\/Nauta-training-security-manager-2-800x533.jpg 800w, https:\/\/nautagroup.com\/wp-content\/uploads\/2026\/05\/Nauta-training-security-manager-2-1200x800.jpg 1200w, https:\/\/nautagroup.com\/wp-content\/uploads\/2026\/05\/Nauta-training-security-manager-2.jpg 1370w\" sizes=\"(max-width: 640px) 100vw, 600px\" \/><\/span><\/div><\/div><\/div><\/div><\/div><div class=\"fusion-fullwidth fullwidth-box fusion-builder-row-3 fusion-flex-container has-pattern-background has-mask-background nonhundred-percent-fullwidth non-hundred-percent-height-scrolling\" style=\"--awb-border-radius-top-left:0px;--awb-border-radius-top-right:0px;--awb-border-radius-bottom-right:0px;--awb-border-radius-bottom-left:0px;--awb-margin-top:60px;--awb-flex-wrap:wrap;\" ><div class=\"fusion-builder-row fusion-row fusion-flex-align-items-flex-start fusion-flex-content-wrap\" style=\"max-width:1040px;margin-left: calc(-4% \/ 2 );margin-right: calc(-4% \/ 2 );\"><div class=\"fusion-layout-column fusion_builder_column fusion-builder-column-4 fusion_builder_column_2_3 2_3 fusion-flex-column\" style=\"--awb-bg-size:cover;--awb-width-large:66.666666666667%;--awb-margin-top-large:0px;--awb-spacing-right-large:0%;--awb-margin-bottom-large:0px;--awb-spacing-left-large:0%;--awb-width-medium:66.666666666667%;--awb-order-medium:0;--awb-spacing-right-medium:0%;--awb-spacing-left-medium:0%;--awb-width-small:100%;--awb-order-small:0;--awb-spacing-right-small:1.92%;--awb-spacing-left-small:1.92%;\"><div class=\"fusion-column-wrapper fusion-column-has-shadow fusion-flex-justify-content-flex-start fusion-content-layout-column\"><div class=\"fusion-text fusion-text-3\" style=\"--awb-font-size:1.25rem;--awb-text-font-family:&quot;Roboto&quot;;--awb-text-font-style:normal;--awb-text-font-weight:400;\"><\/div><div class=\"fusion-title title fusion-title-2 fusion-sep-none fusion-title-text fusion-title-size-three\" style=\"--awb-text-color:var(--awb-color5);\"><h3 class=\"fusion-title-heading title-heading-left\" style=\"margin:0;\"><p style=\"text-align: left;\">Unsere Arbeitsweise<\/p><\/h3><\/div><div class=\"fusion-text fusion-text-4\" style=\"--awb-text-color:var(--awb-color8);\"><p>ISO 27001 bildet die Grundlage daf\u00fcr, wie wir Informationen sch\u00fctzen. Wir arbeiten mit klaren Verfahren und ergreifen strukturelle Ma\u00dfnahmen, um Risiken zu minimieren. <\/p>\n<p>In der Praxis bedeutet das, dass wir:<\/p>\n<ul>\n<li>Unsere Systeme und Daten umfassend sch\u00fctzen<\/li>\n<li>Den Zugriff auf Informationen auf autorisierte Personen beschr\u00e4nken<\/li>\n<li>Regelm\u00e4\u00dfige Kontrollen und \u00dcberpr\u00fcfungen durchf\u00fchren<\/li>\n<li>Unsere Mitarbeitenden dabei unterst\u00fctzen, im Arbeitsalltag bewusst und sicher mit Informationen umzugehen<\/li>\n<\/ul>\n<p>Durch diesen Ansatz bleiben Informationen zuverl\u00e4ssig, verf\u00fcgbar und optimal gesch\u00fctzt.<\/p>\n<\/div><\/div><\/div><\/div><\/div><div class=\"fusion-fullwidth fullwidth-box fusion-builder-row-4 fusion-flex-container has-pattern-background has-mask-background nonhundred-percent-fullwidth non-hundred-percent-height-scrolling\" style=\"--awb-border-radius-top-left:0px;--awb-border-radius-top-right:0px;--awb-border-radius-bottom-right:0px;--awb-border-radius-bottom-left:0px;--awb-padding-top:0%;--awb-margin-top:60px;--awb-margin-bottom:80px;--awb-background-color:var(--awb-color7);--awb-flex-wrap:wrap;\" id=\"onze-producten-en-partners\" ><div class=\"fusion-builder-row fusion-row fusion-flex-align-items-center fusion-flex-content-wrap\" style=\"max-width:1040px;margin-left: calc(-4% \/ 2 );margin-right: calc(-4% \/ 2 );\"><div class=\"fusion-layout-column fusion_builder_column fusion-builder-column-5 fusion_builder_column_1_2 1_2 fusion-flex-column\" style=\"--awb-bg-size:cover;--awb-width-large:50%;--awb-margin-top-large:-30px;--awb-spacing-right-large:4.032%;--awb-margin-bottom-large:0px;--awb-spacing-left-large:0%;--awb-width-medium:50%;--awb-order-medium:0;--awb-spacing-right-medium:4.032%;--awb-spacing-left-medium:0%;--awb-width-small:100%;--awb-order-small:0;--awb-spacing-right-small:1.92%;--awb-spacing-left-small:1.92%;\"><div class=\"fusion-column-wrapper fusion-column-has-shadow fusion-flex-justify-content-flex-start fusion-content-layout-column\"><div class=\"fusion-image-element \" style=\"--awb-aspect-ratio:1 \/ 1;--awb-margin-bottom:-30px;--awb-caption-title-font-family:var(--h2_typography-font-family);--awb-caption-title-font-weight:var(--h2_typography-font-weight);--awb-caption-title-font-style:var(--h2_typography-font-style);--awb-caption-title-size:var(--h2_typography-font-size);--awb-caption-title-transform:var(--h2_typography-text-transform);--awb-caption-title-line-height:var(--h2_typography-line-height);--awb-caption-title-letter-spacing:var(--h2_typography-letter-spacing);\"><span class=\" fusion-imageframe imageframe-none imageframe-3 hover-type-none has-aspect-ratio\"><img decoding=\"async\" width=\"1000\" height=\"1000\" title=\"Nauta-Samenwerken-Partner\" src=\"https:\/\/nautagroup.com\/wp-content\/uploads\/2026\/05\/Nauta-Samenwerken-Partner-1.jpg\" class=\"img-responsive wp-image-9250 img-with-aspect-ratio\" data-parent-fit=\"cover\" data-parent-container=\".fusion-image-element\" alt srcset=\"https:\/\/nautagroup.com\/wp-content\/uploads\/2026\/05\/Nauta-Samenwerken-Partner-1-200x200.jpg 200w, https:\/\/nautagroup.com\/wp-content\/uploads\/2026\/05\/Nauta-Samenwerken-Partner-1-400x400.jpg 400w, https:\/\/nautagroup.com\/wp-content\/uploads\/2026\/05\/Nauta-Samenwerken-Partner-1-600x600.jpg 600w, https:\/\/nautagroup.com\/wp-content\/uploads\/2026\/05\/Nauta-Samenwerken-Partner-1-800x800.jpg 800w, https:\/\/nautagroup.com\/wp-content\/uploads\/2026\/05\/Nauta-Samenwerken-Partner-1.jpg 1000w\" sizes=\"(max-width: 640px) 100vw, 600px\" \/><\/span><\/div><\/div><\/div><div class=\"fusion-layout-column fusion_builder_column fusion-builder-column-6 fusion_builder_column_1_2 1_2 fusion-flex-column\" style=\"--awb-bg-size:cover;--awb-width-large:50%;--awb-margin-top-large:0px;--awb-spacing-right-large:0%;--awb-margin-bottom-large:0px;--awb-spacing-left-large:3.84%;--awb-width-medium:50%;--awb-order-medium:0;--awb-spacing-right-medium:0%;--awb-spacing-left-medium:3.84%;--awb-width-small:100%;--awb-order-small:0;--awb-spacing-right-small:1.92%;--awb-spacing-left-small:1.92%;\"><div class=\"fusion-column-wrapper fusion-column-has-shadow fusion-flex-justify-content-flex-start fusion-content-layout-column\"><div class=\"fusion-text fusion-text-5\" style=\"--awb-font-size:1.25rem;--awb-text-font-family:&quot;Roboto&quot;;--awb-text-font-style:normal;--awb-text-font-weight:400;\"><\/div><div class=\"fusion-title title fusion-title-3 fusion-sep-none fusion-title-text fusion-title-size-three\" style=\"--awb-text-color:var(--awb-color5);\"><h3 class=\"fusion-title-heading title-heading-left\" style=\"margin:0;\">Was bedeutet das in der Praxis?<\/h3><\/div><div class=\"fusion-text fusion-text-6\" style=\"--awb-text-color:var(--awb-color8);\"><p><span data-contrast=\"auto\">Unsere Arbeitsweise gew\u00e4hrleistet einen sicheren und sorgf\u00e4ltigen Umgang mit Informationen. Ihre Daten werden sicher verarbeitet und gespeichert, und Risiken werden von uns fr\u00fchzeitig erkannt und minimiert. <\/p>\n<p><span data-contrast=\"auto\">Informationssicherheit ist ein wesentlicher Bestandteil einer vertrauensvollen Zusammenarbeit. Mit ISO 27001 zeigen wir, dass wir dies strukturell in unserer Organisation verankert haben und kontinuierlich weiter verbessern. &nbsp;<\/span><span data-ccp-props=\"{\">&nbsp;<\/span><\/p>\n<p><span data-contrast=\"auto\">So schaffen wir eine sichere Grundlage f\u00fcr unsere Zusammenarbeit \u2013 heute und in der Zukunft.&nbsp;<\/span><span data-ccp-props=\"{\">&nbsp;<\/span><\/span><\/p>\n<\/div><div ><a class=\"fusion-button button-flat fusion-button-default-size button-default fusion-button-default button-1 fusion-button-default-span fusion-button-default-type\" style=\"--button-border-radius-top-left:100px;--button-border-radius-top-right:100px;--button-border-radius-bottom-right:100px;--button-border-radius-bottom-left:100px;\" target=\"_blank\" rel=\"noopener noreferrer\" href=\"https:\/\/nautagroup.com\/wp-content\/uploads\/2026\/05\/K-0229072-1-c-Nauta-Group-B.V.-ISO-27001.pdf\"><span class=\"fusion-button-text awb-button__text awb-button__text--default\">ISO 27001-Zertifikat herunterladen<\/span><\/a><\/div><\/div><\/div><\/div><\/div><\/p>\n","protected":false},"excerpt":{"rendered":"","protected":false},"author":6964,"featured_media":9472,"parent":0,"menu_order":0,"comment_status":"closed","ping_status":"closed","template":"100-width.php","meta":{"_acf_changed":false,"footnotes":""},"class_list":["post-9381","page","type-page","status-publish","has-post-thumbnail","hentry"],"acf":[],"_links":{"self":[{"href":"https:\/\/nautagroup.com\/de\/wp-json\/wp\/v2\/pages\/9381","targetHints":{"allow":["GET"]}}],"collection":[{"href":"https:\/\/nautagroup.com\/de\/wp-json\/wp\/v2\/pages"}],"about":[{"href":"https:\/\/nautagroup.com\/de\/wp-json\/wp\/v2\/types\/page"}],"author":[{"embeddable":true,"href":"https:\/\/nautagroup.com\/de\/wp-json\/wp\/v2\/users\/6964"}],"replies":[{"embeddable":true,"href":"https:\/\/nautagroup.com\/de\/wp-json\/wp\/v2\/comments?post=9381"}],"version-history":[{"count":3,"href":"https:\/\/nautagroup.com\/de\/wp-json\/wp\/v2\/pages\/9381\/revisions"}],"predecessor-version":[{"id":9384,"href":"https:\/\/nautagroup.com\/de\/wp-json\/wp\/v2\/pages\/9381\/revisions\/9384"}],"wp:featuredmedia":[{"embeddable":true,"href":"https:\/\/nautagroup.com\/de\/wp-json\/wp\/v2\/media\/9472"}],"wp:attachment":[{"href":"https:\/\/nautagroup.com\/de\/wp-json\/wp\/v2\/media?parent=9381"}],"curies":[{"name":"wp","href":"https:\/\/api.w.org\/{rel}","templated":true}]}}