{"id":8139,"date":"2021-03-23T16:33:20","date_gmt":"2021-03-23T15:33:20","guid":{"rendered":"https:\/\/staging.nautagroup.com\/nauta-akademie\/"},"modified":"2025-03-05T15:38:53","modified_gmt":"2025-03-05T14:38:53","slug":"nauta-akademie","status":"publish","type":"page","link":"https:\/\/nautagroup.com\/de\/nauta-akademie\/","title":{"rendered":"Nauta Akademie"},"content":{"rendered":"<p><div class=\"fusion-fullwidth fullwidth-box fusion-builder-row-1 fusion-flex-container has-pattern-background has-mask-background nonhundred-percent-fullwidth non-hundred-percent-height-scrolling\" style=\"--awb-border-radius-top-left:0px;--awb-border-radius-top-right:0px;--awb-border-radius-bottom-right:0px;--awb-border-radius-bottom-left:0px;--awb-margin-top:60px;--awb-flex-wrap:wrap;\" ><div class=\"fusion-builder-row fusion-row fusion-flex-align-items-flex-start fusion-flex-content-wrap\" style=\"max-width:1040px;margin-left: calc(-4% \/ 2 );margin-right: calc(-4% \/ 2 );\"><div class=\"fusion-layout-column fusion_builder_column fusion-builder-column-0 fusion_builder_column_1_1 1_1 fusion-flex-column\" style=\"--awb-bg-size:cover;--awb-width-large:100%;--awb-margin-top-large:0px;--awb-spacing-right-large:9.6%;--awb-margin-bottom-large:0px;--awb-spacing-left-large:9.6%;--awb-width-medium:100%;--awb-order-medium:0;--awb-spacing-right-medium:9.6%;--awb-spacing-left-medium:9.6%;--awb-width-small:100%;--awb-order-small:0;--awb-spacing-right-small:1.92%;--awb-spacing-left-small:1.92%;\"><div class=\"fusion-column-wrapper fusion-column-has-shadow fusion-flex-justify-content-flex-start fusion-content-layout-column\"><div class=\"fusion-text fusion-text-1\" style=\"--awb-font-size:1.25rem;--awb-text-font-family:&quot;Roboto&quot;;--awb-text-font-style:normal;--awb-text-font-weight:400;\"><p>Die Sicherheitsbranche ist in st\u00e4ndigem Wandel, \u00a0Innovationen folgen in schneller Folge aufeinander und die Kunden fragen zunehmend \u00a0nach umfassender Information und Beratung. Um \u00fcber die neuesten Entwicklungen und unsere neuesten Produkte auf dem Laufenden zu bleiben, organisieren wir immer wieder Produktschulungen oder -demonstrationen.<\/p>\n<\/div><div class=\"fusion-title title fusion-title-1 fusion-sep-none fusion-title-text fusion-title-size-two\"><h2 class=\"fusion-title-heading title-heading-left\" style=\"margin:0;\">Training und Experience Center<\/h2><\/div><div class=\"fusion-text fusion-text-2\"><p>Sie sind herzlich eingeladen in unser Training und Experience Center\u00a0 in Barneveld. Der Weg zu unserer speziell konzipierten Trainingsanlage f\u00fchrt durch unser Experience Centre. Hier k\u00f6nnen Sie unsere Produkte direkt sehen und ausprobieren. Wir bieten auch unseren Kunden, die keinen eigenen Ausstellungsraum haben, die M\u00f6glichkeit mit ihren eigenen Kunden zu uns in den Showroom zu kommen.<\/p>\n<\/div><\/div><\/div><\/div><\/div><div class=\"fusion-fullwidth fullwidth-box fusion-builder-row-2 fusion-flex-container has-pattern-background has-mask-background nonhundred-percent-fullwidth non-hundred-percent-height-scrolling\" style=\"--awb-border-radius-top-left:0px;--awb-border-radius-top-right:0px;--awb-border-radius-bottom-right:0px;--awb-border-radius-bottom-left:0px;--awb-padding-top:0px;--awb-padding-bottom:0px;--awb-margin-top:60px;--awb-margin-bottom:-30px;--awb-margin-top-medium:60px;--awb-background-color:var(--awb-color7);--awb-flex-wrap:wrap;\" ><div class=\"fusion-builder-row fusion-row fusion-flex-align-items-center fusion-flex-content-wrap\" style=\"max-width:1040px;margin-left: calc(-4% \/ 2 );margin-right: calc(-4% \/ 2 );\"><div class=\"fusion-layout-column fusion_builder_column fusion-builder-column-1 fusion_builder_column_1_2 1_2 fusion-flex-column\" style=\"--awb-bg-size:cover;--awb-width-large:50%;--awb-margin-top-large:0px;--awb-spacing-right-large:3.84%;--awb-margin-bottom-large:0px;--awb-spacing-left-large:3.84%;--awb-width-medium:50%;--awb-order-medium:0;--awb-spacing-right-medium:3.84%;--awb-spacing-left-medium:3.84%;--awb-width-small:100%;--awb-order-small:0;--awb-spacing-right-small:1.92%;--awb-spacing-left-small:1.92%;\" data-scroll-devices=\"small-visibility,medium-visibility,large-visibility\"><div class=\"fusion-column-wrapper fusion-column-has-shadow fusion-flex-justify-content-flex-start fusion-content-layout-column\"><div class=\"fusion-title title fusion-title-2 fusion-sep-none fusion-title-text fusion-title-size-two\"><h2 class=\"fusion-title-heading title-heading-left\" style=\"margin:0;\">Produktschulungen und -demonstrationen<\/h2><\/div><div class=\"fusion-text fusion-text-3\"><p>In der langen Geschichte von Nauta haben unsere Produkt- und Sicherheitsspezialisten ein umfangreiches Wissen und Know-how im Bereich Sicherheit aufgebaut. Die Weitergabe und das Teilen von Wissen ist uns sehr wichtig. Denn nur gemeinsam k\u00f6nnen wir das Sicherheitsbewusstsein erh\u00f6hen und die Qualit\u00e4t unserer Produkte gew\u00e4hrleisten. Diese Produktschulungen und -demonstrationen werden sowohl in unseren eigenen Gesch\u00e4ftsr\u00e4umen als auch bei Ihnen vor Ort durchgef\u00fchrt.<\/p>\n<\/div><\/div><\/div><div class=\"fusion-layout-column fusion_builder_column fusion-builder-column-2 fusion_builder_column_1_2 1_2 fusion-flex-column\" style=\"--awb-bg-size:cover;--awb-width-large:50%;--awb-margin-top-large:-30px;--awb-spacing-right-large:3.84%;--awb-margin-bottom-large:-30px;--awb-spacing-left-large:3.84%;--awb-width-medium:50%;--awb-order-medium:0;--awb-spacing-right-medium:3.84%;--awb-spacing-left-medium:3.84%;--awb-width-small:100%;--awb-order-small:0;--awb-margin-top-small:30px;--awb-spacing-right-small:1.92%;--awb-spacing-left-small:1.92%;\" data-scroll-devices=\"small-visibility,medium-visibility,large-visibility\"><div class=\"fusion-column-wrapper fusion-column-has-shadow fusion-flex-justify-content-flex-start fusion-content-layout-column\"><div class=\"fusion-image-element \" style=\"--awb-aspect-ratio:1 \/ 1;--awb-caption-title-font-family:var(--h2_typography-font-family);--awb-caption-title-font-weight:var(--h2_typography-font-weight);--awb-caption-title-font-style:var(--h2_typography-font-style);--awb-caption-title-size:var(--h2_typography-font-size);--awb-caption-title-transform:var(--h2_typography-text-transform);--awb-caption-title-line-height:var(--h2_typography-line-height);--awb-caption-title-letter-spacing:var(--h2_typography-letter-spacing);\"><span class=\" fusion-imageframe imageframe-none imageframe-1 hover-type-none has-aspect-ratio\"><img decoding=\"async\" width=\"1500\" height=\"1000\" title=\"81ccaf53-training-sleutelmachine-keyline\" src=\"https:\/\/nautagroup.com\/wp-content\/uploads\/2021\/05\/81ccaf53-training-sleutelmachine-keyline.jpg\" class=\"img-responsive wp-image-5819 img-with-aspect-ratio\" data-parent-fit=\"cover\" data-parent-container=\".fusion-image-element\" alt srcset=\"https:\/\/nautagroup.com\/wp-content\/uploads\/2021\/05\/81ccaf53-training-sleutelmachine-keyline-300x200.jpg 300w, https:\/\/nautagroup.com\/wp-content\/uploads\/2021\/05\/81ccaf53-training-sleutelmachine-keyline-768x512.jpg 768w, https:\/\/nautagroup.com\/wp-content\/uploads\/2021\/05\/81ccaf53-training-sleutelmachine-keyline-1024x683.jpg 1024w, https:\/\/nautagroup.com\/wp-content\/uploads\/2021\/05\/81ccaf53-training-sleutelmachine-keyline.jpg 1500w\" sizes=\"(max-width: 1500px) 100vw, 1500px\" \/><\/span><\/div><\/div><\/div><\/div><\/div><div class=\"fusion-fullwidth fullwidth-box fusion-builder-row-3 fusion-flex-container has-pattern-background has-mask-background nonhundred-percent-fullwidth non-hundred-percent-height-scrolling\" style=\"--awb-border-radius-top-left:0px;--awb-border-radius-top-right:0px;--awb-border-radius-bottom-right:0px;--awb-border-radius-bottom-left:0px;--awb-margin-top:60px;--awb-margin-top-small:100px;--awb-flex-wrap:wrap;\" ><div class=\"fusion-builder-row fusion-row fusion-flex-align-items-flex-start fusion-flex-content-wrap\" style=\"max-width:1040px;margin-left: calc(-4% \/ 2 );margin-right: calc(-4% \/ 2 );\"><div class=\"fusion-layout-column fusion_builder_column fusion-builder-column-3 fusion_builder_column_1_1 1_1 fusion-flex-column\" style=\"--awb-bg-size:cover;--awb-width-large:100%;--awb-margin-top-large:0px;--awb-spacing-right-large:1.92%;--awb-margin-bottom-large:0px;--awb-spacing-left-large:1.92%;--awb-width-medium:100%;--awb-order-medium:0;--awb-spacing-right-medium:1.92%;--awb-spacing-left-medium:1.92%;--awb-width-small:100%;--awb-order-small:0;--awb-spacing-right-small:1.92%;--awb-spacing-left-small:1.92%;\"><div class=\"fusion-column-wrapper fusion-column-has-shadow fusion-flex-justify-content-flex-start fusion-content-layout-column\"><div class=\"fusion-title title fusion-title-3 fusion-sep-none fusion-title-text fusion-title-size-two\"><h2 class=\"fusion-title-heading title-heading-left\" style=\"margin:0;\">PKVW Schulungen<\/h2><\/div><div class=\"fusion-text fusion-text-4\"><p>Das \u2018Politiekeurmerk Veilig Wonen\u2019 (PKVW, ein Zertifikat der Polizei f\u00fcr sicheres Wohnen) ist ein Qualit\u00e4tssiegel f\u00fcr H\u00e4user, die die Anforderungen im Bereich Einbruchschutz erf\u00fcllen. Um bestehende Geb\u00e4ude nach diesem polizeilichen Pr\u00fcfzeichen zu sichern, m\u00fcssen Sie ein anerkanntes PKVW-Unternehmen werden und Ihre Mitarbeiter m\u00fcssen den Pr\u00e4ventionsberater-Kurs beim<b><u><a href=\"https:\/\/www.soba.nl\/opleidingen\/inbraakbeveiliging\/politiekeurmerk-veilig-wonen\/overzicht\" target=\"_blank\" rel=\"noopener noreferrer\"> Studienzentrum Minerva<\/a><\/u><\/b> absolvieren. Nauta-Spezialist Gert-Jan van de Kuilen ist am Studienzentrum Minerva als Fachlehrer eingesetzt und bietet an unseren Standorten die folgenden PKVW-Schulungen an: \u201cPr\u00e4ventionsberater\u201d, \u201cVorschriften und Montage\u201d und den \u201cAuffrischungskurs\u201d.<\/p>\n<\/div><\/div><\/div><\/div><\/div><div class=\"fusion-fullwidth fullwidth-box fusion-builder-row-4 fusion-flex-container has-pattern-background has-mask-background nonhundred-percent-fullwidth non-hundred-percent-height-scrolling\" style=\"--awb-border-radius-top-left:0px;--awb-border-radius-top-right:0px;--awb-border-radius-bottom-right:0px;--awb-border-radius-bottom-left:0px;--awb-padding-top:0px;--awb-margin-top:100px;--awb-margin-bottom:100px;--awb-background-color:var(--awb-custom_color_1);--awb-flex-wrap:wrap;\" ><div class=\"fusion-builder-row fusion-row fusion-flex-align-items-center fusion-flex-content-wrap\" style=\"max-width:1040px;margin-left: calc(-4% \/ 2 );margin-right: calc(-4% \/ 2 );\"><div class=\"fusion-layout-column fusion_builder_column fusion-builder-column-4 fusion_builder_column_1_2 1_2 fusion-flex-column\" style=\"--awb-bg-size:cover;--awb-width-large:50%;--awb-margin-top-large:-30px;--awb-spacing-right-large:3.84%;--awb-margin-bottom-large:0px;--awb-spacing-left-large:3.84%;--awb-width-medium:50%;--awb-order-medium:0;--awb-spacing-right-medium:3.84%;--awb-spacing-left-medium:3.84%;--awb-width-small:100%;--awb-order-small:0;--awb-spacing-right-small:1.92%;--awb-spacing-left-small:1.92%;\" data-scroll-devices=\"small-visibility,medium-visibility,large-visibility\"><div class=\"fusion-column-wrapper fusion-column-has-shadow fusion-flex-justify-content-flex-start fusion-content-layout-column\"><div class=\"fusion-image-element \" style=\"--awb-aspect-ratio:1 \/ 1;--awb-margin-bottom:-30px;--awb-caption-title-font-family:var(--h2_typography-font-family);--awb-caption-title-font-weight:var(--h2_typography-font-weight);--awb-caption-title-font-style:var(--h2_typography-font-style);--awb-caption-title-size:var(--h2_typography-font-size);--awb-caption-title-transform:var(--h2_typography-text-transform);--awb-caption-title-line-height:var(--h2_typography-line-height);--awb-caption-title-letter-spacing:var(--h2_typography-letter-spacing);\"><span class=\" fusion-imageframe imageframe-none imageframe-2 hover-type-none has-aspect-ratio\"><img decoding=\"async\" width=\"2048\" height=\"2036\" title=\"883eadbf-nauta-opleiding-security\" src=\"https:\/\/nautagroup.com\/wp-content\/uploads\/2021\/06\/883eadbf-nauta-opleiding-security.jpg\" class=\"img-responsive wp-image-5966 img-with-aspect-ratio\" data-parent-fit=\"cover\" data-parent-container=\".fusion-image-element\" alt srcset=\"https:\/\/nautagroup.com\/wp-content\/uploads\/2021\/06\/883eadbf-nauta-opleiding-security-150x150.jpg 150w, https:\/\/nautagroup.com\/wp-content\/uploads\/2021\/06\/883eadbf-nauta-opleiding-security-300x298.jpg 300w, https:\/\/nautagroup.com\/wp-content\/uploads\/2021\/06\/883eadbf-nauta-opleiding-security-768x764.jpg 768w, https:\/\/nautagroup.com\/wp-content\/uploads\/2021\/06\/883eadbf-nauta-opleiding-security-1024x1018.jpg 1024w, https:\/\/nautagroup.com\/wp-content\/uploads\/2021\/06\/883eadbf-nauta-opleiding-security-1536x1527.jpg 1536w, https:\/\/nautagroup.com\/wp-content\/uploads\/2021\/06\/883eadbf-nauta-opleiding-security.jpg 2048w\" sizes=\"(max-width: 2048px) 100vw, 2048px\" \/><\/span><\/div><\/div><\/div><div class=\"fusion-layout-column fusion_builder_column fusion-builder-column-5 fusion_builder_column_1_2 1_2 fusion-flex-column\" style=\"--awb-bg-size:cover;--awb-width-large:50%;--awb-margin-top-large:0px;--awb-spacing-right-large:3.84%;--awb-margin-bottom-large:0px;--awb-spacing-left-large:3.84%;--awb-width-medium:50%;--awb-order-medium:0;--awb-spacing-right-medium:3.84%;--awb-spacing-left-medium:3.84%;--awb-width-small:100%;--awb-order-small:0;--awb-margin-top-small:60px;--awb-spacing-right-small:1.92%;--awb-spacing-left-small:1.92%;\" data-scroll-devices=\"small-visibility,medium-visibility,large-visibility\"><div class=\"fusion-column-wrapper fusion-column-has-shadow fusion-flex-justify-content-flex-start fusion-content-layout-column\"><div class=\"fusion-title title fusion-title-4 fusion-sep-none fusion-title-text fusion-title-size-three\" style=\"--awb-text-color:var(--awb-color1);\"><h3 class=\"fusion-title-heading title-heading-left\" style=\"margin:0;\">Kooperation Bildung<\/h3><\/div><div class=\"fusion-text fusion-text-5\" style=\"--awb-text-color:var(--awb-color1);\"><p>Nauta arbeitet eng mit Tr\u00e4gern von Berufsausbildungen zusammen. Wir nehmen regelm\u00e4\u00dfig Studenten aus verschiedenen (Sicherheits-)Bildungsprogrammen auf. Unsere Sicherheitsspezialisten f\u00fchren die Studenten in die Praxis ein und informieren sie \u00fcber die neuesten Entwicklungen in Bezug auf Sicherheitsprodukte, Zertifizierungen, Vorschriften und richtigen Einbruchschutz. Eine wertvolle Kooperation, in der wir die Theorie mit der Praxis verbinden.<\/p>\n<\/div><\/div><\/div><\/div><\/div><\/p>\n","protected":false},"excerpt":{"rendered":"","protected":false},"author":6942,"featured_media":5963,"parent":0,"menu_order":0,"comment_status":"closed","ping_status":"closed","template":"100-width.php","meta":{"_acf_changed":false,"footnotes":""},"class_list":["post-8139","page","type-page","status-publish","has-post-thumbnail","hentry"],"acf":[],"_links":{"self":[{"href":"https:\/\/nautagroup.com\/de\/wp-json\/wp\/v2\/pages\/8139","targetHints":{"allow":["GET"]}}],"collection":[{"href":"https:\/\/nautagroup.com\/de\/wp-json\/wp\/v2\/pages"}],"about":[{"href":"https:\/\/nautagroup.com\/de\/wp-json\/wp\/v2\/types\/page"}],"author":[{"embeddable":true,"href":"https:\/\/nautagroup.com\/de\/wp-json\/wp\/v2\/users\/6942"}],"replies":[{"embeddable":true,"href":"https:\/\/nautagroup.com\/de\/wp-json\/wp\/v2\/comments?post=8139"}],"version-history":[{"count":3,"href":"https:\/\/nautagroup.com\/de\/wp-json\/wp\/v2\/pages\/8139\/revisions"}],"predecessor-version":[{"id":8144,"href":"https:\/\/nautagroup.com\/de\/wp-json\/wp\/v2\/pages\/8139\/revisions\/8144"}],"wp:featuredmedia":[{"embeddable":true,"href":"https:\/\/nautagroup.com\/de\/wp-json\/wp\/v2\/media\/5963"}],"wp:attachment":[{"href":"https:\/\/nautagroup.com\/de\/wp-json\/wp\/v2\/media?parent=8139"}],"curies":[{"name":"wp","href":"https:\/\/api.w.org\/{rel}","templated":true}]}}