{"id":8131,"date":"2021-03-23T16:47:39","date_gmt":"2021-03-23T15:47:39","guid":{"rendered":"https:\/\/staging.nautagroup.com\/service-und-support\/"},"modified":"2025-03-05T14:05:28","modified_gmt":"2025-03-05T13:05:28","slug":"service-und-support","status":"publish","type":"page","link":"https:\/\/nautagroup.com\/de\/service-und-support\/","title":{"rendered":"Service und Support"},"content":{"rendered":"<p><div class=\"fusion-fullwidth fullwidth-box fusion-builder-row-1 fusion-flex-container has-pattern-background has-mask-background nonhundred-percent-fullwidth non-hundred-percent-height-scrolling\" style=\"--awb-border-radius-top-left:0px;--awb-border-radius-top-right:0px;--awb-border-radius-bottom-right:0px;--awb-border-radius-bottom-left:0px;--awb-margin-top:60px;--awb-flex-wrap:wrap;\" ><div class=\"fusion-builder-row fusion-row fusion-flex-align-items-flex-start fusion-flex-content-wrap\" style=\"max-width:1040px;margin-left: calc(-4% \/ 2 );margin-right: calc(-4% \/ 2 );\"><div class=\"fusion-layout-column fusion_builder_column fusion-builder-column-0 fusion_builder_column_1_1 1_1 fusion-flex-column\" style=\"--awb-bg-size:cover;--awb-width-large:100%;--awb-margin-top-large:0px;--awb-spacing-right-large:9.6%;--awb-margin-bottom-large:0px;--awb-spacing-left-large:9.6%;--awb-width-medium:100%;--awb-order-medium:0;--awb-spacing-right-medium:9.6%;--awb-spacing-left-medium:9.6%;--awb-width-small:100%;--awb-order-small:0;--awb-spacing-right-small:1.92%;--awb-spacing-left-small:1.92%;\"><div class=\"fusion-column-wrapper fusion-column-has-shadow fusion-flex-justify-content-flex-start fusion-content-layout-column\"><div class=\"fusion-text fusion-text-1\" style=\"--awb-font-size:1.25rem;--awb-text-font-family:&quot;Roboto&quot;;--awb-text-font-style:normal;--awb-text-font-weight:400;\"><p>Mit unseren verschiedenen Service- &amp; Supportabteilungen bieten wir den Service, der genau zu Ihnen passt und den Sie als unser Partner auch erwarten d\u00fcrfen. Jede dieser Abteilungen kann Ihre Fragen beantworten, Ihnen helfen und mit Ihnen mitdenken. <\/p>\n<\/div><\/div><\/div><\/div><\/div><div class=\"fusion-fullwidth fullwidth-box fusion-builder-row-2 fusion-flex-container has-pattern-background has-mask-background nonhundred-percent-fullwidth non-hundred-percent-height-scrolling\" style=\"--awb-border-radius-top-left:0px;--awb-border-radius-top-right:0px;--awb-border-radius-bottom-right:0px;--awb-border-radius-bottom-left:0px;--awb-padding-top:0px;--awb-margin-top:100px;--awb-background-color:var(--awb-custom_color_1);--awb-flex-wrap:wrap;\" ><div class=\"fusion-builder-row fusion-row fusion-flex-align-items-center fusion-flex-content-wrap\" style=\"max-width:1040px;margin-left: calc(-4% \/ 2 );margin-right: calc(-4% \/ 2 );\"><div class=\"fusion-layout-column fusion_builder_column fusion-builder-column-1 fusion_builder_column_1_2 1_2 fusion-flex-column\" style=\"--awb-bg-size:cover;--awb-width-large:50%;--awb-margin-top-large:-30px;--awb-spacing-right-large:3.84%;--awb-margin-bottom-large:0px;--awb-spacing-left-large:3.84%;--awb-width-medium:50%;--awb-order-medium:0;--awb-spacing-right-medium:3.84%;--awb-spacing-left-medium:3.84%;--awb-width-small:100%;--awb-order-small:0;--awb-spacing-right-small:1.92%;--awb-spacing-left-small:1.92%;\"><div class=\"fusion-column-wrapper fusion-column-has-shadow fusion-flex-justify-content-flex-start fusion-content-layout-column\"><div class=\"fusion-image-element \" style=\"--awb-aspect-ratio:1 \/ 1;--awb-margin-bottom:-30px;--awb-caption-title-font-family:var(--h2_typography-font-family);--awb-caption-title-font-weight:var(--h2_typography-font-weight);--awb-caption-title-font-style:var(--h2_typography-font-style);--awb-caption-title-size:var(--h2_typography-font-size);--awb-caption-title-transform:var(--h2_typography-text-transform);--awb-caption-title-line-height:var(--h2_typography-line-height);--awb-caption-title-letter-spacing:var(--h2_typography-letter-spacing);\"><span class=\" fusion-imageframe imageframe-none imageframe-1 hover-type-none has-aspect-ratio\"><img decoding=\"async\" width=\"2048\" height=\"1365\" title=\"2c30d606-img_7137\" src=\"https:\/\/nautagroup.com\/wp-content\/uploads\/2021\/04\/2c30d606-img_7137.jpg\" class=\"img-responsive wp-image-5633 img-with-aspect-ratio\" data-parent-fit=\"cover\" data-parent-container=\".fusion-image-element\" alt srcset=\"https:\/\/nautagroup.com\/wp-content\/uploads\/2021\/04\/2c30d606-img_7137-300x200.jpg 300w, https:\/\/nautagroup.com\/wp-content\/uploads\/2021\/04\/2c30d606-img_7137-768x512.jpg 768w, https:\/\/nautagroup.com\/wp-content\/uploads\/2021\/04\/2c30d606-img_7137-1024x683.jpg 1024w, https:\/\/nautagroup.com\/wp-content\/uploads\/2021\/04\/2c30d606-img_7137-1536x1024.jpg 1536w, https:\/\/nautagroup.com\/wp-content\/uploads\/2021\/04\/2c30d606-img_7137.jpg 2048w\" sizes=\"(max-width: 2048px) 100vw, 2048px\" \/><\/span><\/div><\/div><\/div><div class=\"fusion-layout-column fusion_builder_column fusion-builder-column-2 fusion_builder_column_1_2 1_2 fusion-flex-column\" style=\"--awb-bg-size:cover;--awb-width-large:50%;--awb-margin-top-large:0px;--awb-spacing-right-large:3.84%;--awb-margin-bottom-large:0px;--awb-spacing-left-large:3.84%;--awb-width-medium:50%;--awb-order-medium:0;--awb-spacing-right-medium:3.84%;--awb-spacing-left-medium:3.84%;--awb-width-small:100%;--awb-order-small:0;--awb-margin-top-small:60px;--awb-spacing-right-small:1.92%;--awb-spacing-left-small:1.92%;\"><div class=\"fusion-column-wrapper fusion-column-has-shadow fusion-flex-justify-content-flex-start fusion-content-layout-column\"><div class=\"fusion-title title fusion-title-1 fusion-sep-none fusion-title-text fusion-title-size-three\" style=\"--awb-text-color:var(--awb-color1);\"><h3 class=\"fusion-title-heading title-heading-left\" style=\"margin:0;\"><span style=\"font-weight: normal;\">Tresorfach-Service<\/span><\/h3><\/div><div class=\"fusion-text fusion-text-2\" style=\"--awb-text-color:var(--awb-color1);\"><p>Unsere Tresor-Spezialisten stehen an sieben Tagen in der Woche bei St\u00f6rungen und f\u00fcr Wartungsarbeiten an Ihrem Produkt bereit. Mit unserem Servicenetz sind wir sowohl in den Benelux-L\u00e4ndern als auch in Deutschland schnell vor Ort. Wenn Sie Ihren Tresor nicht \u00f6ffnen k\u00f6nnen, Probleme mit dem Tresorschloss oder eine andere technische Frage haben, k\u00f6nnen Sie dies \u00fcber unser <u>Serviceformular<\/u> melden.   <\/p>\n<p>Das Serviceteam arbeitet auch eng mit unserer F&amp;E-Abteilung bei der Entwicklung kundenspezifischer Produkte und bei der Umstellung bestehender L\u00f6sungen auf Ihre Bed\u00fcrfnisse zusammen.<\/p>\n<\/div><\/div><\/div><\/div><\/div><div class=\"fusion-fullwidth fullwidth-box fusion-builder-row-3 fusion-flex-container has-pattern-background has-mask-background nonhundred-percent-fullwidth non-hundred-percent-height-scrolling\" style=\"--awb-border-radius-top-left:0px;--awb-border-radius-top-right:0px;--awb-border-radius-bottom-right:0px;--awb-border-radius-bottom-left:0px;--awb-padding-top:60px;--awb-flex-wrap:wrap;\" ><div class=\"fusion-builder-row fusion-row fusion-flex-align-items-flex-start fusion-flex-content-wrap\" style=\"max-width:1040px;margin-left: calc(-4% \/ 2 );margin-right: calc(-4% \/ 2 );\"><div class=\"fusion-layout-column fusion_builder_column fusion-builder-column-3 fusion_builder_column_1_1 1_1 fusion-flex-column\" style=\"--awb-bg-size:cover;--awb-width-large:100%;--awb-margin-top-large:0px;--awb-spacing-right-large:9.6%;--awb-margin-bottom-large:0px;--awb-spacing-left-large:9.6%;--awb-width-medium:100%;--awb-order-medium:0;--awb-spacing-right-medium:9.6%;--awb-spacing-left-medium:9.6%;--awb-width-small:100%;--awb-order-small:0;--awb-spacing-right-small:1.92%;--awb-spacing-left-small:1.92%;\"><div class=\"fusion-column-wrapper fusion-column-has-shadow fusion-flex-justify-content-flex-start fusion-content-layout-column\"><div class=\"fusion-title title fusion-title-2 fusion-sep-none fusion-title-text fusion-title-size-two\"><h2 class=\"fusion-title-heading title-heading-left\" style=\"margin:0;\">F&amp;E-Abteilung<\/h2><\/div><div class=\"fusion-text fusion-text-3\"><p>Neue Trends im Bereich der Sicherheit, neue Produktionsmethoden oder neue Vorschriften? Wir von der Nauta Gruppe sind schon dabei. Sowohl im Bereich der Scharniere als auch bei Schl\u00f6ssern und Tresoren haben wir Produktentwickler mit viel technischem Wissen im Haus. Jeden Tag arbeiten sie an der Weiterentwicklung der Produktpalette und dem Design neuer Produkte. Ihr technisches Wissen und ihre Kreativit\u00e4t wird mit der Expertise von Kollegen aus dem Fachbereich kombiniert. Dar\u00fcber hinaus arbeiten sie eng mit dem Auftraggeber zusammen.   <\/p>\n<\/div><div class=\"fusion-text fusion-text-4\" style=\"--awb-content-alignment:right;--awb-text-color:var(--awb-color5);\"><p><a href=\"https:\/\/nautagroup.com\/de\/innovation\/\"><u><span style=\"color: #00376a;\"><b>Mehr dazu<\/b><\/span><\/u><\/a><\/p>\n<\/div><\/div><\/div><\/div><\/div><div class=\"fusion-fullwidth fullwidth-box fusion-builder-row-4 fusion-flex-container has-pattern-background has-mask-background nonhundred-percent-fullwidth non-hundred-percent-height-scrolling\" style=\"--awb-border-radius-top-left:0px;--awb-border-radius-top-right:0px;--awb-border-radius-bottom-right:0px;--awb-border-radius-bottom-left:0px;--awb-padding-top:0px;--awb-padding-bottom:0px;--awb-padding-top-small:30px;--awb-margin-top:60px;--awb-margin-bottom:-30px;--awb-background-color:var(--awb-color7);--awb-flex-wrap:wrap;\" ><div class=\"fusion-builder-row fusion-row fusion-flex-align-items-center fusion-flex-content-wrap\" style=\"max-width:1040px;margin-left: calc(-4% \/ 2 );margin-right: calc(-4% \/ 2 );\"><div class=\"fusion-layout-column fusion_builder_column fusion-builder-column-4 fusion_builder_column_1_2 1_2 fusion-flex-column\" style=\"--awb-bg-size:cover;--awb-width-large:50%;--awb-margin-top-large:0px;--awb-spacing-right-large:3.84%;--awb-margin-bottom-large:0px;--awb-spacing-left-large:3.84%;--awb-width-medium:50%;--awb-order-medium:0;--awb-spacing-right-medium:3.84%;--awb-spacing-left-medium:3.84%;--awb-width-small:100%;--awb-order-small:0;--awb-spacing-right-small:1.92%;--awb-spacing-left-small:1.92%;\"><div class=\"fusion-column-wrapper fusion-column-has-shadow fusion-flex-justify-content-flex-start fusion-content-layout-column\"><div class=\"fusion-title title fusion-title-3 fusion-sep-none fusion-title-text fusion-title-size-three\"><h3 class=\"fusion-title-heading title-heading-left\" style=\"margin:0;\"><span style=\"font-weight: normal;\">Zylinder- und Schl\u00fcsselservice<\/span><\/h3><\/div><div class=\"fusion-text fusion-text-5\"><p>Zur Erstellung von mechanischen und elektromechanischen Schl\u00fcsselpl\u00e4nen f\u00fcr Wohnh\u00e4user\/Wohnanlagen, B\u00fcros, Hotels, Schulen und andere \u00f6ffentliche und beh\u00f6rdliche Einrichtungen k\u00f6nnen Sie sich an unsere Schl\u00fcsselspezialisten wenden. Dies kann von einem Satz von Einzelschlie\u00dfzylindern bis hin zu einem mittelgro\u00dfen oder komplexen Schl\u00fcsselplan f\u00fcr mehr als 100 T\u00fcren reichen. Wir versorgen Sie auch mit jeglicher Art neuer Schl\u00fcssel, f\u00fchren die Wartung Ihrer Schl\u00fcsselmaschine durch und erledigen Notreparaturen noch am selben Tag.   <\/p>\n<\/div><\/div><\/div><div class=\"fusion-layout-column fusion_builder_column fusion-builder-column-5 fusion_builder_column_1_2 1_2 fusion-flex-column\" style=\"--awb-bg-size:cover;--awb-width-large:50%;--awb-margin-top-large:-30px;--awb-spacing-right-large:3.84%;--awb-margin-bottom-large:-30px;--awb-spacing-left-large:3.84%;--awb-width-medium:50%;--awb-order-medium:0;--awb-spacing-right-medium:3.84%;--awb-spacing-left-medium:3.84%;--awb-width-small:100%;--awb-order-small:0;--awb-margin-top-small:30px;--awb-spacing-right-small:1.92%;--awb-spacing-left-small:1.92%;\"><div class=\"fusion-column-wrapper fusion-column-has-shadow fusion-flex-justify-content-flex-start fusion-content-layout-column\"><div class=\"fusion-image-element \" style=\"--awb-aspect-ratio:1 \/ 1;--awb-caption-title-font-family:var(--h2_typography-font-family);--awb-caption-title-font-weight:var(--h2_typography-font-weight);--awb-caption-title-font-style:var(--h2_typography-font-style);--awb-caption-title-size:var(--h2_typography-font-size);--awb-caption-title-transform:var(--h2_typography-text-transform);--awb-caption-title-line-height:var(--h2_typography-line-height);--awb-caption-title-letter-spacing:var(--h2_typography-letter-spacing);\"><span class=\" fusion-imageframe imageframe-none imageframe-2 hover-type-none has-aspect-ratio\"><img decoding=\"async\" width=\"1000\" height=\"663\" title=\"NinjaVortex_decodeDetail_Preview_large1000\" src=\"https:\/\/nautagroup.com\/wp-content\/uploads\/2021\/05\/ecced032-ninjavortex_decodedetail_preview_large1000.jpg\" class=\"img-responsive wp-image-5831 img-with-aspect-ratio\" data-parent-fit=\"cover\" data-parent-container=\".fusion-image-element\" alt srcset=\"https:\/\/nautagroup.com\/wp-content\/uploads\/2021\/05\/ecced032-ninjavortex_decodedetail_preview_large1000-300x199.jpg 300w, https:\/\/nautagroup.com\/wp-content\/uploads\/2021\/05\/ecced032-ninjavortex_decodedetail_preview_large1000-768x509.jpg 768w, https:\/\/nautagroup.com\/wp-content\/uploads\/2021\/05\/ecced032-ninjavortex_decodedetail_preview_large1000.jpg 1000w\" sizes=\"(max-width: 1000px) 100vw, 1000px\" \/><\/span><\/div><\/div><\/div><\/div><\/div><div class=\"fusion-fullwidth fullwidth-box fusion-builder-row-5 fusion-flex-container has-pattern-background has-mask-background nonhundred-percent-fullwidth non-hundred-percent-height-scrolling\" style=\"--awb-border-radius-top-left:0px;--awb-border-radius-top-right:0px;--awb-border-radius-bottom-right:0px;--awb-border-radius-bottom-left:0px;--awb-padding-top:100px;--awb-padding-bottom:30px;--awb-flex-wrap:wrap;\" ><div class=\"fusion-builder-row fusion-row fusion-flex-align-items-flex-start fusion-flex-content-wrap\" style=\"max-width:1040px;margin-left: calc(-4% \/ 2 );margin-right: calc(-4% \/ 2 );\"><div class=\"fusion-layout-column fusion_builder_column fusion-builder-column-6 fusion_builder_column_1_1 1_1 fusion-flex-column\" style=\"--awb-bg-size:cover;--awb-width-large:100%;--awb-margin-top-large:0px;--awb-spacing-right-large:9.6%;--awb-margin-bottom-large:0px;--awb-spacing-left-large:9.6%;--awb-width-medium:100%;--awb-order-medium:0;--awb-spacing-right-medium:9.6%;--awb-spacing-left-medium:1.92%;--awb-width-small:100%;--awb-order-small:0;--awb-spacing-right-small:1.92%;--awb-spacing-left-small:1.92%;\"><div class=\"fusion-column-wrapper fusion-column-has-shadow fusion-flex-justify-content-flex-start fusion-content-layout-column\"><div class=\"fusion-title title fusion-title-4 fusion-sep-none fusion-title-text fusion-title-size-two\"><h2 class=\"fusion-title-heading title-heading-left\" style=\"margin:0;\">Marketing und Datenmanagement<\/h2><\/div><div class=\"fusion-text fusion-text-6\"><p>Die Nauta Gruppe verf\u00fcgt \u00fcber ein Team von Marketing- und Datenexperten, das t\u00e4glich f\u00fcr unsere Kunden in den Niederlanden, Belgien, Frankreich und Deutschland da ist. Diese Experten versorgen unsere Kunden mit den richtigen Produktdaten f\u00fcr die eigenen Vertriebskan\u00e4le und bieten pers\u00f6nliche Unterst\u00fctzung f\u00fcr Online- oder Offline-Marketing. <\/p>\n<\/div><\/div><\/div><\/div><\/div><\/p>\n","protected":false},"excerpt":{"rendered":"","protected":false},"author":6942,"featured_media":5636,"parent":0,"menu_order":0,"comment_status":"closed","ping_status":"closed","template":"100-width.php","meta":{"_acf_changed":false,"footnotes":""},"class_list":["post-8131","page","type-page","status-publish","has-post-thumbnail","hentry"],"acf":[],"_links":{"self":[{"href":"https:\/\/nautagroup.com\/de\/wp-json\/wp\/v2\/pages\/8131","targetHints":{"allow":["GET"]}}],"collection":[{"href":"https:\/\/nautagroup.com\/de\/wp-json\/wp\/v2\/pages"}],"about":[{"href":"https:\/\/nautagroup.com\/de\/wp-json\/wp\/v2\/types\/page"}],"author":[{"embeddable":true,"href":"https:\/\/nautagroup.com\/de\/wp-json\/wp\/v2\/users\/6942"}],"replies":[{"embeddable":true,"href":"https:\/\/nautagroup.com\/de\/wp-json\/wp\/v2\/comments?post=8131"}],"version-history":[{"count":2,"href":"https:\/\/nautagroup.com\/de\/wp-json\/wp\/v2\/pages\/8131\/revisions"}],"predecessor-version":[{"id":8133,"href":"https:\/\/nautagroup.com\/de\/wp-json\/wp\/v2\/pages\/8131\/revisions\/8133"}],"wp:featuredmedia":[{"embeddable":true,"href":"https:\/\/nautagroup.com\/de\/wp-json\/wp\/v2\/media\/5636"}],"wp:attachment":[{"href":"https:\/\/nautagroup.com\/de\/wp-json\/wp\/v2\/media?parent=8131"}],"curies":[{"name":"wp","href":"https:\/\/api.w.org\/{rel}","templated":true}]}}